{"id":31962,"date":"2024-11-25T16:17:21","date_gmt":"2024-11-25T15:17:21","guid":{"rendered":"https:\/\/juniorfritzjacquet.com\/jfj\/?page_id=31962"},"modified":"2024-11-25T16:47:43","modified_gmt":"2024-11-25T15:47:43","slug":"le-lieu-ancienne-patinoire-de-saint-ouen","status":"publish","type":"page","link":"https:\/\/juniorfritzjacquet.com\/jfj\/exposition-signature-jfj\/le-lieu-ancienne-patinoire-de-saint-ouen\/","title":{"rendered":"Le lieu : Ancienne Patinoire de Saint-Ouen"},"content":{"rendered":"<p>[vc_row disable_background_image=\u00a0\u00bb\u00a0\u00bb css=\u00a0\u00bb.vc_custom_1693761847051{background-color: #fbfbfc !important;}\u00a0\u00bb][vc_column css=\u00a0\u00bb.vc_custom_1489050628197{padding-top: 0px !important;}\u00a0\u00bb][rev_slider_vc alias=\u00a0\u00bbsliderexpo1-11&Prime;][\/vc_column][\/vc_row][vc_row content_text_aligment=\u00a0\u00bbcenter\u00a0\u00bb disable_background_image=\u00a0\u00bb680&Prime; css=\u00a0\u00bb.vc_custom_1695896704520{padding-top: 63px !important;padding-bottom: 26px !important;background-image: url(http:\/\/koto.elated-themes.com\/wp-content\/uploads\/2017\/02\/h1-background-1.jpg?id=3682) !important;background-position: 0 0 !important;background-repeat: no-repeat !important;}\u00a0\u00bb][vc_column][vc_row_inner row_content_width=\u00a0\u00bbgrid\u00a0\u00bb disable_background_image=\u00a0\u00bb\u00a0\u00bb][vc_column_inner]<div class=\"eltdf-section-title-holder eltdf-separator-marquee eltdf-default-separator-image\" style=\"padding-left: 14%;padding-right: 14%;text-align: center\">\n\t\t\t<h2 class=\"eltdf-st-title\" >\n\t\t\t<span>Une plong\u00e9e artistique dans un lieu charg\u00e9 d\u2019histoire<\/span>\n\t\t<\/h2>\n\t\t\t\t<div class=\"eltdf-st-separator\" >\n\t\t\t\t\t\t\t<img decoding=\"async\" itemprop=\"image\" class=\"eltdf-st-separator-image\" src=\"https:\/\/juniorfritzjacquet.com\/jfj\/wp-content\/plugins\/eltdf-core\/shortcodes\/section-title\/assets\/img\/section-title.svg\" alt=\"Section Title Separator\" \/>\n\t\t\t\t\t<\/div>\n\t\t<\/div>[vc_column_text]Une exposition immersive dans un lieu unique : l&rsquo;ancienne Patinoire de Saint Ouen cr\u00e9e par l&rsquo;architecte Paul Chemetov, un lieu charg\u00e9 de souvenir ![\/vc_column_text][\/vc_column_inner][\/vc_row_inner][\/vc_column][\/vc_row][vc_row disable_background_image=\u00a0\u00bb1280&Prime; css=\u00a0\u00bb.vc_custom_1694616410450{padding-top: 61px !important;background: #ededed url(http:\/\/koto.elated-themes.com\/wp-content\/uploads\/2017\/02\/h1-background-4.jpg?id=3814) !important;background-position: center !important;background-repeat: no-repeat !important;background-size: cover !important;}\u00a0\u00bb][vc_column][vc_row_inner row_content_width=\u00a0\u00bbgrid\u00a0\u00bb content_text_aligment=\u00a0\u00bbleft\u00a0\u00bb disable_background_image=\u00a0\u00bb\u00a0\u00bb][vc_column_inner offset=\u00a0\u00bbvc_col-lg-6 vc_col-md-12&Prime;]<div class=\"eltdf-section-title-holder eltdf-separator-marquee eltdf-default-separator-image\" style=\"padding-right: 10%;text-align: left\">\n\t\t\t<h2 class=\"eltdf-st-title\" >\n\t\t\t<span>Espace Saint-Pierre des Minimes<\/span>\n\t\t<\/h2>\n\t\t\t<\/div>[vc_column_text]<\/p>\n<h3>Exposition \u00e0 \u00ab La Patinoire \u00bb b\u00e2timent Paul Chemetov<\/h3>\n<p><strong>Adresse de l\u2019exposition :<\/strong>\u00a0L\u2019Oc\u00e9an de L\u00e9a, 4 Rue du Dr Bauer, 93400 Saint-Ouen-sur-Seine<\/p>\n<p><strong>M\u00e9tro<\/strong>\u00a0: arr\u00eat Marie de saint-Ouen, ligne 13 et 14<\/p>\n<p><strong>Bus<\/strong>\u00a0: arr\u00eat Mairie de Saint-Ouen \u2013 R\u00e9publique, bus N\u00b085, 173 et 274<\/p>\n<p><strong>Voiture<\/strong>\u00a0: acc\u00e8s autoroute A1, A86, P\u00e9riph\u00e9rique Porte de Saint-Ouen<\/p>\n<p><strong>Votre itin\u00e9raire<\/strong>\u00a0depuis Google Map\u00a0<a href=\"https:\/\/www.google.com\/maps\/dir\/\/L'Oc%C3%A9an+de+L%C3%A9a+4+Rue+du+Dr+Bauer+93400+Saint-Ouen-sur-Seine\/@48.9121646,2.3356693,16z\/data=!4m8!4m7!1m0!1m5!1m1!1s0x47e66f00344432b1:0x69204d92bc8bf686!2m2!1d2.3356693!2d48.9121646?entry=ttu&amp;g_ep=EgoyMDI0MTEwNi4wIKXMDSoASAFQAw%3D%3D\">ici<\/a><\/p>\n<p>Pour plus d\u2019information n\u2019h\u00e9sitez pas \u00e0 nous contacter[\/vc_column_text][\/vc_column_inner][vc_column_inner css=\u00a0\u00bb.vc_custom_1487588034325{padding-left: 6% !important;}\u00a0\u00bb offset=\u00a0\u00bbvc_col-lg-6 vc_col-md-12&Prime;][vc_single_image image=\u00a0\u00bb31700&Prime; img_size=\u00a0\u00bbfull\u00a0\u00bb][\/vc_column_inner][\/vc_row_inner][\/vc_column][\/vc_row][vc_row disable_background_image=\u00a0\u00bb\u00a0\u00bb][vc_column][vc_row_inner row_content_width=\u00a0\u00bbgrid\u00a0\u00bb disable_background_image=\u00a0\u00bb\u00a0\u00bb][vc_column_inner][vc_column_text]<\/p>\n<h3>Histoire de la Patinoire de Saint-Ouen<\/h3>\n<p>Le b\u00e2timent de la patinoire de Saint-Ouen a \u00e9t\u00e9 cr\u00e9\u00e9 par l&rsquo;architecte Paul Chemetov. Il f\u00fbt inaugur\u00e9 le 25 octobre 1980 apr\u00e8s quelques ann\u00e9es de travaux et interruptions. La patinoire \u00e0 Saint-Ouen pouvait accueillir pr\u00e8s 400 personnes. Vous pouviez vous lancer sur cette piste de 56 m sur 26 m. D\u00e9couvrez l&rsquo;histoire de la patinoire de Saint-Ouen, son architecture et son usage actuel.<\/p>\n<p>La patinoire de Saint-Ouen a d\u00e9finitivement ferm\u00e9 en 2022. Ce b\u00e2timent est class\u00e9 comme patrimoine remarquable. Des consultations ont \u00e9t\u00e9 men\u00e9es pour d\u00e9terminer comment utiliser au mieux ce lieu. Il a \u00e9t\u00e9 d\u00e9cid\u00e9 qu&rsquo;il accueillerait d\u00e9sormais des \u00e9v\u00e9nements ! Le premier \u00e9v\u00e9nement \u00e0 \u00eatre organis\u00e9 \u00e0 la patinoire est l&rsquo;exposition street art Urbain de Paname en 2022\/2023.<\/p>\n<p>Aujourd&rsquo;hui nous avons le bonheur de cr\u00e9er l&rsquo;exposition Oc\u00e9an de L\u00e9a, une exposition signature Junior Fritz jacquet, l&rsquo;artiste sculpteur va transformer l&rsquo;unique piste de 56 x 26m, disposant d\u2019une hauteur\u00a0sous poutres de 7m, ceintur\u00e9e par une circulation p\u00e9riph\u00e9rique d\u2019environ 1,5m de largeur, en un univers aquatique sublime.[\/vc_column_text][vc_column_text css=\u00a0\u00bb.vc_custom_1732549466773{margin-bottom: 20px !important;}\u00a0\u00bb]<\/p>\n<h3>Les espaces de la patinoire qui seront m\u00e9tamorphos\u00e9s dans le cadre de l&rsquo;exposition Oc\u00e9an de L\u00e9a<\/h3>\n<p>[\/vc_column_text][vc_masonry_media_grid grid_id=\u00a0\u00bbvc_gid:1732549475021-accc98c7-dccb-2&Prime; include=\u00a0\u00bb31711,31700,31967,31968&Prime;][\/vc_column_inner][\/vc_row_inner][\/vc_column][\/vc_row][vc_row content_text_aligment=\u00a0\u00bbcenter\u00a0\u00bb disable_background_image=\u00a0\u00bb680&Prime; css=\u00a0\u00bb.vc_custom_1693944395859{padding-top: 62px !important;padding-bottom: 81px !important;background-image: url(https:\/\/juniorfritzjacquet.com\/jfj\/wp-content\/uploads\/2017\/03\/h8-img-3.png?id=6562) !important;background-position: 0 0 !important;background-repeat: no-repeat !important;}\u00a0\u00bb][vc_column][vc_row_inner row_content_width=\u00a0\u00bbgrid\u00a0\u00bb disable_background_image=\u00a0\u00bb\u00a0\u00bb][vc_column_inner]<div class=\"eltdf-section-title-holder eltdf-separator-marquee eltdf-default-separator-image\" style=\"padding-left: 34%;padding-right: 34%;text-align: center\">\n\t\t\t<h2 class=\"eltdf-st-title\" >\n\t\t\t<span>Nous contacter<\/span>\n\t\t<\/h2>\n\t\t\t\t<div class=\"eltdf-st-separator\" >\n\t\t\t\t\t\t\t<img decoding=\"async\" itemprop=\"image\" class=\"eltdf-st-separator-image\" src=\"https:\/\/juniorfritzjacquet.com\/jfj\/wp-content\/plugins\/eltdf-core\/shortcodes\/section-title\/assets\/img\/section-title.svg\" alt=\"Section Title Separator\" \/>\n\t\t\t\t\t<\/div>\n\t\t<\/div>[\/vc_column_inner][\/vc_row_inner][\/vc_column][\/vc_row][vc_row disable_background_image=\u00a0\u00bb\u00a0\u00bb css=\u00a0\u00bb.vc_custom_1732549697659{padding-top: 40px !important;background-image: url(https:\/\/juniorfritzjacquet.com\/jfj\/wp-content\/uploads\/2024\/10\/expo-oceandelea-fond-1.jpg?id=31713) !important;}\u00a0\u00bb][vc_column width=\u00a0\u00bb1\/2&Prime; css=\u00a0\u00bb.vc_custom_1693857560196{padding-left: 60px !important;}\u00a0\u00bb]<div class=\"eltdf-section-title-holder eltdf-default-separator-image\" >\n\t\t\t<h2 class=\"eltdf-st-title\" style=\"color: #ffffff\">\n\t\t\t<span>R\u00e9servez un temps de visite avec l&#039;artiste !<\/span>\n\t\t<\/h2>\n\t\t\t<\/div>[vc_column_text]<span style=\"color: #ffffff;\">Restez inform\u00e9s sur l&rsquo;exposition<\/span><\/p>\n<p><span style=\"color: #ffffff;\">Espace Saint-Pierre des Minimes<\/span><\/p>\n<p><span class=\"LrzXr\" style=\"color: #ffffff;\">Imp. Laly, 60200 Compi\u00e8gne<\/span><\/p>\n<p><span style=\"color: #ffffff;\">Tel : 06 17 06 52 82<\/span><\/p>\n<p><span style=\"color: #ffffff;\">Email : contact@juniorfritzjacquet.com<\/span>[\/vc_column_text][\/vc_column][vc_column width=\u00a0\u00bb1\/2&Prime; css=\u00a0\u00bb.vc_custom_1693857577506{padding-right: 60px !important;}\u00a0\u00bb]<div role=\"form\" class=\"wpcf7\" id=\"wpcf7-f29135-o1\" lang=\"fr-FR\" dir=\"ltr\">\n<div class=\"screen-reader-response\"><\/div>\n<form action=\"\/jfj\/wp-json\/wp\/v2\/pages\/31962#wpcf7-f29135-o1\" method=\"post\" class=\"wpcf7-form cf7_custom_style_1\" novalidate=\"novalidate\">\n<div style=\"display: none;\">\n<input type=\"hidden\" name=\"_wpcf7\" value=\"29135\" \/>\n<input type=\"hidden\" name=\"_wpcf7_version\" value=\"5.1.5\" \/>\n<input type=\"hidden\" name=\"_wpcf7_locale\" value=\"fr_FR\" \/>\n<input type=\"hidden\" name=\"_wpcf7_unit_tag\" value=\"wpcf7-f29135-o1\" \/>\n<input type=\"hidden\" name=\"_wpcf7_container_post\" value=\"0\" \/>\n<\/div>\n<div style=\"wdth:50%\">\n<label> Votre nom (obligatoire)<br \/>\n    <span class=\"wpcf7-form-control-wrap your-name\"><input type=\"text\" name=\"your-name\" value=\"\" size=\"40\" class=\"wpcf7-form-control wpcf7-text wpcf7-validates-as-required\" aria-required=\"true\" aria-invalid=\"false\" \/><\/span> <\/label><\/p>\n<p><label> Votre adresse de messagerie (obligatoire)<br \/>\n    <span class=\"wpcf7-form-control-wrap your-email\"><input type=\"email\" name=\"your-email\" value=\"\" size=\"40\" class=\"wpcf7-form-control wpcf7-text wpcf7-email wpcf7-validates-as-required wpcf7-validates-as-email\" aria-required=\"true\" aria-invalid=\"false\" \/><\/span> <\/label><\/p>\n<p><label> Objet<br \/>\n    <span class=\"wpcf7-form-control-wrap your-subject\"><input type=\"text\" name=\"your-subject\" value=\"\" size=\"40\" class=\"wpcf7-form-control wpcf7-text\" aria-invalid=\"false\" \/><\/span> <\/label><\/p>\n<p><label> Votre message<br \/>\n    <span class=\"wpcf7-form-control-wrap your-message\"><textarea name=\"your-message\" cols=\"40\" rows=\"10\" class=\"wpcf7-form-control wpcf7-textarea\" aria-invalid=\"false\"><\/textarea><\/span> <\/label><\/p>\n<p><input type=\"submit\" value=\"Envoyer\" class=\"wpcf7-form-control wpcf7-submit\" \/>\n<\/p><\/div>\n<div class=\"wpcf7-response-output wpcf7-display-none\"><\/div><\/form><\/div>[\/vc_column][\/vc_row]<\/p>\n","protected":false},"excerpt":{"rendered":"<p>[vc_row disable_background_image=\u00a0\u00bb\u00a0\u00bb css=\u00a0\u00bb.vc_custom_1693761847051{background-color: #fbfbfc !important;}\u00a0\u00bb][vc_column css=\u00a0\u00bb.vc_custom_1489050628197{padding-top: 0px !important;}\u00a0\u00bb][rev_slider_vc alias=\u00a0\u00bbsliderexpo1-11&Prime;][\/vc_column][\/vc_row][vc_row content_text_aligment=\u00a0\u00bbcenter\u00a0\u00bb disable_background_image=\u00a0\u00bb680&Prime; css=\u00a0\u00bb.vc_custom_1695896704520{padding-top: 63px !important;padding-bottom: 26px !important;background-image: url(http:\/\/koto.elated-themes.com\/wp-content\/uploads\/2017\/02\/h1-background-1.jpg?id=3682) !important;background-position: 0 0 !important;background-repeat: no-repeat !important;}\u00a0\u00bb][vc_column][vc_row_inner row_content_width=\u00a0\u00bbgrid\u00a0\u00bb disable_background_image=\u00a0\u00bb\u00a0\u00bb][vc_column_inner][vc_column_text]Une exposition immersive dans un lieu unique : l&rsquo;ancienne Patinoire de Saint Ouen cr\u00e9e par l&rsquo;architecte [&hellip;]<\/p>\n","protected":false},"author":1,"featured_media":0,"parent":3645,"menu_order":0,"comment_status":"closed","ping_status":"closed","template":"full-width.php","meta":{"footnotes":""},"class_list":["post-31962","page","type-page","status-publish","hentry"],"_links":{"self":[{"href":"https:\/\/juniorfritzjacquet.com\/jfj\/wp-json\/wp\/v2\/pages\/31962"}],"collection":[{"href":"https:\/\/juniorfritzjacquet.com\/jfj\/wp-json\/wp\/v2\/pages"}],"about":[{"href":"https:\/\/juniorfritzjacquet.com\/jfj\/wp-json\/wp\/v2\/types\/page"}],"author":[{"embeddable":true,"href":"https:\/\/juniorfritzjacquet.com\/jfj\/wp-json\/wp\/v2\/users\/1"}],"replies":[{"embeddable":true,"href":"https:\/\/juniorfritzjacquet.com\/jfj\/wp-json\/wp\/v2\/comments?post=31962"}],"version-history":[{"count":7,"href":"https:\/\/juniorfritzjacquet.com\/jfj\/wp-json\/wp\/v2\/pages\/31962\/revisions"}],"predecessor-version":[{"id":31972,"href":"https:\/\/juniorfritzjacquet.com\/jfj\/wp-json\/wp\/v2\/pages\/31962\/revisions\/31972"}],"up":[{"embeddable":true,"href":"https:\/\/juniorfritzjacquet.com\/jfj\/wp-json\/wp\/v2\/pages\/3645"}],"wp:attachment":[{"href":"https:\/\/juniorfritzjacquet.com\/jfj\/wp-json\/wp\/v2\/media?parent=31962"}],"curies":[{"name":"wp","href":"https:\/\/api.w.org\/{rel}","templated":true}]}}