{"id":31579,"date":"2024-05-31T15:19:29","date_gmt":"2024-05-31T13:19:29","guid":{"rendered":"https:\/\/juniorfritzjacquet.com\/jfj\/?page_id=31579"},"modified":"2024-05-31T22:14:31","modified_gmt":"2024-05-31T20:14:31","slug":"lexposition","status":"publish","type":"page","link":"https:\/\/juniorfritzjacquet.com\/jfj\/exposition-signature-jfj\/lexposition\/","title":{"rendered":"L&rsquo;Exposition"},"content":{"rendered":"<p>[vc_row disable_background_image=\u00a0\u00bb\u00a0\u00bb css=\u00a0\u00bb.vc_custom_1693761847051{background-color: #fbfbfc !important;}\u00a0\u00bb][vc_column css=\u00a0\u00bb.vc_custom_1489050628197{padding-top: 0px !important;}\u00a0\u00bb][rev_slider_vc alias=\u00a0\u00bbSliderExpo1&Prime;][\/vc_column][\/vc_row][vc_row disable_background_image=\u00a0\u00bb1280&Prime; css=\u00a0\u00bb.vc_custom_1694616410450{padding-top: 61px !important;background: #ededed url(http:\/\/koto.elated-themes.com\/wp-content\/uploads\/2017\/02\/h1-background-4.jpg?id=3814) !important;background-position: center !important;background-repeat: no-repeat !important;background-size: cover !important;}\u00a0\u00bb][vc_column]<div class=\"eltdf-section-title-holder eltdf-separator-marquee eltdf-default-separator-image\" style=\"padding-left: 10%;padding-right: 10%;text-align: center\">\n\t\t\t<h2 class=\"eltdf-st-title\" >\n\t\t\t<span>Toute l&#039;exposition en vid\u00e9o<\/span>\n\t\t<\/h2>\n\t\t\t\t<div class=\"eltdf-st-separator\" >\n\t\t\t\t\t\t\t<img decoding=\"async\" itemprop=\"image\" class=\"eltdf-st-separator-image\" src=\"https:\/\/juniorfritzjacquet.com\/jfj\/wp-content\/plugins\/eltdf-core\/shortcodes\/section-title\/assets\/img\/section-title.svg\" alt=\"Section Title Separator\" \/>\n\t\t\t\t\t<\/div>\n\t\t\t\t<h4 class=\"eltdf-st-text\" >Vivez le concept, les techniques employ\u00e9s, les meilleurs moments de l&#039;exposition Signature JFJ en vid\u00e9o<\/h4>\n\t<\/div>[vc_row_inner disable_background_image=\u00a0\u00bb\u00a0\u00bb][vc_column_inner css=\u00a0\u00bb.vc_custom_1717179230364{padding-top: 40px !important;}\u00a0\u00bb][vc_video link=\u00a0\u00bbhttps:\/\/www.youtube.com\/watch?v=3R9ckRF4XZ4&Prime; el_width=\u00a0\u00bb90&Prime; align=\u00a0\u00bbcenter\u00a0\u00bb][\/vc_column_inner][\/vc_row_inner][vc_row_inner disable_element=\u00a0\u00bbyes\u00a0\u00bb row_content_width=\u00a0\u00bbgrid\u00a0\u00bb disable_background_image=\u00a0\u00bb\u00a0\u00bb][vc_column_inner offset=\u00a0\u00bbvc_col-lg-6 vc_col-md-12&Prime;][vc_empty_space height=\u00a0\u00bb15px\u00a0\u00bb][vc_column_text]Un aper\u00e7u des \u0153uvres expos\u00e9es lors de l&rsquo;exposition signature JFJ \u00e0\u00a0Espace Saint-Pierre des Minimes de\u00a0<span class=\"LrzXr\">Compi\u00e8gne<\/span>[\/vc_column_text]<a itemprop=\"url\" href=\"https:\/\/juniorfritzjacquet.com\/jfj\/contact-junior-fritz-jacquet\/\" target=\"_blank\" style=\"color: #ffffff;background-color: #000000;margin: 40px 0 55px 0\" class=\"eltdf-btn eltdf-btn-medium eltdf-btn-solid\" data-hover-color=\"#f2f2f2\" data-hover-bg-color=\"#bababa\" >\n    <span class=\"eltdf-btn-text\">Nous contacter<\/span>\n    <\/a>\n[\/vc_column_inner][vc_column_inner css=\u00a0\u00bb.vc_custom_1487588034325{padding-left: 6% !important;}\u00a0\u00bb offset=\u00a0\u00bbvc_col-lg-6 vc_col-md-12&Prime;][vc_single_image image=\u00a0\u00bb31494&Prime; img_size=\u00a0\u00bbfull\u00a0\u00bb][\/vc_column_inner][\/vc_row_inner][\/vc_column][\/vc_row][vc_row disable_background_image=\u00a0\u00bb1280&Prime; css=\u00a0\u00bb.vc_custom_1694616410450{padding-top: 61px !important;background: #ededed url(http:\/\/koto.elated-themes.com\/wp-content\/uploads\/2017\/02\/h1-background-4.jpg?id=3814) !important;background-position: center !important;background-repeat: no-repeat !important;background-size: cover !important;}\u00a0\u00bb][vc_column]<div class=\"eltdf-section-title-holder eltdf-separator-marquee eltdf-default-separator-image\" style=\"padding-left: 10%;padding-right: 10%;text-align: center\">\n\t\t\t<h2 class=\"eltdf-st-title\" >\n\t\t\t<span>Les oeuvres de l&#039;exposition<\/span>\n\t\t<\/h2>\n\t\t\t\t<div class=\"eltdf-st-separator\" >\n\t\t\t\t\t\t\t<img decoding=\"async\" itemprop=\"image\" class=\"eltdf-st-separator-image\" src=\"https:\/\/juniorfritzjacquet.com\/jfj\/wp-content\/plugins\/eltdf-core\/shortcodes\/section-title\/assets\/img\/section-title.svg\" alt=\"Section Title Separator\" \/>\n\t\t\t\t\t<\/div>\n\t\t\t\t<h4 class=\"eltdf-st-text\" >Un aper\u00e7u des \u0153uvres expos\u00e9es lors de l&#039;exposition signature JFJ \u00e0 Espace Saint-Pierre des Minimes de Compi\u00e8gne<\/h4>\n\t<\/div>[vc_row_inner disable_background_image=\u00a0\u00bb\u00a0\u00bb][vc_column_inner css=\u00a0\u00bb.vc_custom_1717179230364{padding-top: 40px !important;}\u00a0\u00bb][vc_masonry_media_grid grid_id=\u00a0\u00bbvc_gid:1717186531928-e3917bec-02a8-3&Prime; include=\u00a0\u00bb31582,31583,31584,31585,31586,31587,31588,31589,31590,31591,31592,31593,31594,31595,31596,31597,31598,31599,31600,31601,31602,31603,31604,31605,31608,31610,31611,31612,31613,31614,31615,31616,31618,31619,31620,31621,31622&Prime;][\/vc_column_inner][\/vc_row_inner][vc_row_inner disable_element=\u00a0\u00bbyes\u00a0\u00bb row_content_width=\u00a0\u00bbgrid\u00a0\u00bb disable_background_image=\u00a0\u00bb\u00a0\u00bb][vc_column_inner offset=\u00a0\u00bbvc_col-lg-6 vc_col-md-12&Prime;][vc_empty_space height=\u00a0\u00bb15px\u00a0\u00bb][vc_column_text]Un aper\u00e7u des \u0153uvres expos\u00e9es lors de l&rsquo;exposition signature JFJ \u00e0\u00a0Espace Saint-Pierre des Minimes de\u00a0<span class=\"LrzXr\">Compi\u00e8gne<\/span>[\/vc_column_text]<a itemprop=\"url\" href=\"https:\/\/juniorfritzjacquet.com\/jfj\/contact-junior-fritz-jacquet\/\" target=\"_blank\" style=\"color: #ffffff;background-color: #000000;margin: 40px 0 55px 0\" class=\"eltdf-btn eltdf-btn-medium eltdf-btn-solid\" data-hover-color=\"#f2f2f2\" data-hover-bg-color=\"#bababa\" >\n    <span class=\"eltdf-btn-text\">Nous contacter<\/span>\n    <\/a>\n[\/vc_column_inner][vc_column_inner css=\u00a0\u00bb.vc_custom_1487588034325{padding-left: 6% !important;}\u00a0\u00bb offset=\u00a0\u00bbvc_col-lg-6 vc_col-md-12&Prime;][vc_single_image image=\u00a0\u00bb31494&Prime; img_size=\u00a0\u00bbfull\u00a0\u00bb][\/vc_column_inner][\/vc_row_inner][\/vc_column][\/vc_row][vc_row disable_background_image=\u00a0\u00bb1280&Prime; css=\u00a0\u00bb.vc_custom_1694616410450{padding-top: 61px !important;background: #ededed url(http:\/\/koto.elated-themes.com\/wp-content\/uploads\/2017\/02\/h1-background-4.jpg?id=3814) !important;background-position: center !important;background-repeat: no-repeat !important;background-size: cover !important;}\u00a0\u00bb][vc_column]<div class=\"eltdf-section-title-holder eltdf-separator-marquee eltdf-default-separator-image\" style=\"padding-left: 10%;padding-right: 10%;text-align: center\">\n\t\t\t<h2 class=\"eltdf-st-title\" >\n\t\t\t<span>Les temps forts de l&#039;exposition<\/span>\n\t\t<\/h2>\n\t\t\t\t\t<h4 class=\"eltdf-st-text\" >Un aper\u00e7u des temps forts de l&#039;exposition signature JFJ \u00e0 l&#039;Espace Saint-Pierre des Minimes de Compi\u00e8gne<\/h4>\n\t<\/div>[vc_row_inner disable_background_image=\u00a0\u00bb\u00a0\u00bb][vc_column_inner css=\u00a0\u00bb.vc_custom_1717179230364{padding-top: 40px !important;}\u00a0\u00bb][vc_masonry_media_grid grid_id=\u00a0\u00bbvc_gid:1717186531929-dafdf217-da52-8&Prime; include=\u00a0\u00bb31634,31633,31617,31635,31636,31607,31603,31604,31605,31606,31608,31609,31610,31611,31612,31613,31614,31615,31616,31618,31619,31620,31621,31622&Prime;][vc_btn title=\u00a0\u00bbD\u00e9couvrir tous les temps forts\u00a0\u00bb style=\u00a0\u00bbclassic\u00a0\u00bb color=\u00a0\u00bbblack\u00a0\u00bb align=\u00a0\u00bbcenter\u00a0\u00bb link=\u00a0\u00bburl:https%3A%2F%2Fjuniorfritzjacquet.com%2Fjfj%2Fexposition-signature-jfj%2Fexposition-temps-forts%2F\u00a0\u00bb][\/vc_column_inner][\/vc_row_inner][vc_row_inner disable_element=\u00a0\u00bbyes\u00a0\u00bb row_content_width=\u00a0\u00bbgrid\u00a0\u00bb disable_background_image=\u00a0\u00bb\u00a0\u00bb][vc_column_inner offset=\u00a0\u00bbvc_col-lg-6 vc_col-md-12&Prime;][vc_empty_space height=\u00a0\u00bb15px\u00a0\u00bb][vc_column_text]Un aper\u00e7u des \u0153uvres expos\u00e9es lors de l&rsquo;exposition signature JFJ \u00e0\u00a0Espace Saint-Pierre des Minimes de\u00a0<span class=\"LrzXr\">Compi\u00e8gne<\/span>[\/vc_column_text]<a itemprop=\"url\" href=\"https:\/\/juniorfritzjacquet.com\/jfj\/contact-junior-fritz-jacquet\/\" target=\"_blank\" style=\"color: #ffffff;background-color: #000000;margin: 40px 0 55px 0\" class=\"eltdf-btn eltdf-btn-medium eltdf-btn-solid\" data-hover-color=\"#f2f2f2\" data-hover-bg-color=\"#bababa\" >\n    <span class=\"eltdf-btn-text\">Nous contacter<\/span>\n    <\/a>\n[\/vc_column_inner][vc_column_inner css=\u00a0\u00bb.vc_custom_1487588034325{padding-left: 6% !important;}\u00a0\u00bb offset=\u00a0\u00bbvc_col-lg-6 vc_col-md-12&Prime;][vc_single_image image=\u00a0\u00bb31494&Prime; img_size=\u00a0\u00bbfull\u00a0\u00bb][\/vc_column_inner][\/vc_row_inner][\/vc_column][\/vc_row][vc_row disable_background_image=\u00a0\u00bb1280&Prime; css=\u00a0\u00bb.vc_custom_1694616410450{padding-top: 61px !important;background: #ededed url(http:\/\/koto.elated-themes.com\/wp-content\/uploads\/2017\/02\/h1-background-4.jpg?id=3814) !important;background-position: center !important;background-repeat: no-repeat !important;background-size: cover !important;}\u00a0\u00bb][vc_column]<div class=\"eltdf-section-title-holder eltdf-separator-marquee eltdf-default-separator-image\" style=\"padding-left: 10%;padding-right: 10%;text-align: center\">\n\t\t\t<h2 class=\"eltdf-st-title\" >\n\t\t\t<span>Clic d&#039;oeil au montage et d\u00e9montage<\/span>\n\t\t<\/h2>\n\t\t\t\t<div class=\"eltdf-st-separator\" >\n\t\t\t\t\t\t\t<img decoding=\"async\" itemprop=\"image\" class=\"eltdf-st-separator-image\" src=\"https:\/\/juniorfritzjacquet.com\/jfj\/wp-content\/plugins\/eltdf-core\/shortcodes\/section-title\/assets\/img\/section-title.svg\" alt=\"Section Title Separator\" \/>\n\t\t\t\t\t<\/div>\n\t\t\t\t<h4 class=\"eltdf-st-text\" >Merci \u00e0 toute l&#039;\u00e9quipe qui permet de concr\u00e9tiser l&#039;exposition<\/h4>\n\t<\/div>[vc_row_inner disable_background_image=\u00a0\u00bb\u00a0\u00bb][vc_column_inner css=\u00a0\u00bb.vc_custom_1717179230364{padding-top: 40px !important;}\u00a0\u00bb][vc_masonry_media_grid grid_id=\u00a0\u00bbvc_gid:1717186531930-5b130a5f-e240-8&Prime; include=\u00a0\u00bb31642,31643,31644,31645,31646,31647,31649,31650,31651&Prime;][\/vc_column_inner][\/vc_row_inner][vc_row_inner disable_element=\u00a0\u00bbyes\u00a0\u00bb row_content_width=\u00a0\u00bbgrid\u00a0\u00bb disable_background_image=\u00a0\u00bb\u00a0\u00bb][vc_column_inner offset=\u00a0\u00bbvc_col-lg-6 vc_col-md-12&Prime;][vc_empty_space height=\u00a0\u00bb15px\u00a0\u00bb][vc_column_text]Un aper\u00e7u des \u0153uvres expos\u00e9es lors de l&rsquo;exposition signature JFJ \u00e0\u00a0Espace Saint-Pierre des Minimes de\u00a0<span class=\"LrzXr\">Compi\u00e8gne<\/span>[\/vc_column_text]<a itemprop=\"url\" href=\"https:\/\/juniorfritzjacquet.com\/jfj\/contact-junior-fritz-jacquet\/\" target=\"_blank\" style=\"color: #ffffff;background-color: #000000;margin: 40px 0 55px 0\" class=\"eltdf-btn eltdf-btn-medium eltdf-btn-solid\" data-hover-color=\"#f2f2f2\" data-hover-bg-color=\"#bababa\" >\n    <span class=\"eltdf-btn-text\">Nous contacter<\/span>\n    <\/a>\n[\/vc_column_inner][vc_column_inner css=\u00a0\u00bb.vc_custom_1487588034325{padding-left: 6% !important;}\u00a0\u00bb offset=\u00a0\u00bbvc_col-lg-6 vc_col-md-12&Prime;][vc_single_image image=\u00a0\u00bb31494&Prime; img_size=\u00a0\u00bbfull\u00a0\u00bb][\/vc_column_inner][\/vc_row_inner][\/vc_column][\/vc_row][vc_row disable_element=\u00a0\u00bbyes\u00a0\u00bb disable_background_image=\u00a0\u00bb1280&Prime; css=\u00a0\u00bb.vc_custom_1717182146607{padding-top: 61px !important;background: #ededed url(http:\/\/koto.elated-themes.com\/wp-content\/uploads\/2017\/02\/h1-background-4.jpg?id=3814) !important;background-position: center !important;background-repeat: no-repeat !important;background-size: cover !important;}\u00a0\u00bb][vc_column][vc_row_inner row_content_width=\u00a0\u00bbgrid\u00a0\u00bb disable_background_image=\u00a0\u00bb\u00a0\u00bb][vc_column_inner css=\u00a0\u00bb.vc_custom_1711655496854{padding-bottom: 40px !important;}\u00a0\u00bb]<div class=\"eltdf-section-title-holder eltdf-separator-marquee eltdf-default-separator-image\" style=\"padding-left: 10%;padding-right: 10%;text-align: center\">\n\t\t\t<h2 class=\"eltdf-st-title\" >\n\t\t\t<span>Un clin d&#039;\u0153il sur la pr\u00e9paration de l&#039;exposition<\/span>\n\t\t<\/h2>\n\t\t\t\t<div class=\"eltdf-st-separator\" >\n\t\t\t\t\t\t\t<img decoding=\"async\" itemprop=\"image\" class=\"eltdf-st-separator-image\" src=\"https:\/\/juniorfritzjacquet.com\/jfj\/wp-content\/plugins\/eltdf-core\/shortcodes\/section-title\/assets\/img\/section-title.svg\" alt=\"Section Title Separator\" \/>\n\t\t\t\t\t<\/div>\n\t\t<\/div>[\/vc_column_inner][vc_column_inner offset=\u00a0\u00bbvc_col-lg-6 vc_col-md-12&Prime;][vc_empty_space height=\u00a0\u00bb15px\u00a0\u00bb][vc_single_image image=\u00a0\u00bb31486&Prime; img_size=\u00a0\u00bbfull\u00a0\u00bb][\/vc_column_inner][vc_column_inner css=\u00a0\u00bb.vc_custom_1487588034325{padding-left: 6% !important;}\u00a0\u00bb offset=\u00a0\u00bbvc_col-lg-6 vc_col-md-12&Prime;][vc_column_text]<\/p>\n<h3>Minimes (Compi\u00e8gne)<\/h3>\n<p>\u2022\u00a0Ville : Compi\u00e8gne (nombre d\u2019habitants environ 40000)<br \/>\n\u2022\u00a0Lieu: Espace Eglise D\u00e9sacralis\u00e9e Saint Pierre des Minimes<br \/>\n\u2022\u00a0Superficie : 300 m2<br \/>\n\u2022\u00a0Dur\u00e9e de l\u2019exposition : 6 semaines (du 09\/12\/2023 au 21\/01\/2024)<br \/>\n\u2022\u00a0Nombre de visiteurs : environ 25200[\/vc_column_text]<a itemprop=\"url\" href=\"https:\/\/juniorfritzjacquet.com\/jfj\/exposition-signature-jfj\/\" target=\"_blank\" style=\"color: #ffffff;background-color: #000000;margin: 40px 0 55px 0\" class=\"eltdf-btn eltdf-btn-medium eltdf-btn-solid\" data-hover-color=\"#f2f2f2\" data-hover-bg-color=\"#bababa\" >\n    <span class=\"eltdf-btn-text\">D\u00e9couvrir l&#039;exposition Minimes<\/span>\n    <\/a>\n[\/vc_column_inner][\/vc_row_inner][\/vc_column][\/vc_row][vc_row disable_background_image=\u00a0\u00bb\u00a0\u00bb][vc_column]<div class=\"eltdf-section-title-holder eltdf-separator-marquee eltdf-default-separator-image\" style=\"padding-left: 10%;padding-right: 10%;text-align: center\">\n\t\t\t<h2 class=\"eltdf-st-title\" >\n\t\t\t<span>Les statistiques de l&#039;exposition<\/span>\n\t\t<\/h2>\n\t\t\t\t<div class=\"eltdf-st-separator\" >\n\t\t\t\t\t\t\t<img decoding=\"async\" itemprop=\"image\" class=\"eltdf-st-separator-image\" src=\"https:\/\/juniorfritzjacquet.com\/jfj\/wp-content\/plugins\/eltdf-core\/shortcodes\/section-title\/assets\/img\/section-title.svg\" alt=\"Section Title Separator\" \/>\n\t\t\t\t\t<\/div>\n\t\t<\/div>[vc_row_inner row_content_width=\u00a0\u00bbgrid\u00a0\u00bb content_text_aligment=\u00a0\u00bbcenter\u00a0\u00bb disable_background_image=\u00a0\u00bb\u00a0\u00bb][vc_column_inner width=\u00a0\u00bb1\/3&Prime;]<div class=\"eltdf-counter-holder\">\n\t<div class=\"eltdf-counter-inner\">\n\t\t\t\t\t<span class=\"eltdf-counter eltdf-zero-counter\" >25000<\/span>\n\t\t\t\t\t\t\t<h4 class=\"eltdf-counter-title\" >\n\t\t\t\tNombre de visiteurs\t\t\t<\/h4>\n\t\t\t\t\t\t\t<p class=\"eltdf-counter-text\" >Merci \u00e0 ceux qui se sont d\u00e9plac\u00e9s<\/p>\n\t\t\t<\/div>\n<\/div>[\/vc_column_inner][vc_column_inner width=\u00a0\u00bb1\/3&Prime;]<div class=\"eltdf-counter-holder\">\n\t<div class=\"eltdf-counter-inner\">\n\t\t\t\t\t<span class=\"eltdf-counter eltdf-zero-counter\" >300<\/span>\n\t\t\t\t\t\t\t<h4 class=\"eltdf-counter-title\" >\n\t\t\t\tSuperficie\t\t\t<\/h4>\n\t\t\t\t\t\t\t<p class=\"eltdf-counter-text\" >Pour un parcours immersif<\/p>\n\t\t\t<\/div>\n<\/div>[\/vc_column_inner][vc_column_inner width=\u00a0\u00bb1\/3&Prime;]<div class=\"eltdf-counter-holder\">\n\t<div class=\"eltdf-counter-inner\">\n\t\t\t\t\t<span class=\"eltdf-counter eltdf-zero-counter\" >6<\/span>\n\t\t\t\t\t\t\t<h4 class=\"eltdf-counter-title\" >\n\t\t\t\tSemaines\t\t\t<\/h4>\n\t\t\t\t\t\t\t<p class=\"eltdf-counter-text\" >L\u2019exposition \u00e0 durer 6 semaines<\/p>\n\t\t\t<\/div>\n<\/div>[\/vc_column_inner][\/vc_row_inner][\/vc_column][\/vc_row][vc_row disable_background_image=\u00a0\u00bb\u00a0\u00bb css=\u00a0\u00bb.vc_custom_1717017132044{margin-top: 40px !important;padding-top: 40px !important;background-image: url(https:\/\/juniorfritzjacquet.com\/jfj\/wp-content\/uploads\/2024\/05\/fond-formulaire-concept-exposition-jfj.jpg?id=31533) !important;}\u00a0\u00bb][vc_column width=\u00a0\u00bb1\/2&Prime; css=\u00a0\u00bb.vc_custom_1693857560196{padding-left: 60px !important;}\u00a0\u00bb]<div class=\"eltdf-section-title-holder eltdf-default-separator-image\" >\n\t\t\t<h2 class=\"eltdf-st-title\" style=\"color: #ffffff\">\n\t\t\t<span>Devenez partenaire du prochain \u00e9v\u00e8nement<\/span>\n\t\t<\/h2>\n\t\t\t<\/div>[vc_column_text]<span style=\"color: #ffffff;\">Tel : 06 17 06 52 82<\/span><\/p>\n<p><span style=\"color: #ffffff;\">Email : contact@juniorfritzjacquet.com<\/span>[\/vc_column_text][\/vc_column][vc_column width=\u00a0\u00bb1\/2&Prime; css=\u00a0\u00bb.vc_custom_1693857577506{padding-right: 60px !important;}\u00a0\u00bb]<div role=\"form\" class=\"wpcf7\" id=\"wpcf7-f29135-o1\" lang=\"fr-FR\" dir=\"ltr\">\n<div class=\"screen-reader-response\"><\/div>\n<form action=\"\/jfj\/wp-json\/wp\/v2\/pages\/31579#wpcf7-f29135-o1\" method=\"post\" class=\"wpcf7-form cf7_custom_style_1\" novalidate=\"novalidate\">\n<div style=\"display: none;\">\n<input type=\"hidden\" name=\"_wpcf7\" value=\"29135\" \/>\n<input type=\"hidden\" name=\"_wpcf7_version\" value=\"5.1.5\" \/>\n<input type=\"hidden\" name=\"_wpcf7_locale\" value=\"fr_FR\" \/>\n<input type=\"hidden\" name=\"_wpcf7_unit_tag\" value=\"wpcf7-f29135-o1\" \/>\n<input type=\"hidden\" name=\"_wpcf7_container_post\" value=\"0\" \/>\n<\/div>\n<div style=\"wdth:50%\">\n<label> Votre nom (obligatoire)<br \/>\n    <span class=\"wpcf7-form-control-wrap your-name\"><input type=\"text\" name=\"your-name\" value=\"\" size=\"40\" class=\"wpcf7-form-control wpcf7-text wpcf7-validates-as-required\" aria-required=\"true\" aria-invalid=\"false\" \/><\/span> <\/label><\/p>\n<p><label> Votre adresse de messagerie (obligatoire)<br \/>\n    <span class=\"wpcf7-form-control-wrap your-email\"><input type=\"email\" name=\"your-email\" value=\"\" size=\"40\" class=\"wpcf7-form-control wpcf7-text wpcf7-email wpcf7-validates-as-required wpcf7-validates-as-email\" aria-required=\"true\" aria-invalid=\"false\" \/><\/span> <\/label><\/p>\n<p><label> Objet<br \/>\n    <span class=\"wpcf7-form-control-wrap your-subject\"><input type=\"text\" name=\"your-subject\" value=\"\" size=\"40\" class=\"wpcf7-form-control wpcf7-text\" aria-invalid=\"false\" \/><\/span> <\/label><\/p>\n<p><label> Votre message<br \/>\n    <span class=\"wpcf7-form-control-wrap your-message\"><textarea name=\"your-message\" cols=\"40\" rows=\"10\" class=\"wpcf7-form-control wpcf7-textarea\" aria-invalid=\"false\"><\/textarea><\/span> <\/label><\/p>\n<p><input type=\"submit\" value=\"Envoyer\" class=\"wpcf7-form-control wpcf7-submit\" \/>\n<\/p><\/div>\n<div class=\"wpcf7-response-output wpcf7-display-none\"><\/div><\/form><\/div>[\/vc_column][\/vc_row]<\/p>\n","protected":false},"excerpt":{"rendered":"<p>[vc_row disable_background_image=\u00a0\u00bb\u00a0\u00bb css=\u00a0\u00bb.vc_custom_1693761847051{background-color: #fbfbfc !important;}\u00a0\u00bb][vc_column css=\u00a0\u00bb.vc_custom_1489050628197{padding-top: 0px !important;}\u00a0\u00bb][rev_slider_vc alias=\u00a0\u00bbSliderExpo1&Prime;][\/vc_column][\/vc_row][vc_row disable_background_image=\u00a0\u00bb1280&Prime; css=\u00a0\u00bb.vc_custom_1694616410450{padding-top: 61px !important;background: #ededed url(http:\/\/koto.elated-themes.com\/wp-content\/uploads\/2017\/02\/h1-background-4.jpg?id=3814) !important;background-position: center !important;background-repeat: no-repeat !important;background-size: cover !important;}\u00a0\u00bb][vc_column][vc_row_inner disable_background_image=\u00a0\u00bb\u00a0\u00bb][vc_column_inner css=\u00a0\u00bb.vc_custom_1717179230364{padding-top: 40px !important;}\u00a0\u00bb][vc_video link=\u00a0\u00bbhttps:\/\/www.youtube.com\/watch?v=3R9ckRF4XZ4&Prime; el_width=\u00a0\u00bb90&Prime; align=\u00a0\u00bbcenter\u00a0\u00bb][\/vc_column_inner][\/vc_row_inner][vc_row_inner disable_element=\u00a0\u00bbyes\u00a0\u00bb row_content_width=\u00a0\u00bbgrid\u00a0\u00bb disable_background_image=\u00a0\u00bb\u00a0\u00bb][vc_column_inner offset=\u00a0\u00bbvc_col-lg-6 vc_col-md-12&Prime;][vc_empty_space height=\u00a0\u00bb15px\u00a0\u00bb][vc_column_text]Un aper\u00e7u des \u0153uvres expos\u00e9es lors [&hellip;]<\/p>\n","protected":false},"author":1,"featured_media":0,"parent":3645,"menu_order":0,"comment_status":"closed","ping_status":"closed","template":"full-width.php","meta":{"footnotes":""},"class_list":["post-31579","page","type-page","status-publish","hentry"],"_links":{"self":[{"href":"https:\/\/juniorfritzjacquet.com\/jfj\/wp-json\/wp\/v2\/pages\/31579"}],"collection":[{"href":"https:\/\/juniorfritzjacquet.com\/jfj\/wp-json\/wp\/v2\/pages"}],"about":[{"href":"https:\/\/juniorfritzjacquet.com\/jfj\/wp-json\/wp\/v2\/types\/page"}],"author":[{"embeddable":true,"href":"https:\/\/juniorfritzjacquet.com\/jfj\/wp-json\/wp\/v2\/users\/1"}],"replies":[{"embeddable":true,"href":"https:\/\/juniorfritzjacquet.com\/jfj\/wp-json\/wp\/v2\/comments?post=31579"}],"version-history":[{"count":24,"href":"https:\/\/juniorfritzjacquet.com\/jfj\/wp-json\/wp\/v2\/pages\/31579\/revisions"}],"predecessor-version":[{"id":31581,"href":"https:\/\/juniorfritzjacquet.com\/jfj\/wp-json\/wp\/v2\/pages\/31579\/revisions\/31581"}],"up":[{"embeddable":true,"href":"https:\/\/juniorfritzjacquet.com\/jfj\/wp-json\/wp\/v2\/pages\/3645"}],"wp:attachment":[{"href":"https:\/\/juniorfritzjacquet.com\/jfj\/wp-json\/wp\/v2\/media?parent=31579"}],"curies":[{"name":"wp","href":"https:\/\/api.w.org\/{rel}","templated":true}]}}