{"id":31536,"date":"2024-05-29T23:27:11","date_gmt":"2024-05-29T21:27:11","guid":{"rendered":"https:\/\/juniorfritzjacquet.com\/jfj\/?page_id=31536"},"modified":"2024-05-30T22:25:34","modified_gmt":"2024-05-30T20:25:34","slug":"exposition-temps-forts","status":"publish","type":"page","link":"https:\/\/juniorfritzjacquet.com\/jfj\/exposition-signature-jfj\/exposition-temps-forts\/","title":{"rendered":"Exposition temps forts"},"content":{"rendered":"<p>[vc_row disable_background_image=\u00a0\u00bb\u00a0\u00bb css=\u00a0\u00bb.vc_custom_1693761847051{background-color: #fbfbfc !important;}\u00a0\u00bb][vc_column css=\u00a0\u00bb.vc_custom_1489050628197{padding-top: 0px !important;}\u00a0\u00bb][rev_slider_vc alias=\u00a0\u00bbsliderexpo-le-lieu-1&Prime;][\/vc_column][\/vc_row][vc_row disable_background_image=\u00a0\u00bb1280&Prime; css=\u00a0\u00bb.vc_custom_1694616410450{padding-top: 61px !important;background: #ededed url(http:\/\/koto.elated-themes.com\/wp-content\/uploads\/2017\/02\/h1-background-4.jpg?id=3814) !important;background-position: center !important;background-repeat: no-repeat !important;background-size: cover !important;}\u00a0\u00bb][vc_column][vc_row_inner row_content_width=\u00a0\u00bbgrid\u00a0\u00bb disable_background_image=\u00a0\u00bb\u00a0\u00bb][vc_column_inner css=\u00a0\u00bb.vc_custom_1711655496854{padding-bottom: 40px !important;}\u00a0\u00bb]<div class=\"eltdf-section-title-holder eltdf-separator-marquee eltdf-default-separator-image\" style=\"padding-left: 10%;padding-right: 10%;text-align: center\">\n\t\t\t<h2 class=\"eltdf-st-title\" >\n\t\t\t<span>Les temps forts de l&#039;exposition<\/span>\n\t\t<\/h2>\n\t\t\t\t<div class=\"eltdf-st-separator\" >\n\t\t\t\t\t\t\t<img decoding=\"async\" itemprop=\"image\" class=\"eltdf-st-separator-image\" src=\"https:\/\/juniorfritzjacquet.com\/jfj\/wp-content\/plugins\/eltdf-core\/shortcodes\/section-title\/assets\/img\/section-title.svg\" alt=\"Section Title Separator\" \/>\n\t\t\t\t\t<\/div>\n\t\t<\/div>[\/vc_column_inner][vc_column_inner offset=\u00a0\u00bbvc_col-lg-6 vc_col-md-12&Prime;][vc_empty_space height=\u00a0\u00bb15px\u00a0\u00bb][vc_column_text]Pour rythmer l&rsquo;exposition, nous avons mis en place des concerts, des performances artistiques, des ateliers et bien d\u2019autres activit\u00e9s.[\/vc_column_text]<a itemprop=\"url\" href=\"https:\/\/juniorfritzjacquet.com\/jfj\/contact-junior-fritz-jacquet\/\" target=\"_blank\" style=\"color: #ffffff;background-color: #000000;margin: 40px 0 55px 0\" class=\"eltdf-btn eltdf-btn-medium eltdf-btn-solid\" data-hover-color=\"#f2f2f2\" data-hover-bg-color=\"#bababa\" >\n    <span class=\"eltdf-btn-text\">Nous contacter<\/span>\n    <\/a>\n[\/vc_column_inner][vc_column_inner css=\u00a0\u00bb.vc_custom_1487588034325{padding-left: 6% !important;}\u00a0\u00bb offset=\u00a0\u00bbvc_col-lg-6 vc_col-md-12&Prime;][vc_single_image image=\u00a0\u00bb31544&Prime; img_size=\u00a0\u00bbfull\u00a0\u00bb][\/vc_column_inner][\/vc_row_inner][\/vc_column][\/vc_row][vc_row disable_background_image=\u00a0\u00bb1280&Prime; css=\u00a0\u00bb.vc_custom_1694616410450{padding-top: 61px !important;background: #ededed url(http:\/\/koto.elated-themes.com\/wp-content\/uploads\/2017\/02\/h1-background-4.jpg?id=3814) !important;background-position: center !important;background-repeat: no-repeat !important;background-size: cover !important;}\u00a0\u00bb][vc_column][vc_row_inner row_content_width=\u00a0\u00bbgrid\u00a0\u00bb disable_background_image=\u00a0\u00bb\u00a0\u00bb][vc_column_inner css=\u00a0\u00bb.vc_custom_1711655496854{padding-bottom: 40px !important;}\u00a0\u00bb]<div class=\"eltdf-section-title-holder eltdf-separator-marquee eltdf-default-separator-image\" style=\"padding-left: 10%;padding-right: 10%;text-align: center\">\n\t\t\t<h2 class=\"eltdf-st-title\" >\n\t\t\t<span>Les artistes invit\u00e9s<\/span>\n\t\t<\/h2>\n\t\t\t\t<div class=\"eltdf-st-separator\" >\n\t\t\t\t\t\t\t<img decoding=\"async\" itemprop=\"image\" class=\"eltdf-st-separator-image\" src=\"https:\/\/juniorfritzjacquet.com\/jfj\/wp-content\/plugins\/eltdf-core\/shortcodes\/section-title\/assets\/img\/section-title.svg\" alt=\"Section Title Separator\" \/>\n\t\t\t\t\t<\/div>\n\t\t\t\t<h4 class=\"eltdf-st-text\" >Plongez au coeur de l&#039;art avec nos invit\u00e9s sp\u00e9ciaux, des talents exceptionnels qui insufflent leur cr\u00e9ativit\u00e9 et leur passion dans cet univers.<\/h4>\n\t<\/div>[\/vc_column_inner][\/vc_row_inner][\/vc_column][\/vc_row][vc_row row_content_width=\u00a0\u00bbgrid\u00a0\u00bb content_text_aligment=\u00a0\u00bbcenter\u00a0\u00bb disable_background_image=\u00a0\u00bb\u00a0\u00bb][vc_column width=\u00a0\u00bb1\/3&Prime;]<div class=\"eltdf-team-holder eltdf-team-info-below-image eltdf-team-square\">\n\t<div class=\"eltdf-team-inner\">\n\t\t\t\t\t<div class=\"eltdf-team-image\">\n                <img loading=\"lazy\" decoding=\"async\" width=\"600\" height=\"646\" src=\"https:\/\/juniorfritzjacquet.com\/jfj\/wp-content\/uploads\/2023\/09\/profil-partenaire-christophe.jpg\" class=\"attachment-full size-full\" alt=\"\" srcset=\"https:\/\/juniorfritzjacquet.com\/jfj\/wp-content\/uploads\/2023\/09\/profil-partenaire-christophe.jpg 600w, https:\/\/juniorfritzjacquet.com\/jfj\/wp-content\/uploads\/2023\/09\/profil-partenaire-christophe-279x300.jpg 279w, https:\/\/juniorfritzjacquet.com\/jfj\/wp-content\/uploads\/2023\/09\/profil-partenaire-christophe-186x200.jpg 186w\" sizes=\"(max-width: 600px) 100vw, 600px\" \/>\t\t\t\t<div class=\"eltdf-team-social-wrapper\">\n\t\t\t\t\t<div class=\"eltdf-team-social-outer\">\n\t\t\t\t\t\t<div class=\"eltdf-team-social-inner\">\n\t\t\t\t\t\t\t\t\t\t\t\t\t<\/div>\n\t\t\t\t\t<\/div>\n\t\t\t\t<\/div>\n\t\t\t<\/div>\n\t\t\t\t<div class=\"eltdf-team-info\">\n\t\t\t\t\t\t\t<h6 class=\"eltdf-team-name\" >Christophe Gouix<\/h6>\n\t\t\t\t\t\t\t\t\t\t<h4 class=\"eltdf-team-position\" >Compositeur<\/h4>\n\t\t\t\t\t<\/div>\n\t<\/div>\n<\/div>[vc_btn title=\u00a0\u00bbD\u00e9couvrir\u00a0\u00bb style=\u00a0\u00bbclassic\u00a0\u00bb shape=\u00a0\u00bbsquare\u00a0\u00bb color=\u00a0\u00bbblack\u00a0\u00bb link=\u00a0\u00bburl:https%3A%2F%2Fjuniorfritzjacquet.com%2Fjfj%2Fportfolio%2Fchristophe%2F\u00a0\u00bb css=\u00a0\u00bb.vc_custom_1717094855496{margin-top: 5% !important;}\u00a0\u00bb][\/vc_column][vc_column width=\u00a0\u00bb1\/3&Prime;]<div class=\"eltdf-team-holder eltdf-team-info-below-image eltdf-team-square\">\n\t<div class=\"eltdf-team-inner\">\n\t\t\t\t\t<div class=\"eltdf-team-image\">\n                <img loading=\"lazy\" decoding=\"async\" width=\"600\" height=\"646\" src=\"https:\/\/juniorfritzjacquet.com\/jfj\/wp-content\/uploads\/2023\/10\/profil-partenaire-isabelle-lenay2.jpg\" class=\"attachment-full size-full\" alt=\"\" srcset=\"https:\/\/juniorfritzjacquet.com\/jfj\/wp-content\/uploads\/2023\/10\/profil-partenaire-isabelle-lenay2.jpg 600w, https:\/\/juniorfritzjacquet.com\/jfj\/wp-content\/uploads\/2023\/10\/profil-partenaire-isabelle-lenay2-279x300.jpg 279w, https:\/\/juniorfritzjacquet.com\/jfj\/wp-content\/uploads\/2023\/10\/profil-partenaire-isabelle-lenay2-186x200.jpg 186w\" sizes=\"(max-width: 600px) 100vw, 600px\" \/>\t\t\t\t<div class=\"eltdf-team-social-wrapper\">\n\t\t\t\t\t<div class=\"eltdf-team-social-outer\">\n\t\t\t\t\t\t<div class=\"eltdf-team-social-inner\">\n\t\t\t\t\t\t\t\t\t\t\t\t\t<\/div>\n\t\t\t\t\t<\/div>\n\t\t\t\t<\/div>\n\t\t\t<\/div>\n\t\t\t\t<div class=\"eltdf-team-info\">\n\t\t\t\t\t\t\t<h6 class=\"eltdf-team-name\" >Isabelle Lenay<\/h6>\n\t\t\t\t\t\t\t\t\t\t<h4 class=\"eltdf-team-position\" >Musicienne<\/h4>\n\t\t\t\t\t<\/div>\n\t<\/div>\n<\/div>[vc_btn title=\u00a0\u00bbD\u00e9couvrir\u00a0\u00bb style=\u00a0\u00bbclassic\u00a0\u00bb shape=\u00a0\u00bbsquare\u00a0\u00bb color=\u00a0\u00bbblack\u00a0\u00bb link=\u00a0\u00bburl:https%3A%2F%2Fjuniorfritzjacquet.com%2Fjfj%2Fportfolio%2Fisabelle-lenay%2F\u00a0\u00bb css=\u00a0\u00bb.vc_custom_1717099300029{margin-top: 5% !important;}\u00a0\u00bb][\/vc_column][vc_column width=\u00a0\u00bb1\/3&Prime;]<div class=\"eltdf-team-holder eltdf-team-info-below-image eltdf-team-square\">\n\t<div class=\"eltdf-team-inner\">\n\t\t\t\t\t<div class=\"eltdf-team-image\">\n                <img loading=\"lazy\" decoding=\"async\" width=\"422\" height=\"446\" src=\"https:\/\/juniorfritzjacquet.com\/jfj\/wp-content\/uploads\/2024\/05\/univers-gospel.jpg\" class=\"attachment-full size-full\" alt=\"\" srcset=\"https:\/\/juniorfritzjacquet.com\/jfj\/wp-content\/uploads\/2024\/05\/univers-gospel.jpg 422w, https:\/\/juniorfritzjacquet.com\/jfj\/wp-content\/uploads\/2024\/05\/univers-gospel-284x300.jpg 284w, https:\/\/juniorfritzjacquet.com\/jfj\/wp-content\/uploads\/2024\/05\/univers-gospel-189x200.jpg 189w\" sizes=\"(max-width: 422px) 100vw, 422px\" \/>\t\t\t\t<div class=\"eltdf-team-social-wrapper\">\n\t\t\t\t\t<div class=\"eltdf-team-social-outer\">\n\t\t\t\t\t\t<div class=\"eltdf-team-social-inner\">\n\t\t\t\t\t\t\t\t\t\t\t\t\t<\/div>\n\t\t\t\t\t<\/div>\n\t\t\t\t<\/div>\n\t\t\t<\/div>\n\t\t\t\t<div class=\"eltdf-team-info\">\n\t\t\t\t\t\t\t<h6 class=\"eltdf-team-name\" >Univers Gospel<\/h6>\n\t\t\t\t\t\t\t\t\t\t<h4 class=\"eltdf-team-position\" >Groupe Gospel<\/h4>\n\t\t\t\t\t<\/div>\n\t<\/div>\n<\/div>[vc_btn title=\u00a0\u00bbD\u00e9couvrir\u00a0\u00bb style=\u00a0\u00bbclassic\u00a0\u00bb shape=\u00a0\u00bbsquare\u00a0\u00bb color=\u00a0\u00bbblack\u00a0\u00bb link=\u00a0\u00bburl:https%3A%2F%2Fjuniorfritzjacquet.com%2Fjfj%2Fportfolio%2Funivers-gospel%2F\u00a0\u00bb css=\u00a0\u00bb.vc_custom_1717099847206{margin-top: 5% !important;}\u00a0\u00bb][\/vc_column][\/vc_row][vc_row row_content_width=\u00a0\u00bbgrid\u00a0\u00bb content_text_aligment=\u00a0\u00bbcenter\u00a0\u00bb disable_background_image=\u00a0\u00bb\u00a0\u00bb][vc_column width=\u00a0\u00bb1\/3&Prime;]<div class=\"eltdf-team-holder eltdf-team-info-below-image eltdf-team-square\">\n\t<div class=\"eltdf-team-inner\">\n\t\t\t\t\t<div class=\"eltdf-team-image\">\n                <img loading=\"lazy\" decoding=\"async\" width=\"600\" height=\"646\" src=\"https:\/\/juniorfritzjacquet.com\/jfj\/wp-content\/uploads\/2023\/12\/Marjorie-Savary-danseuse1-couv-copie.jpg\" class=\"attachment-full size-full\" alt=\"\" srcset=\"https:\/\/juniorfritzjacquet.com\/jfj\/wp-content\/uploads\/2023\/12\/Marjorie-Savary-danseuse1-couv-copie.jpg 600w, https:\/\/juniorfritzjacquet.com\/jfj\/wp-content\/uploads\/2023\/12\/Marjorie-Savary-danseuse1-couv-copie-279x300.jpg 279w, https:\/\/juniorfritzjacquet.com\/jfj\/wp-content\/uploads\/2023\/12\/Marjorie-Savary-danseuse1-couv-copie-186x200.jpg 186w\" sizes=\"(max-width: 600px) 100vw, 600px\" \/>\t\t\t\t<div class=\"eltdf-team-social-wrapper\">\n\t\t\t\t\t<div class=\"eltdf-team-social-outer\">\n\t\t\t\t\t\t<div class=\"eltdf-team-social-inner\">\n\t\t\t\t\t\t\t\t\t\t\t\t\t<\/div>\n\t\t\t\t\t<\/div>\n\t\t\t\t<\/div>\n\t\t\t<\/div>\n\t\t\t\t<div class=\"eltdf-team-info\">\n\t\t\t\t\t\t\t<h6 class=\"eltdf-team-name\" >Marjorie Savary<\/h6>\n\t\t\t\t\t\t\t\t\t\t<h4 class=\"eltdf-team-position\" >Danseuse<\/h4>\n\t\t\t\t\t<\/div>\n\t<\/div>\n<\/div>[vc_btn title=\u00a0\u00bbD\u00e9couvrir\u00a0\u00bb style=\u00a0\u00bbclassic\u00a0\u00bb shape=\u00a0\u00bbsquare\u00a0\u00bb color=\u00a0\u00bbblack\u00a0\u00bb link=\u00a0\u00bburl:https%3A%2F%2Fjuniorfritzjacquet.com%2Fjfj%2Fportfolio%2Fmarjorie-savary%2F\u00a0\u00bb css=\u00a0\u00bb.vc_custom_1717100206730{margin-top: 5% !important;}\u00a0\u00bb][\/vc_column][vc_column width=\u00a0\u00bb1\/3&Prime;]<div class=\"eltdf-team-holder eltdf-team-info-below-image eltdf-team-square\">\n\t<div class=\"eltdf-team-inner\">\n\t\t\t\t\t<div class=\"eltdf-team-image\">\n                <img loading=\"lazy\" decoding=\"async\" width=\"600\" height=\"646\" src=\"https:\/\/juniorfritzjacquet.com\/jfj\/wp-content\/uploads\/2023\/09\/profil-partenaire-LouisedeArco.jpg\" class=\"attachment-full size-full\" alt=\"\" srcset=\"https:\/\/juniorfritzjacquet.com\/jfj\/wp-content\/uploads\/2023\/09\/profil-partenaire-LouisedeArco.jpg 600w, https:\/\/juniorfritzjacquet.com\/jfj\/wp-content\/uploads\/2023\/09\/profil-partenaire-LouisedeArco-279x300.jpg 279w, https:\/\/juniorfritzjacquet.com\/jfj\/wp-content\/uploads\/2023\/09\/profil-partenaire-LouisedeArco-186x200.jpg 186w\" sizes=\"(max-width: 600px) 100vw, 600px\" \/>\t\t\t\t<div class=\"eltdf-team-social-wrapper\">\n\t\t\t\t\t<div class=\"eltdf-team-social-outer\">\n\t\t\t\t\t\t<div class=\"eltdf-team-social-inner\">\n\t\t\t\t\t\t\t\t\t\t\t\t\t<\/div>\n\t\t\t\t\t<\/div>\n\t\t\t\t<\/div>\n\t\t\t<\/div>\n\t\t\t\t<div class=\"eltdf-team-info\">\n\t\t\t\t\t\t\t<h6 class=\"eltdf-team-name\" >Louise De Arco<\/h6>\n\t\t\t\t\t\t\t\t\t\t<h4 class=\"eltdf-team-position\" >Chanteuse<\/h4>\n\t\t\t\t\t<\/div>\n\t<\/div>\n<\/div>[vc_btn title=\u00a0\u00bbD\u00e9couvrir\u00a0\u00bb style=\u00a0\u00bbclassic\u00a0\u00bb shape=\u00a0\u00bbsquare\u00a0\u00bb color=\u00a0\u00bbblack\u00a0\u00bb link=\u00a0\u00bburl:https%3A%2F%2Fjuniorfritzjacquet.com%2Fjfj%2Fportfolio%2Flouise-de-arco%2F\u00a0\u00bb css=\u00a0\u00bb.vc_custom_1717100468252{margin-top: 5% !important;}\u00a0\u00bb][\/vc_column][vc_column width=\u00a0\u00bb1\/3&Prime;]<div class=\"eltdf-team-holder eltdf-team-info-below-image eltdf-team-square\">\n\t<div class=\"eltdf-team-inner\">\n\t\t\t\t\t<div class=\"eltdf-team-image\">\n                <img loading=\"lazy\" decoding=\"async\" width=\"600\" height=\"646\" src=\"https:\/\/juniorfritzjacquet.com\/jfj\/wp-content\/uploads\/2023\/09\/profil-partenaire-Sandrine-.jpg\" class=\"attachment-full size-full\" alt=\"\" srcset=\"https:\/\/juniorfritzjacquet.com\/jfj\/wp-content\/uploads\/2023\/09\/profil-partenaire-Sandrine-.jpg 600w, https:\/\/juniorfritzjacquet.com\/jfj\/wp-content\/uploads\/2023\/09\/profil-partenaire-Sandrine--279x300.jpg 279w, https:\/\/juniorfritzjacquet.com\/jfj\/wp-content\/uploads\/2023\/09\/profil-partenaire-Sandrine--186x200.jpg 186w\" sizes=\"(max-width: 600px) 100vw, 600px\" \/>\t\t\t\t<div class=\"eltdf-team-social-wrapper\">\n\t\t\t\t\t<div class=\"eltdf-team-social-outer\">\n\t\t\t\t\t\t<div class=\"eltdf-team-social-inner\">\n\t\t\t\t\t\t\t\t\t\t\t\t\t<\/div>\n\t\t\t\t\t<\/div>\n\t\t\t\t<\/div>\n\t\t\t<\/div>\n\t\t\t\t<div class=\"eltdf-team-info\">\n\t\t\t\t\t\t\t<h6 class=\"eltdf-team-name\" >Christina Rosmini<\/h6>\n\t\t\t\t\t\t\t\t\t\t<h4 class=\"eltdf-team-position\" >Com\u00e9dienne, chanteuse, danseuse, musicienne<\/h4>\n\t\t\t\t\t<\/div>\n\t<\/div>\n<\/div>[vc_btn title=\u00a0\u00bbD\u00e9couvrir\u00a0\u00bb style=\u00a0\u00bbclassic\u00a0\u00bb shape=\u00a0\u00bbsquare\u00a0\u00bb color=\u00a0\u00bbblack\u00a0\u00bb link=\u00a0\u00bburl:https%3A%2F%2Fjuniorfritzjacquet.com%2Fjfj%2Fportfolio%2Fchristina%2F\u00a0\u00bb css=\u00a0\u00bb.vc_custom_1717100820005{margin-top: 5% !important;}\u00a0\u00bb][\/vc_column][\/vc_row][vc_row disable_background_image=\u00a0\u00bb\u00a0\u00bb css=\u00a0\u00bb.vc_custom_1717017132044{margin-top: 40px !important;padding-top: 40px !important;background-image: url(https:\/\/juniorfritzjacquet.com\/jfj\/wp-content\/uploads\/2024\/05\/fond-formulaire-concept-exposition-jfj.jpg?id=31533) !important;}\u00a0\u00bb][vc_column width=\u00a0\u00bb1\/2&Prime; css=\u00a0\u00bb.vc_custom_1693857560196{padding-left: 60px !important;}\u00a0\u00bb]<div class=\"eltdf-section-title-holder eltdf-default-separator-image\" >\n\t\t\t<h2 class=\"eltdf-st-title\" style=\"color: #ffffff\">\n\t\t\t<span>Devenez partenaire du prochain \u00e9v\u00e8nement<\/span>\n\t\t<\/h2>\n\t\t\t<\/div>[vc_column_text]<span style=\"color: #ffffff;\">Tel : 06 17 06 52 82<\/span><\/p>\n<p><span style=\"color: #ffffff;\">Email : contact@juniorfritzjacquet.com<\/span>[\/vc_column_text][\/vc_column][vc_column width=\u00a0\u00bb1\/2&Prime; css=\u00a0\u00bb.vc_custom_1693857577506{padding-right: 60px !important;}\u00a0\u00bb]<div role=\"form\" class=\"wpcf7\" id=\"wpcf7-f29135-o1\" lang=\"fr-FR\" dir=\"ltr\">\n<div class=\"screen-reader-response\"><\/div>\n<form action=\"\/jfj\/wp-json\/wp\/v2\/pages\/31536#wpcf7-f29135-o1\" method=\"post\" class=\"wpcf7-form cf7_custom_style_1\" novalidate=\"novalidate\">\n<div style=\"display: none;\">\n<input type=\"hidden\" name=\"_wpcf7\" value=\"29135\" \/>\n<input type=\"hidden\" name=\"_wpcf7_version\" value=\"5.1.5\" \/>\n<input type=\"hidden\" name=\"_wpcf7_locale\" value=\"fr_FR\" \/>\n<input type=\"hidden\" name=\"_wpcf7_unit_tag\" value=\"wpcf7-f29135-o1\" \/>\n<input type=\"hidden\" name=\"_wpcf7_container_post\" value=\"0\" \/>\n<\/div>\n<div style=\"wdth:50%\">\n<label> Votre nom (obligatoire)<br \/>\n    <span class=\"wpcf7-form-control-wrap your-name\"><input type=\"text\" name=\"your-name\" value=\"\" size=\"40\" class=\"wpcf7-form-control wpcf7-text wpcf7-validates-as-required\" aria-required=\"true\" aria-invalid=\"false\" \/><\/span> <\/label><\/p>\n<p><label> Votre adresse de messagerie (obligatoire)<br \/>\n    <span class=\"wpcf7-form-control-wrap your-email\"><input type=\"email\" name=\"your-email\" value=\"\" size=\"40\" class=\"wpcf7-form-control wpcf7-text wpcf7-email wpcf7-validates-as-required wpcf7-validates-as-email\" aria-required=\"true\" aria-invalid=\"false\" \/><\/span> <\/label><\/p>\n<p><label> Objet<br \/>\n    <span class=\"wpcf7-form-control-wrap your-subject\"><input type=\"text\" name=\"your-subject\" value=\"\" size=\"40\" class=\"wpcf7-form-control wpcf7-text\" aria-invalid=\"false\" \/><\/span> <\/label><\/p>\n<p><label> Votre message<br \/>\n    <span class=\"wpcf7-form-control-wrap your-message\"><textarea name=\"your-message\" cols=\"40\" rows=\"10\" class=\"wpcf7-form-control wpcf7-textarea\" aria-invalid=\"false\"><\/textarea><\/span> <\/label><\/p>\n<p><input type=\"submit\" value=\"Envoyer\" class=\"wpcf7-form-control wpcf7-submit\" \/>\n<\/p><\/div>\n<div class=\"wpcf7-response-output wpcf7-display-none\"><\/div><\/form><\/div>[\/vc_column][\/vc_row]<\/p>\n","protected":false},"excerpt":{"rendered":"<p>[vc_row disable_background_image=\u00a0\u00bb\u00a0\u00bb css=\u00a0\u00bb.vc_custom_1693761847051{background-color: #fbfbfc !important;}\u00a0\u00bb][vc_column css=\u00a0\u00bb.vc_custom_1489050628197{padding-top: 0px !important;}\u00a0\u00bb][rev_slider_vc alias=\u00a0\u00bbsliderexpo-le-lieu-1&Prime;][\/vc_column][\/vc_row][vc_row disable_background_image=\u00a0\u00bb1280&Prime; css=\u00a0\u00bb.vc_custom_1694616410450{padding-top: 61px !important;background: #ededed url(http:\/\/koto.elated-themes.com\/wp-content\/uploads\/2017\/02\/h1-background-4.jpg?id=3814) !important;background-position: center !important;background-repeat: no-repeat !important;background-size: cover !important;}\u00a0\u00bb][vc_column][vc_row_inner row_content_width=\u00a0\u00bbgrid\u00a0\u00bb disable_background_image=\u00a0\u00bb\u00a0\u00bb][vc_column_inner css=\u00a0\u00bb.vc_custom_1711655496854{padding-bottom: 40px !important;}\u00a0\u00bb][\/vc_column_inner][vc_column_inner offset=\u00a0\u00bbvc_col-lg-6 vc_col-md-12&Prime;][vc_empty_space height=\u00a0\u00bb15px\u00a0\u00bb][vc_column_text]Pour rythmer l&rsquo;exposition, nous avons mis en place des concerts, des [&hellip;]<\/p>\n","protected":false},"author":1,"featured_media":0,"parent":3645,"menu_order":0,"comment_status":"closed","ping_status":"closed","template":"full-width.php","meta":{"footnotes":""},"class_list":["post-31536","page","type-page","status-publish","hentry"],"_links":{"self":[{"href":"https:\/\/juniorfritzjacquet.com\/jfj\/wp-json\/wp\/v2\/pages\/31536"}],"collection":[{"href":"https:\/\/juniorfritzjacquet.com\/jfj\/wp-json\/wp\/v2\/pages"}],"about":[{"href":"https:\/\/juniorfritzjacquet.com\/jfj\/wp-json\/wp\/v2\/types\/page"}],"author":[{"embeddable":true,"href":"https:\/\/juniorfritzjacquet.com\/jfj\/wp-json\/wp\/v2\/users\/1"}],"replies":[{"embeddable":true,"href":"https:\/\/juniorfritzjacquet.com\/jfj\/wp-json\/wp\/v2\/comments?post=31536"}],"version-history":[{"count":21,"href":"https:\/\/juniorfritzjacquet.com\/jfj\/wp-json\/wp\/v2\/pages\/31536\/revisions"}],"predecessor-version":[{"id":31569,"href":"https:\/\/juniorfritzjacquet.com\/jfj\/wp-json\/wp\/v2\/pages\/31536\/revisions\/31569"}],"up":[{"embeddable":true,"href":"https:\/\/juniorfritzjacquet.com\/jfj\/wp-json\/wp\/v2\/pages\/3645"}],"wp:attachment":[{"href":"https:\/\/juniorfritzjacquet.com\/jfj\/wp-json\/wp\/v2\/media?parent=31536"}],"curies":[{"name":"wp","href":"https:\/\/api.w.org\/{rel}","templated":true}]}}