{"id":31490,"date":"2024-03-28T20:09:48","date_gmt":"2024-03-28T19:09:48","guid":{"rendered":"https:\/\/juniorfritzjacquet.com\/jfj\/?page_id=31490"},"modified":"2024-05-29T23:10:46","modified_gmt":"2024-05-29T21:10:46","slug":"concept","status":"publish","type":"page","link":"https:\/\/juniorfritzjacquet.com\/jfj\/exposition-signature-jfj\/concept\/","title":{"rendered":"Concept"},"content":{"rendered":"<p>[vc_row disable_background_image=\u00a0\u00bb\u00a0\u00bb css=\u00a0\u00bb.vc_custom_1693761847051{background-color: #fbfbfc !important;}\u00a0\u00bb][vc_column css=\u00a0\u00bb.vc_custom_1489050628197{padding-top: 0px !important;}\u00a0\u00bb][rev_slider_vc alias=\u00a0\u00bbSliderExpo1&Prime;][\/vc_column][\/vc_row][vc_row disable_background_image=\u00a0\u00bb1280&Prime; css=\u00a0\u00bb.vc_custom_1694616410450{padding-top: 61px !important;background: #ededed url(http:\/\/koto.elated-themes.com\/wp-content\/uploads\/2017\/02\/h1-background-4.jpg?id=3814) !important;background-position: center !important;background-repeat: no-repeat !important;background-size: cover !important;}\u00a0\u00bb][vc_column][vc_row_inner row_content_width=\u00a0\u00bbgrid\u00a0\u00bb disable_background_image=\u00a0\u00bb\u00a0\u00bb][vc_column_inner css=\u00a0\u00bb.vc_custom_1711655496854{padding-bottom: 40px !important;}\u00a0\u00bb]<div class=\"eltdf-section-title-holder eltdf-separator-marquee eltdf-default-separator-image\" style=\"padding-left: 10%;padding-right: 10%;text-align: center\">\n\t\t\t<h2 class=\"eltdf-st-title\" >\n\t\t\t<span>Le concept de l&#039;exposition signature<\/span>\n\t\t<\/h2>\n\t\t\t\t<div class=\"eltdf-st-separator\" >\n\t\t\t\t\t\t\t<img decoding=\"async\" itemprop=\"image\" class=\"eltdf-st-separator-image\" src=\"https:\/\/juniorfritzjacquet.com\/jfj\/wp-content\/plugins\/eltdf-core\/shortcodes\/section-title\/assets\/img\/section-title.svg\" alt=\"Section Title Separator\" \/>\n\t\t\t\t\t<\/div>\n\t\t<\/div>[\/vc_column_inner][vc_column_inner offset=\u00a0\u00bbvc_col-lg-6 vc_col-md-12&Prime;][vc_empty_space height=\u00a0\u00bb15px\u00a0\u00bb][vc_column_text]<strong>Un lieu pour donner vie \u00e0 une exposition professionnelle et immersive.<\/strong><\/p>\n<p><strong>1. Surface recherch\u00e9e :<\/strong> un espace entre 100 et 2000 m\u00e8tres carr\u00e9s, disponible pour une p\u00e9riode de 3 \u00e0 6 mois, compte tenu du temps n\u00e9cessaire pour le montage et le d\u00e9montage.<\/p>\n<p><strong>2. Libert\u00e9 cr\u00e9ative :<\/strong> J&rsquo;aimerais avoir la flexibilit\u00e9 d&rsquo;adapter les installations en fonction de mes besoins, sachant que chaque lieu n\u00e9cessite une approche diff\u00e9rente.<\/p>\n<p><strong>3. Soutien du commanditaire pour prendre en charge divers aspects :<\/strong><br \/>\n\u2022\u00a0Assurance pour l&rsquo;\u00e9v\u00e9nement,<br \/>\n\u2022\u00a0Frais de transport,<br \/>\n\u2022\u00a0Logements pour mon \u00e9quipe et moi (au total 5 personnes),<br \/>\n\u2022\u00a0Restauration pendant la dur\u00e9e de l&rsquo;\u00e9v\u00e9nement.<\/p>\n<p><strong>4. Infrastructure \u00e9v\u00e9nementielle :<\/strong> billetterie pour les entr\u00e9es, les ateliers, les formations et les temps forts.<\/p>\n<p><strong>5. Espaces :<\/strong><br \/>\n\u2022\u00a0Un parcours immersif<br \/>\n\u2022 Des ateliers et\/ou formations<br \/>\n\u2022\u00a0Une Boutique<br \/>\n\u2022\u00a0Les temps forts<\/p>\n<p>Si vous avez des suggestions, des contacts, ou si votre entreprise souhaite soutenir ce projet, n&rsquo;h\u00e9sitez pas \u00e0 <a href=\"https:\/\/juniorfritzjacquet.com\/jfj\/contact-junior-fritz-jacquet\/\">nous contacter<\/a>.[\/vc_column_text]<a itemprop=\"url\" href=\"https:\/\/juniorfritzjacquet.com\/jfj\/contact-junior-fritz-jacquet\/\" target=\"_blank\" style=\"color: #ffffff;background-color: #000000;margin: 40px 0 55px 0\" class=\"eltdf-btn eltdf-btn-medium eltdf-btn-solid\" data-hover-color=\"#f2f2f2\" data-hover-bg-color=\"#bababa\" >\n    <span class=\"eltdf-btn-text\">Nous contacter<\/span>\n    <\/a>\n[\/vc_column_inner][vc_column_inner css=\u00a0\u00bb.vc_custom_1487588034325{padding-left: 6% !important;}\u00a0\u00bb offset=\u00a0\u00bbvc_col-lg-6 vc_col-md-12&Prime;][vc_single_image image=\u00a0\u00bb31494&Prime; img_size=\u00a0\u00bbfull\u00a0\u00bb][\/vc_column_inner][\/vc_row_inner][\/vc_column][\/vc_row][vc_row disable_background_image=\u00a0\u00bb1280&Prime; css=\u00a0\u00bb.vc_custom_1694616410450{padding-top: 61px !important;background: #ededed url(http:\/\/koto.elated-themes.com\/wp-content\/uploads\/2017\/02\/h1-background-4.jpg?id=3814) !important;background-position: center !important;background-repeat: no-repeat !important;background-size: cover !important;}\u00a0\u00bb][vc_column][vc_row_inner row_content_width=\u00a0\u00bbgrid\u00a0\u00bb disable_background_image=\u00a0\u00bb\u00a0\u00bb][vc_column_inner css=\u00a0\u00bb.vc_custom_1711655496854{padding-bottom: 40px !important;}\u00a0\u00bb]<div class=\"eltdf-section-title-holder eltdf-separator-marquee eltdf-default-separator-image\" style=\"padding-left: 10%;padding-right: 10%;text-align: center\">\n\t\t\t<h2 class=\"eltdf-st-title\" >\n\t\t\t<span>Parcours immersifs r\u00e9alis\u00e9s<\/span>\n\t\t<\/h2>\n\t\t\t\t<div class=\"eltdf-st-separator\" >\n\t\t\t\t\t\t\t<img decoding=\"async\" itemprop=\"image\" class=\"eltdf-st-separator-image\" src=\"https:\/\/juniorfritzjacquet.com\/jfj\/wp-content\/plugins\/eltdf-core\/shortcodes\/section-title\/assets\/img\/section-title.svg\" alt=\"Section Title Separator\" \/>\n\t\t\t\t\t<\/div>\n\t\t<\/div>[\/vc_column_inner][vc_column_inner offset=\u00a0\u00bbvc_col-lg-6 vc_col-md-12&Prime;][vc_empty_space height=\u00a0\u00bb15px\u00a0\u00bb][vc_single_image image=\u00a0\u00bb31486&Prime; img_size=\u00a0\u00bbfull\u00a0\u00bb][\/vc_column_inner][vc_column_inner css=\u00a0\u00bb.vc_custom_1487588034325{padding-left: 6% !important;}\u00a0\u00bb offset=\u00a0\u00bbvc_col-lg-6 vc_col-md-12&Prime;][vc_column_text]<\/p>\n<h3>Minimes (Compi\u00e8gne)<\/h3>\n<p>\u2022\u00a0Ville : Compi\u00e8gne (nombre d\u2019habitants environ 40000)<br \/>\n\u2022\u00a0Lieu: Espace Eglise D\u00e9sacralis\u00e9e Saint Pierre des Minimes<br \/>\n\u2022\u00a0Superficie : 300 m2<br \/>\n\u2022\u00a0Dur\u00e9e de l\u2019exposition : 6 semaines (du 09\/12\/2023 au 21\/01\/2024)<br \/>\n\u2022\u00a0Nombre de visiteurs : environ 25200[\/vc_column_text]<a itemprop=\"url\" href=\"https:\/\/juniorfritzjacquet.com\/jfj\/exposition-signature-jfj\/\" target=\"_blank\" style=\"color: #ffffff;background-color: #000000;margin: 40px 0 55px 0\" class=\"eltdf-btn eltdf-btn-medium eltdf-btn-solid\" data-hover-color=\"#f2f2f2\" data-hover-bg-color=\"#bababa\" >\n    <span class=\"eltdf-btn-text\">D\u00e9couvrir l&#039;exposition Minimes<\/span>\n    <\/a>\n[\/vc_column_inner][\/vc_row_inner][\/vc_column][\/vc_row][vc_row disable_background_image=\u00a0\u00bb1280&Prime; css=\u00a0\u00bb.vc_custom_1694616410450{padding-top: 61px !important;background: #ededed url(http:\/\/koto.elated-themes.com\/wp-content\/uploads\/2017\/02\/h1-background-4.jpg?id=3814) !important;background-position: center !important;background-repeat: no-repeat !important;background-size: cover !important;}\u00a0\u00bb][vc_column][vc_row_inner row_content_width=\u00a0\u00bbgrid\u00a0\u00bb disable_background_image=\u00a0\u00bb\u00a0\u00bb][vc_column_inner offset=\u00a0\u00bbvc_col-lg-6 vc_col-md-12&Prime;][vc_empty_space height=\u00a0\u00bb15px\u00a0\u00bb][vc_column_text]<\/p>\n<h3>Chatenay Malabry<\/h3>\n<p>\u2022\u00a0Ville : Chatenay Malabry (nombre d\u2019habitants environ 35 000)<br \/>\n\u2022\u00a0Lieu : Pavillon des Arts et de Patrimoine<br \/>\n\u2022\u00a0Superficie : 70 m2<br \/>\n\u2022\u00a0Dur\u00e9e de l\u2019exposition : 2,5 semaines (du 08\/11\/2022 au 26\/11\/2022)<br \/>\n\u2022\u00a0Nombre de visiteurs : 3500[\/vc_column_text]<a itemprop=\"url\" href=\"https:\/\/juniorfritzjacquet.com\/jfj\/2022\/12\/08\/exposition-promenades-imaginaires-de-papier-avec-junior-fritz-jacquet\/\" target=\"_blank\" style=\"color: #ffffff;background-color: #000000;margin: 40px 0 55px 0\" class=\"eltdf-btn eltdf-btn-medium eltdf-btn-solid\" data-hover-color=\"#f2f2f2\" data-hover-bg-color=\"#bababa\" >\n    <span class=\"eltdf-btn-text\">D\u00e9couvrir l&#039;exposition Chatenay<\/span>\n    <\/a>\n[\/vc_column_inner][vc_column_inner css=\u00a0\u00bb.vc_custom_1487588034325{padding-left: 6% !important;}\u00a0\u00bb offset=\u00a0\u00bbvc_col-lg-6 vc_col-md-12&Prime;][vc_single_image image=\u00a0\u00bb31511&Prime; img_size=\u00a0\u00bbfull\u00a0\u00bb][\/vc_column_inner][\/vc_row_inner][\/vc_column][\/vc_row][vc_row disable_background_image=\u00a0\u00bb\u00a0\u00bb css=\u00a0\u00bb.vc_custom_1717017132044{margin-top: 40px !important;padding-top: 40px !important;background-image: url(https:\/\/juniorfritzjacquet.com\/jfj\/wp-content\/uploads\/2024\/05\/fond-formulaire-concept-exposition-jfj.jpg?id=31533) !important;}\u00a0\u00bb][vc_column width=\u00a0\u00bb1\/2&Prime; css=\u00a0\u00bb.vc_custom_1693857560196{padding-left: 60px !important;}\u00a0\u00bb]<div class=\"eltdf-section-title-holder eltdf-default-separator-image\" >\n\t\t\t<h2 class=\"eltdf-st-title\" style=\"color: #ffffff\">\n\t\t\t<span>Devenez partenaire du prochain \u00e9v\u00e8nement<\/span>\n\t\t<\/h2>\n\t\t\t<\/div>[vc_column_text]<span style=\"color: #ffffff;\">Tel : 06 17 06 52 82<\/span><\/p>\n<p><span style=\"color: #ffffff;\">Email : contact@juniorfritzjacquet.com<\/span>[\/vc_column_text][\/vc_column][vc_column width=\u00a0\u00bb1\/2&Prime; css=\u00a0\u00bb.vc_custom_1693857577506{padding-right: 60px !important;}\u00a0\u00bb]<div role=\"form\" class=\"wpcf7\" id=\"wpcf7-f29135-o1\" lang=\"fr-FR\" dir=\"ltr\">\n<div class=\"screen-reader-response\"><\/div>\n<form action=\"\/jfj\/wp-json\/wp\/v2\/pages\/31490#wpcf7-f29135-o1\" method=\"post\" class=\"wpcf7-form cf7_custom_style_1\" novalidate=\"novalidate\">\n<div style=\"display: none;\">\n<input type=\"hidden\" name=\"_wpcf7\" value=\"29135\" \/>\n<input type=\"hidden\" name=\"_wpcf7_version\" value=\"5.1.5\" \/>\n<input type=\"hidden\" name=\"_wpcf7_locale\" value=\"fr_FR\" \/>\n<input type=\"hidden\" name=\"_wpcf7_unit_tag\" value=\"wpcf7-f29135-o1\" \/>\n<input type=\"hidden\" name=\"_wpcf7_container_post\" value=\"0\" \/>\n<\/div>\n<div style=\"wdth:50%\">\n<label> Votre nom (obligatoire)<br \/>\n    <span class=\"wpcf7-form-control-wrap your-name\"><input type=\"text\" name=\"your-name\" value=\"\" size=\"40\" class=\"wpcf7-form-control wpcf7-text wpcf7-validates-as-required\" aria-required=\"true\" aria-invalid=\"false\" \/><\/span> <\/label><\/p>\n<p><label> Votre adresse de messagerie (obligatoire)<br \/>\n    <span class=\"wpcf7-form-control-wrap your-email\"><input type=\"email\" name=\"your-email\" value=\"\" size=\"40\" class=\"wpcf7-form-control wpcf7-text wpcf7-email wpcf7-validates-as-required wpcf7-validates-as-email\" aria-required=\"true\" aria-invalid=\"false\" \/><\/span> <\/label><\/p>\n<p><label> Objet<br \/>\n    <span class=\"wpcf7-form-control-wrap your-subject\"><input type=\"text\" name=\"your-subject\" value=\"\" size=\"40\" class=\"wpcf7-form-control wpcf7-text\" aria-invalid=\"false\" \/><\/span> <\/label><\/p>\n<p><label> Votre message<br \/>\n    <span class=\"wpcf7-form-control-wrap your-message\"><textarea name=\"your-message\" cols=\"40\" rows=\"10\" class=\"wpcf7-form-control wpcf7-textarea\" aria-invalid=\"false\"><\/textarea><\/span> <\/label><\/p>\n<p><input type=\"submit\" value=\"Envoyer\" class=\"wpcf7-form-control wpcf7-submit\" \/>\n<\/p><\/div>\n<div class=\"wpcf7-response-output wpcf7-display-none\"><\/div><\/form><\/div>[\/vc_column][\/vc_row]<\/p>\n","protected":false},"excerpt":{"rendered":"<p>[vc_row disable_background_image=\u00a0\u00bb\u00a0\u00bb css=\u00a0\u00bb.vc_custom_1693761847051{background-color: #fbfbfc !important;}\u00a0\u00bb][vc_column css=\u00a0\u00bb.vc_custom_1489050628197{padding-top: 0px !important;}\u00a0\u00bb][rev_slider_vc alias=\u00a0\u00bbSliderExpo1&Prime;][\/vc_column][\/vc_row][vc_row disable_background_image=\u00a0\u00bb1280&Prime; css=\u00a0\u00bb.vc_custom_1694616410450{padding-top: 61px !important;background: #ededed url(http:\/\/koto.elated-themes.com\/wp-content\/uploads\/2017\/02\/h1-background-4.jpg?id=3814) !important;background-position: center !important;background-repeat: no-repeat !important;background-size: cover !important;}\u00a0\u00bb][vc_column][vc_row_inner row_content_width=\u00a0\u00bbgrid\u00a0\u00bb disable_background_image=\u00a0\u00bb\u00a0\u00bb][vc_column_inner css=\u00a0\u00bb.vc_custom_1711655496854{padding-bottom: 40px !important;}\u00a0\u00bb][\/vc_column_inner][vc_column_inner offset=\u00a0\u00bbvc_col-lg-6 vc_col-md-12&Prime;][vc_empty_space height=\u00a0\u00bb15px\u00a0\u00bb][vc_column_text]Un lieu pour donner vie \u00e0 une exposition professionnelle et immersive. [&hellip;]<\/p>\n","protected":false},"author":1,"featured_media":0,"parent":3645,"menu_order":0,"comment_status":"closed","ping_status":"closed","template":"full-width.php","meta":{"footnotes":""},"class_list":["post-31490","page","type-page","status-publish","hentry"],"_links":{"self":[{"href":"https:\/\/juniorfritzjacquet.com\/jfj\/wp-json\/wp\/v2\/pages\/31490"}],"collection":[{"href":"https:\/\/juniorfritzjacquet.com\/jfj\/wp-json\/wp\/v2\/pages"}],"about":[{"href":"https:\/\/juniorfritzjacquet.com\/jfj\/wp-json\/wp\/v2\/types\/page"}],"author":[{"embeddable":true,"href":"https:\/\/juniorfritzjacquet.com\/jfj\/wp-json\/wp\/v2\/users\/1"}],"replies":[{"embeddable":true,"href":"https:\/\/juniorfritzjacquet.com\/jfj\/wp-json\/wp\/v2\/comments?post=31490"}],"version-history":[{"count":33,"href":"https:\/\/juniorfritzjacquet.com\/jfj\/wp-json\/wp\/v2\/pages\/31490\/revisions"}],"predecessor-version":[{"id":31535,"href":"https:\/\/juniorfritzjacquet.com\/jfj\/wp-json\/wp\/v2\/pages\/31490\/revisions\/31535"}],"up":[{"embeddable":true,"href":"https:\/\/juniorfritzjacquet.com\/jfj\/wp-json\/wp\/v2\/pages\/3645"}],"wp:attachment":[{"href":"https:\/\/juniorfritzjacquet.com\/jfj\/wp-json\/wp\/v2\/media?parent=31490"}],"curies":[{"name":"wp","href":"https:\/\/api.w.org\/{rel}","templated":true}]}}