{"id":31403,"date":"2023-12-06T20:32:14","date_gmt":"2023-12-06T19:32:14","guid":{"rendered":"https:\/\/juniorfritzjacquet.com\/jfj\/?page_id=31403"},"modified":"2023-12-08T17:24:10","modified_gmt":"2023-12-08T16:24:10","slug":"partenaire-groupe-morault","status":"publish","type":"page","link":"https:\/\/juniorfritzjacquet.com\/jfj\/exposition-signature-jfj\/devenir-partenaire\/partenaire-groupe-morault\/","title":{"rendered":"Partenaire Groupe Morault"},"content":{"rendered":"<p>[vc_row full_width=\u00a0\u00bbstretch_row_content_no_spaces\u00a0\u00bb disable_background_image=\u00a0\u00bb\u00a0\u00bb][vc_column parallax=\u00a0\u00bbcontent-moving-fade\u00a0\u00bb parallax_image=\u00a0\u00bb31415&Prime;][vc_column_text css=\u00a0\u00bb.vc_custom_1702048530957{margin-right: 100px !important;margin-bottom: 60px !important;margin-left: 100px !important;}\u00a0\u00bb]<\/p>\n<h3 style=\"text-align: center;\"><span style=\"color: #ffffff;\"><strong>Groupe Morault, partenaire papier de l\u2019exposition<\/strong><\/span><\/h3>\n<p>[\/vc_column_text][vc_single_image image=\u00a0\u00bb31409&Prime; img_size=\u00a0\u00bbfull\u00a0\u00bb alignment=\u00a0\u00bbcenter\u00a0\u00bb css=\u00a0\u00bb.vc_custom_1701892056903{margin-bottom: 60px !important;}\u00a0\u00bb][\/vc_column][\/vc_row][vc_row disable_background_image=\u00a0\u00bb\u00a0\u00bb css=\u00a0\u00bb.vc_custom_1696181494807{margin-top: 60px !important;margin-bottom: 60px !important;}\u00a0\u00bb][vc_column]<div class=\"eltdf-section-title-holder eltdf-default-separator-image\" style=\"text-align: left\">\n\t\t\t<h2 class=\"eltdf-st-title\" >\n\t\t\t<span>Partenariat Groupe Morault &amp; JFJ<\/span>\n\t\t<\/h2>\n\t\t\t<\/div>[vc_column_text]Nous sommes enchant\u00e9s de vous d\u00e9voiler notre partenariat exceptionnel dans le cadre de l&rsquo;exposition signature de Junior Fritz Jacquet. L&rsquo;art a la capacit\u00e9 unique de transcender les fronti\u00e8res, d&rsquo;\u00e9tablir des passerelles entre les cultures et de susciter des \u00e9motions profondes. C&rsquo;est dans cet esprit que nous avons uni nos forces avec le groupe Morault, qui\u00a0compte parmi les leaders de l\u2019imprimerie en France, et ses sites de production disposant de l\u2019int\u00e9gralit\u00e9 des services \u200ede la cha\u00eene graphique.[\/vc_column_text][\/vc_column][\/vc_row][vc_row disable_background_image=\u00a0\u00bb\u00a0\u00bb css=\u00a0\u00bb.vc_custom_1696181494807{margin-top: 60px !important;margin-bottom: 60px !important;}\u00a0\u00bb][vc_column width=\u00a0\u00bb1\/2&Prime;]<div class=\"eltdf-section-title-holder eltdf-default-separator-image\" style=\"text-align: left\">\n\t\t\t<h2 class=\"eltdf-st-title\" >\n\t\t\t<span>L&#039;apport indispensable du groupe Morault pour l&#039;exposition<\/span>\n\t\t<\/h2>\n\t\t\t<\/div>[vc_column_text]<\/p>\n<div>En tant que fervent d\u00e9fenseur de l&rsquo;\u00e9cologie et du recyclage, c&rsquo;est avec grande joie que nous avons accept\u00e9 la main tendue du Groupe Morault qui nous a fait\u00a0 don de rognes de papier pour parfaire l&rsquo;installation de l&rsquo;exposition No\u00ebl au Jardin d&rsquo;Eden.<\/div>\n<div><\/div>\n<div><strong>La contribution Morault\u00a0<\/strong><\/div>\n<ul>\n<li class=\"yiv8559675251\">20 bennes de Rognes<\/li>\n<li class=\"yiv8559675251\">2 bobines de papier offset de 2 x 100 kg de 70\/80 grammes<\/li>\n<li class=\"yiv8559675251\">Environ, 1000 carr\u00e9s de ce m\u00eame papier d\u00e9coup\u00e9s aux formats 15\/15 cm et 20\/20 cm<\/li>\n<\/ul>\n<p>[\/vc_column_text][\/vc_column][vc_column width=\u00a0\u00bb1\/2&Prime;][vc_single_image image=\u00a0\u00bb31420&Prime; img_size=\u00a0\u00bblarge\u00a0\u00bb][\/vc_column][\/vc_row][vc_row disable_background_image=\u00a0\u00bb\u00a0\u00bb css=\u00a0\u00bb.vc_custom_1696181494807{margin-top: 60px !important;margin-bottom: 60px !important;}\u00a0\u00bb][vc_column]<div class=\"eltdf-section-title-holder eltdf-default-separator-image\" style=\"text-align: left\">\n\t\t\t<h2 class=\"eltdf-st-title\" >\n\t\t\t<span>Pr\u00e9sentation du groupe Morault<\/span>\n\t\t<\/h2>\n\t\t\t<\/div>[vc_row_inner disable_background_image=\u00a0\u00bb\u00a0\u00bb css=\u00a0\u00bb.vc_custom_1702052469146{margin-top: 20px !important;}\u00a0\u00bb][vc_column_inner width=\u00a0\u00bb1\/2&Prime;][vc_column_text]Acteur reconnu dans le secteur de la communication et de l\u2019\u00e9dition o\u00f9\u200e son savoir-faire est reconnu par de nombreux partenaires, le Groupe est aussi pr\u00e9sent dans beaucoup d\u2019autres secteurs \u00e9conomiques. La force de notre entreprise, dont la plus importante est implant\u00e9e \u00e0 Compi\u00e8gne, \u00e0 1H de Paris, r\u00e9side dans l\u2019int\u00e9gration interne d\u2019une offre globale et ma\u00eetris\u00e9e des circuits de transformation et d\u2019acheminement des documents.<\/p>\n<h3>Une offre globale d\u2019impression implant\u00e9e en France<\/h3>\n<p>Le Groupe des Imprimeries Morault compte parmi les leaders de l\u2019imprimerie en France, et ses sites de production disposent de l\u2019int\u00e9gralit\u00e9 des services \u200ede la cha\u00eene graphique.[\/vc_column_text][\/vc_column_inner][vc_column_inner width=\u00a0\u00bb1\/2&Prime;][vc_single_image image=\u00a0\u00bb31422&Prime; img_size=\u00a0\u00bblarge\u00a0\u00bb][\/vc_column_inner][\/vc_row_inner][\/vc_column][\/vc_row][vc_row full_width=\u00a0\u00bbstretch_row_content\u00a0\u00bb row_content_width=\u00a0\u00bbgrid\u00a0\u00bb disable_background_image=\u00a0\u00bb\u00a0\u00bb css=\u00a0\u00bb.vc_custom_1697135170629{margin-bottom: 30px !important;background-position: center !important;background-repeat: no-repeat !important;background-size: cover !important;}\u00a0\u00bb][vc_column css=\u00a0\u00bb.vc_custom_1679598759758{margin-top: 20px !important;margin-bottom: 30px !important;}\u00a0\u00bb][vc_row_inner row_content_width=\u00a0\u00bbgrid\u00a0\u00bb disable_background_image=\u00a0\u00bb\u00a0\u00bb][vc_column_inner]<div class=\"eltdf-section-title-holder eltdf-default-separator-image\" style=\"text-align: center\">\n\t\t\t<h2 class=\"eltdf-st-title\" >\n\t\t\t<span>Savoir faire et \u00e9quipements du Groupe Morault<\/span>\n\t\t<\/h2>\n\t\t\t<\/div>[vc_column_text css=\u00a0\u00bb.vc_custom_1702052282963{margin-top: 20px !important;}\u00a0\u00bb]<\/p>\n<p style=\"text-align: center;\">D\u00e9couvrez la compl\u00e9mentarit\u00e9 et la diversit\u00e9 des moyens techniques, positionnant le Groupe Morault comme un des imprimeurs \u00e0 Paris de r\u00e9f\u00e9rence, \u00e0 m\u00eame de vous soumettre une offre globale, du print : num\u00e9rique, offset feuille et rotative, jusqu\u2019\u00e0 la mise sous film \u00e0 l\u2019unit\u00e9 et \u00e0 la gestion logistique de vos imprim\u00e9s. Cette plate-forme de fabrication et d\u2019impression vous permet ainsi de centraliser l\u2019int\u00e9gralit\u00e9 de vos campagnes de communication.<\/p>\n<p>[\/vc_column_text][\/vc_column_inner][\/vc_row_inner][vc_row_inner equal_height=\u00a0\u00bbyes\u00a0\u00bb row_content_width=\u00a0\u00bbgrid\u00a0\u00bb disable_background_image=\u00a0\u00bb\u00a0\u00bb css=\u00a0\u00bb.vc_custom_1697136188590{margin-top: 20px !important;}\u00a0\u00bb][vc_column_inner width=\u00a0\u00bb1\/3&Prime;][vc_hoverbox image=\u00a0\u00bb31424&Prime; primary_title=\u00a0\u00bb\u00a0\u00bb hover_title=\u00a0\u00bb\u00a0\u00bb shape=\u00a0\u00bbsquare\u00a0\u00bb hover_background_color=\u00a0\u00bbwhite\u00a0\u00bb hover_btn_title=\u00a0\u00bbD\u00e9couvrir\u00a0\u00bb hover_btn_style=\u00a0\u00bbcustom\u00a0\u00bb hover_btn_custom_background=\u00a0\u00bb#00b0c2&Prime; hover_btn_custom_text=\u00a0\u00bb#ffffff\u00a0\u00bb hover_add_button=\u00a0\u00bbtrue\u00a0\u00bb hover_btn_link=\u00a0\u00bburl:https%3A%2F%2Fwww.groupe-morault.com%2F|target:_blank\u00a0\u00bb]UN TRAVAIL D\u2019\u00c9QUIPE POUR UNE PRESTATION DE QUALIT\u00c9[\/vc_hoverbox][\/vc_column_inner][vc_column_inner width=\u00a0\u00bb1\/3&Prime;][vc_hoverbox image=\u00a0\u00bb31425&Prime; primary_title=\u00a0\u00bb\u00a0\u00bb hover_title=\u00a0\u00bb\u00a0\u00bb shape=\u00a0\u00bbsquare\u00a0\u00bb hover_background_color=\u00a0\u00bbwhite\u00a0\u00bb hover_btn_title=\u00a0\u00bbD\u00e9couvrir\u00a0\u00bb hover_btn_style=\u00a0\u00bbcustom\u00a0\u00bb hover_btn_custom_background=\u00a0\u00bb#00b0c2&Prime; hover_btn_custom_text=\u00a0\u00bb#ffffff\u00a0\u00bb hover_add_button=\u00a0\u00bbtrue\u00a0\u00bb hover_btn_link=\u00a0\u00bburl:https%3A%2F%2Fwww.groupe-morault.com%2F|target:_blank\u00a0\u00bb]GROUPE DES IMPRIMERIES MORAULT[\/vc_hoverbox][\/vc_column_inner][vc_column_inner width=\u00a0\u00bb1\/3&Prime;][vc_hoverbox image=\u00a0\u00bb31426&Prime; primary_title=\u00a0\u00bb\u00a0\u00bb hover_title=\u00a0\u00bb\u00a0\u00bb shape=\u00a0\u00bbsquare\u00a0\u00bb hover_background_color=\u00a0\u00bbwhite\u00a0\u00bb hover_btn_title=\u00a0\u00bbD\u00e9couvrir\u00a0\u00bb hover_btn_style=\u00a0\u00bbcustom\u00a0\u00bb hover_btn_custom_background=\u00a0\u00bb#00b0c2&Prime; hover_btn_custom_text=\u00a0\u00bb#ffffff\u00a0\u00bb hover_add_button=\u00a0\u00bbtrue\u00a0\u00bb hover_btn_link=\u00a0\u00bburl:https%3A%2F%2Fwww.groupe-morault.com%2F|target:_blank\u00a0\u00bb]DES MACHINES PERFORMANTES \u00c0 VOTRE SERVICE[\/vc_hoverbox][\/vc_column_inner][\/vc_row_inner][\/vc_column][\/vc_row][vc_row disable_background_image=\u00a0\u00bb\u00a0\u00bb css=\u00a0\u00bb.vc_custom_1696275106495{margin-top: 20px !important;margin-bottom: 60px !important;}\u00a0\u00bb][vc_column]<div class=\"eltdf-section-title-holder eltdf-default-separator-image\" style=\"text-align: center\">\n\t\t\t<h2 class=\"eltdf-st-title\" style=\"color: #000000\">\n\t\t\t<span>Le groupe des imprimeries Morault &amp; l&#039;environnement<\/span>\n\t\t<\/h2>\n\t\t\t\t\t<h4 class=\"eltdf-st-text\" >Le Groupe des Imprimeries Morault s\u2019est largement engag\u00e9 en faveur de la protection de l\u2019environnement.<\/h4>\n\t<\/div>[\/vc_column][\/vc_row][vc_row disable_background_image=\u00a0\u00bb\u00a0\u00bb][vc_column width=\u00a0\u00bb1\/3&Prime;][vc_separator border_width=\u00a0\u00bb2&Prime; css_animation=\u00a0\u00bbbounceInLeft\u00a0\u00bb][vc_column_text]<\/p>\n<h4 style=\"text-align: left;\">Le papier et le carton<\/h4>\n<p style=\"text-align: left;\">sont recycl\u00e9s, en triant s\u00e9par\u00e9ment les chutes de papier blanches, le papier imprim\u00e9 et le carton,<\/p>\n<p>[\/vc_column_text][\/vc_column][vc_column width=\u00a0\u00bb1\/3&Prime;][vc_separator border_width=\u00a0\u00bb2&Prime; css_animation=\u00a0\u00bbbounceInLeft\u00a0\u00bb][vc_column_text]<\/p>\n<h4 style=\"text-align: left;\">Les palettes de bois<\/h4>\n<p style=\"text-align: left;\">non r\u00e9utilisables sont recycl\u00e9es en sciures de bois<\/p>\n<p>[\/vc_column_text][\/vc_column][vc_column width=\u00a0\u00bb1\/3&Prime;][vc_separator border_width=\u00a0\u00bb2&Prime; css_animation=\u00a0\u00bbbounceInLeft\u00a0\u00bb][vc_column_text]<\/p>\n<h4 style=\"text-align: left;\">Les cartouches d\u2019imprimantes<\/h4>\n<p style=\"text-align: left;\">\u00e0 toner, jet d\u2019encres, les piles, sont collect\u00e9es en vu d\u2019un recyclage<\/p>\n<p>[\/vc_column_text][\/vc_column][\/vc_row][vc_row disable_background_image=\u00a0\u00bb\u00a0\u00bb css=\u00a0\u00bb.vc_custom_1702052076910{margin-top: 40px !important;}\u00a0\u00bb][vc_column width=\u00a0\u00bb1\/3&Prime;][vc_separator border_width=\u00a0\u00bb2&Prime; css_animation=\u00a0\u00bbbounceInLeft\u00a0\u00bb][vc_column_text]<\/p>\n<h4 style=\"text-align: left;\">Nos huiles\u00a0sont collect\u00e9es<\/h4>\n<p style=\"text-align: left;\">par le r\u00e9seau national de collecte des huiles usag\u00e9es<\/p>\n<p>[\/vc_column_text][\/vc_column][vc_column width=\u00a0\u00bb1\/3&Prime;][vc_separator border_width=\u00a0\u00bb2&Prime; css_animation=\u00a0\u00bbbounceInLeft\u00a0\u00bb][vc_column_text]<\/p>\n<h4 style=\"text-align: left;\">Les bidons de produits chimiques<\/h4>\n<p style=\"text-align: left;\">Les bidons de produits chimiques vides sont r\u00e9cup\u00e9r\u00e9s pour \u00eatre recycl\u00e9s<\/p>\n<p>[\/vc_column_text][\/vc_column][vc_column width=\u00a0\u00bb1\/3&Prime;][vc_separator border_width=\u00a0\u00bb2&Prime; css_animation=\u00a0\u00bbbounceInLeft\u00a0\u00bb][vc_column_text]<\/p>\n<h4 style=\"text-align: left;\">Les d\u00e9chets<\/h4>\n<p style=\"text-align: left;\">Faire \u00e9liminer de fa\u00e7on conforme \u00e0 la r\u00e9glementation preuve \u00e0 l\u2019appui, les d\u00e9chets suivants : Chimies plaques \u2013 Solvants de nettoyage usag\u00e9s \u2013 Chiffons souill\u00e9s<\/p>\n<p>[\/vc_column_text][\/vc_column][\/vc_row][vc_row full_width=\u00a0\u00bbstretch_row\u00a0\u00bb full_height=\u00a0\u00bbyes\u00a0\u00bb disable_background_image=\u00a0\u00bb\u00a0\u00bb css=\u00a0\u00bb.vc_custom_1702052649627{margin-top: 40px !important;border-bottom-width: 40px !important;background-color: #00b0c2 !important;background-position: center !important;background-repeat: no-repeat !important;background-size: cover !important;}\u00a0\u00bb][vc_column][vc_empty_space][vc_row_inner disable_background_image=\u00a0\u00bb\u00a0\u00bb css=\u00a0\u00bb.vc_custom_1696271254174{background-color: #ffffff !important;}\u00a0\u00bb][vc_column_inner width=\u00a0\u00bb1\/2&Prime; css=\u00a0\u00bb.vc_custom_1696271121212{background-color: #ffffff !important;}\u00a0\u00bb][vc_custom_heading text=\u00a0\u00bbContactez le Groupe Morault pour commencer \u00e0 travailler sur votre projet\u00a0\u00bb font_container=\u00a0\u00bbtag:h3|text_align:left|color:%23000000&Prime;][vc_column_text css_animation=\u00a0\u00bbbounceIn\u00a0\u00bb css=\u00a0\u00bb.vc_custom_1699568023338{background-color: #ffffff !important;}\u00a0\u00bb]Support digital, print ou cr\u00e9ations de contenus digitaux, n\u2019h\u00e9sitez pas \u00e0 me contacter pour un devis gratuit.[\/vc_column_text][\/vc_column_inner][vc_column_inner width=\u00a0\u00bb1\/2&Prime; css=\u00a0\u00bb.vc_custom_1696271132602{background-color: #ffffff !important;}\u00a0\u00bb]<div role=\"form\" class=\"wpcf7\" id=\"wpcf7-f30983-o1\" lang=\"fr-FR\" dir=\"ltr\">\n<div class=\"screen-reader-response\"><\/div>\n<form action=\"\/jfj\/wp-json\/wp\/v2\/pages\/31403#wpcf7-f30983-o1\" method=\"post\" class=\"wpcf7-form cf7_custom_style_2\" novalidate=\"novalidate\">\n<div style=\"display: none;\">\n<input type=\"hidden\" name=\"_wpcf7\" value=\"30983\" \/>\n<input type=\"hidden\" name=\"_wpcf7_version\" value=\"5.1.5\" \/>\n<input type=\"hidden\" name=\"_wpcf7_locale\" value=\"fr_FR\" \/>\n<input type=\"hidden\" name=\"_wpcf7_unit_tag\" value=\"wpcf7-f30983-o1\" \/>\n<input type=\"hidden\" name=\"_wpcf7_container_post\" value=\"0\" \/>\n<\/div>\n<div style=\"wdth:50%\">\n<label> Votre nom (obligatoire)<br \/>\n    <span class=\"wpcf7-form-control-wrap your-name\"><input type=\"text\" name=\"your-name\" value=\"\" size=\"40\" class=\"wpcf7-form-control wpcf7-text wpcf7-validates-as-required\" aria-required=\"true\" aria-invalid=\"false\" \/><\/span> <\/label><\/p>\n<p><label> Votre adresse de messagerie (obligatoire)<br \/>\n    <span class=\"wpcf7-form-control-wrap your-email\"><input type=\"email\" name=\"your-email\" value=\"\" size=\"40\" class=\"wpcf7-form-control wpcf7-text wpcf7-email wpcf7-validates-as-required wpcf7-validates-as-email\" aria-required=\"true\" aria-invalid=\"false\" \/><\/span> <\/label><\/p>\n<p><label> Objet<br \/>\n    <span class=\"wpcf7-form-control-wrap your-subject\"><input type=\"text\" name=\"your-subject\" value=\"\" size=\"40\" class=\"wpcf7-form-control wpcf7-text\" aria-invalid=\"false\" \/><\/span> <\/label><\/p>\n<p><label> Votre message<br \/>\n    <span class=\"wpcf7-form-control-wrap your-message\"><textarea name=\"your-message\" cols=\"40\" rows=\"10\" class=\"wpcf7-form-control wpcf7-textarea\" aria-invalid=\"false\"><\/textarea><\/span> <\/label><\/p>\n<p><input type=\"submit\" value=\"Envoyer\" class=\"wpcf7-form-control wpcf7-submit\" \/>\n<\/p><\/div>\n<div class=\"wpcf7-response-output wpcf7-display-none\"><\/div><\/form><\/div>[\/vc_column_inner][\/vc_row_inner][vc_empty_space][\/vc_column][\/vc_row]<\/p>\n","protected":false},"excerpt":{"rendered":"<p>[vc_row full_width=\u00a0\u00bbstretch_row_content_no_spaces\u00a0\u00bb disable_background_image=\u00a0\u00bb\u00a0\u00bb][vc_column parallax=\u00a0\u00bbcontent-moving-fade\u00a0\u00bb parallax_image=\u00a0\u00bb31415&Prime;][vc_column_text css=\u00a0\u00bb.vc_custom_1702048530957{margin-right: 100px !important;margin-bottom: 60px !important;margin-left: 100px !important;}\u00a0\u00bb] Groupe Morault, partenaire papier de l\u2019exposition [\/vc_column_text][vc_single_image image=\u00a0\u00bb31409&Prime; img_size=\u00a0\u00bbfull\u00a0\u00bb alignment=\u00a0\u00bbcenter\u00a0\u00bb css=\u00a0\u00bb.vc_custom_1701892056903{margin-bottom: 60px !important;}\u00a0\u00bb][\/vc_column][\/vc_row][vc_row disable_background_image=\u00a0\u00bb\u00a0\u00bb css=\u00a0\u00bb.vc_custom_1696181494807{margin-top: 60px !important;margin-bottom: 60px !important;}\u00a0\u00bb][vc_column][vc_column_text]Nous sommes enchant\u00e9s de vous d\u00e9voiler notre partenariat exceptionnel dans [&hellip;]<\/p>\n","protected":false},"author":1,"featured_media":0,"parent":30696,"menu_order":0,"comment_status":"closed","ping_status":"closed","template":"","meta":{"footnotes":""},"class_list":["post-31403","page","type-page","status-publish","hentry"],"_links":{"self":[{"href":"https:\/\/juniorfritzjacquet.com\/jfj\/wp-json\/wp\/v2\/pages\/31403"}],"collection":[{"href":"https:\/\/juniorfritzjacquet.com\/jfj\/wp-json\/wp\/v2\/pages"}],"about":[{"href":"https:\/\/juniorfritzjacquet.com\/jfj\/wp-json\/wp\/v2\/types\/page"}],"author":[{"embeddable":true,"href":"https:\/\/juniorfritzjacquet.com\/jfj\/wp-json\/wp\/v2\/users\/1"}],"replies":[{"embeddable":true,"href":"https:\/\/juniorfritzjacquet.com\/jfj\/wp-json\/wp\/v2\/comments?post=31403"}],"version-history":[{"count":23,"href":"https:\/\/juniorfritzjacquet.com\/jfj\/wp-json\/wp\/v2\/pages\/31403\/revisions"}],"predecessor-version":[{"id":31419,"href":"https:\/\/juniorfritzjacquet.com\/jfj\/wp-json\/wp\/v2\/pages\/31403\/revisions\/31419"}],"up":[{"embeddable":true,"href":"https:\/\/juniorfritzjacquet.com\/jfj\/wp-json\/wp\/v2\/pages\/30696"}],"wp:attachment":[{"href":"https:\/\/juniorfritzjacquet.com\/jfj\/wp-json\/wp\/v2\/media?parent=31403"}],"curies":[{"name":"wp","href":"https:\/\/api.w.org\/{rel}","templated":true}]}}