{"id":31366,"date":"2023-11-09T22:19:04","date_gmt":"2023-11-09T21:19:04","guid":{"rendered":"https:\/\/juniorfritzjacquet.com\/jfj\/?page_id=31366"},"modified":"2023-11-09T23:17:17","modified_gmt":"2023-11-09T22:17:17","slug":"partenaire-yann-vernerie","status":"publish","type":"page","link":"https:\/\/juniorfritzjacquet.com\/jfj\/exposition-signature-jfj\/devenir-partenaire\/partenaire-yann-vernerie\/","title":{"rendered":"Partenaire Yann Vernerie"},"content":{"rendered":"<p>[vc_row full_width=\u00a0\u00bbstretch_row_content_no_spaces\u00a0\u00bb disable_background_image=\u00a0\u00bb\u00a0\u00bb][vc_column parallax=\u00a0\u00bbcontent-moving-fade\u00a0\u00bb parallax_image=\u00a0\u00bb31373&Prime;][vc_column_text css=\u00a0\u00bb.vc_custom_1699564779565{margin-right: 100px !important;margin-bottom: 60px !important;margin-left: 100px !important;}\u00a0\u00bb]<\/p>\n<h3 style=\"text-align: center;\"><span style=\"color: #ffffff;\"><strong>Mise \u00e0 disposition du talent de Yann Vernerie, cr\u00e9ateur d&rsquo;images<\/strong><\/span><\/h3>\n<p>[\/vc_column_text][vc_single_image image=\u00a0\u00bb31367&Prime; img_size=\u00a0\u00bbfull\u00a0\u00bb alignment=\u00a0\u00bbcenter\u00a0\u00bb css=\u00a0\u00bb.vc_custom_1699564569593{margin-bottom: 60px !important;}\u00a0\u00bb][\/vc_column][\/vc_row][vc_row disable_background_image=\u00a0\u00bb\u00a0\u00bb css=\u00a0\u00bb.vc_custom_1696181494807{margin-top: 60px !important;margin-bottom: 60px !important;}\u00a0\u00bb][vc_column]<div class=\"eltdf-section-title-holder eltdf-default-separator-image\" style=\"text-align: left\">\n\t\t\t<h2 class=\"eltdf-st-title\" >\n\t\t\t<span>Partenariat Yann Vernerie &amp; JFJ<\/span>\n\t\t<\/h2>\n\t\t\t<\/div>[vc_column_text]Nous sommes enchant\u00e9s de vous d\u00e9voiler notre partenariat exceptionnel dans le cadre de l&rsquo;exposition signature de Junior Fritz Jacquet. L&rsquo;art a la capacit\u00e9 unique de transcender les fronti\u00e8res, d&rsquo;\u00e9tablir des passerelles entre les cultures et de susciter des \u00e9motions profondes. C&rsquo;est dans cet esprit que nous avons uni nos forces avec Yann Vernerie, un photographe sans limites, pr\u00eat \u00e0 vous accompagner de Paris\u00a0 aux confins du monde pour capturer vos instants pr\u00e9cieux.[\/vc_column_text][\/vc_column][\/vc_row][vc_row disable_background_image=\u00a0\u00bb\u00a0\u00bb css=\u00a0\u00bb.vc_custom_1696181494807{margin-top: 60px !important;margin-bottom: 60px !important;}\u00a0\u00bb][vc_column width=\u00a0\u00bb1\/2&Prime;]<div class=\"eltdf-section-title-holder eltdf-default-separator-image\" style=\"text-align: left\">\n\t\t\t<h2 class=\"eltdf-st-title\" >\n\t\t\t<span>Pr\u00e9sentation de Yann Vernerie<\/span>\n\t\t<\/h2>\n\t\t\t<\/div>[vc_column_text]Yann Vernerie est un photographe et vid\u00e9aste aux talents \u00e9clectiques, ayant explor\u00e9 une multitude de domaines artistiques. Son parcours l&rsquo;a conduit \u00e0 travailler dans des univers aussi vari\u00e9s que la mode, la gastronomie, la presse, et m\u00eame le cin\u00e9ma. Cependant, c&rsquo;est dans le domaine du photo-reportage et des portraits qu&rsquo;il trouve sa v\u00e9ritable passion.<\/p>\n<p>Yann accorde une importance particuli\u00e8re \u00e0 l&rsquo;art de l&rsquo;illustration, du t\u00e9moignage, et de la narration d&rsquo;histoires \u00e0 travers ses \u0153uvres. Son travail refl\u00e8te son engagement \u00e0 capturer la richesse des moments authentiques et \u00e0 donner vie \u00e0 des r\u00e9cits visuels uniques. Son approche artistique allie diversit\u00e9 et cr\u00e9ativit\u00e9 pour offrir des perspectives originales sur le monde qui l&rsquo;entoure.<\/p>\n<p>Au fil de sa carri\u00e8re, Yann Vernerie a su d\u00e9velopper son style distinctif, apportant une vision unique \u00e0 chaque projet. Sa capacit\u00e9 \u00e0 saisir l&rsquo;essence m\u00eame de ses sujets fait de lui un photographe et vid\u00e9aste accompli, pr\u00eat \u00e0 explorer de nouvelles fronti\u00e8res pour raconter des\u00a0histoires visuelles m\u00e9morables.[\/vc_column_text][\/vc_column][vc_column width=\u00a0\u00bb1\/2&Prime;][vc_single_image image=\u00a0\u00bb31377&Prime; img_size=\u00a0\u00bblarge\u00a0\u00bb][\/vc_column][\/vc_row][vc_row full_width=\u00a0\u00bbstretch_row_content\u00a0\u00bb row_content_width=\u00a0\u00bbgrid\u00a0\u00bb disable_background_image=\u00a0\u00bb\u00a0\u00bb css=\u00a0\u00bb.vc_custom_1697135170629{margin-bottom: 30px !important;background-position: center !important;background-repeat: no-repeat !important;background-size: cover !important;}\u00a0\u00bb][vc_column css=\u00a0\u00bb.vc_custom_1679598759758{margin-top: 20px !important;margin-bottom: 30px !important;}\u00a0\u00bb][vc_row_inner row_content_width=\u00a0\u00bbgrid\u00a0\u00bb disable_background_image=\u00a0\u00bb\u00a0\u00bb][vc_column_inner]<div class=\"eltdf-section-title-holder eltdf-default-separator-image\" style=\"text-align: center\">\n\t\t\t<h2 class=\"eltdf-st-title\" style=\"color: #000000\">\n\t\t\t<span>Cr\u00e9ateur d\u2019images<\/span>\n\t\t<\/h2>\n\t\t\t<\/div>[vc_column_text]<\/p>\n<p style=\"text-align: center;\">Vous cherchez un photographe \u00e0 Paris et mobile en France ou \u00e0 l\u2019international ?<\/p>\n<p>[\/vc_column_text][\/vc_column_inner][\/vc_row_inner][vc_row_inner equal_height=\u00a0\u00bbyes\u00a0\u00bb row_content_width=\u00a0\u00bbgrid\u00a0\u00bb disable_background_image=\u00a0\u00bb\u00a0\u00bb css=\u00a0\u00bb.vc_custom_1697136188590{margin-top: 20px !important;}\u00a0\u00bb][vc_column_inner width=\u00a0\u00bb1\/3&Prime;][vc_hoverbox image=\u00a0\u00bb31386&Prime; primary_title=\u00a0\u00bb\u00a0\u00bb hover_title=\u00a0\u00bb\u00a0\u00bb shape=\u00a0\u00bbsquare\u00a0\u00bb hover_background_color=\u00a0\u00bbwhite\u00a0\u00bb hover_btn_title=\u00a0\u00bbD\u00e9couvrir\u00a0\u00bb hover_btn_style=\u00a0\u00bbcustom\u00a0\u00bb hover_btn_custom_background=\u00a0\u00bb#000000&Prime; hover_btn_custom_text=\u00a0\u00bb#ffffff\u00a0\u00bb hover_add_button=\u00a0\u00bbtrue\u00a0\u00bb hover_btn_link=\u00a0\u00bburl:https%3A%2F%2Fwww.agglo-compiegne.fr%2Fculture-et-patrimoine|target:_blank\u00a0\u00bb]REPORTAGE (PHOTO ET VIDEO)[\/vc_hoverbox][\/vc_column_inner][vc_column_inner width=\u00a0\u00bb1\/3&Prime;][vc_hoverbox image=\u00a0\u00bb31388&Prime; primary_title=\u00a0\u00bb\u00a0\u00bb hover_title=\u00a0\u00bb\u00a0\u00bb shape=\u00a0\u00bbsquare\u00a0\u00bb hover_background_color=\u00a0\u00bbwhite\u00a0\u00bb hover_btn_title=\u00a0\u00bbD\u00e9couvrir\u00a0\u00bb hover_btn_style=\u00a0\u00bbcustom\u00a0\u00bb hover_btn_custom_background=\u00a0\u00bb#000000&Prime; hover_btn_custom_text=\u00a0\u00bb#ffffff\u00a0\u00bb hover_add_button=\u00a0\u00bbtrue\u00a0\u00bb hover_btn_link=\u00a0\u00bburl:https%3A%2F%2Fwww.agglo-compiegne.fr%2Feducation-culturelle-et-artistique|target:_blank\u00a0\u00bb]PHOTOGRAPHIE DE PRESSE[\/vc_hoverbox][\/vc_column_inner][vc_column_inner width=\u00a0\u00bb1\/3&Prime;][vc_hoverbox image=\u00a0\u00bb31387&Prime; primary_title=\u00a0\u00bb\u00a0\u00bb hover_title=\u00a0\u00bb\u00a0\u00bb shape=\u00a0\u00bbsquare\u00a0\u00bb hover_background_color=\u00a0\u00bbwhite\u00a0\u00bb hover_btn_title=\u00a0\u00bbD\u00e9couvrir\u00a0\u00bb hover_btn_style=\u00a0\u00bbcustom\u00a0\u00bb hover_btn_custom_background=\u00a0\u00bb#000000&Prime; hover_btn_custom_text=\u00a0\u00bb#ffffff\u00a0\u00bb hover_add_button=\u00a0\u00bbtrue\u00a0\u00bb hover_btn_link=\u00a0\u00bburl:https%3A%2F%2Fwww.agglo-compiegne.fr%2Fsport|target:_blank\u00a0\u00bb]FOODING[\/vc_hoverbox][\/vc_column_inner][\/vc_row_inner][vc_row_inner equal_height=\u00a0\u00bbyes\u00a0\u00bb row_content_width=\u00a0\u00bbgrid\u00a0\u00bb disable_background_image=\u00a0\u00bb\u00a0\u00bb css=\u00a0\u00bb.vc_custom_1697136188590{margin-top: 20px !important;}\u00a0\u00bb][vc_column_inner width=\u00a0\u00bb1\/3&Prime;][vc_hoverbox image=\u00a0\u00bb31389&Prime; primary_title=\u00a0\u00bb\u00a0\u00bb hover_title=\u00a0\u00bb\u00a0\u00bb shape=\u00a0\u00bbsquare\u00a0\u00bb hover_background_color=\u00a0\u00bbwhite\u00a0\u00bb hover_btn_title=\u00a0\u00bbD\u00e9couvrir\u00a0\u00bb hover_btn_style=\u00a0\u00bbcustom\u00a0\u00bb hover_btn_custom_background=\u00a0\u00bb#000000&Prime; hover_btn_custom_text=\u00a0\u00bb#ffffff\u00a0\u00bb hover_add_button=\u00a0\u00bbtrue\u00a0\u00bb hover_btn_link=\u00a0\u00bburl:https%3A%2F%2Fwww.agglo-compiegne.fr%2Fculture-et-patrimoine|target:_blank\u00a0\u00bb]EXPOSITIONS ET \u0152UVRES[\/vc_hoverbox][\/vc_column_inner][vc_column_inner width=\u00a0\u00bb1\/3&Prime;][vc_hoverbox image=\u00a0\u00bb31392&Prime; primary_title=\u00a0\u00bb\u00a0\u00bb hover_title=\u00a0\u00bb\u00a0\u00bb shape=\u00a0\u00bbsquare\u00a0\u00bb hover_background_color=\u00a0\u00bbwhite\u00a0\u00bb hover_btn_title=\u00a0\u00bbD\u00e9couvrir\u00a0\u00bb hover_btn_style=\u00a0\u00bbcustom\u00a0\u00bb hover_btn_custom_background=\u00a0\u00bb#000000&Prime; hover_btn_custom_text=\u00a0\u00bb#ffffff\u00a0\u00bb hover_add_button=\u00a0\u00bbtrue\u00a0\u00bb hover_btn_link=\u00a0\u00bburl:https%3A%2F%2Fwww.agglo-compiegne.fr%2Feducation-culturelle-et-artistique|target:_blank\u00a0\u00bb]PORTRAITS[\/vc_hoverbox][\/vc_column_inner][vc_column_inner width=\u00a0\u00bb1\/3&Prime;][vc_hoverbox image=\u00a0\u00bb31390&Prime; primary_title=\u00a0\u00bb\u00a0\u00bb hover_title=\u00a0\u00bb\u00a0\u00bb shape=\u00a0\u00bbsquare\u00a0\u00bb hover_background_color=\u00a0\u00bbwhite\u00a0\u00bb hover_btn_title=\u00a0\u00bbD\u00e9couvrir\u00a0\u00bb hover_btn_style=\u00a0\u00bbcustom\u00a0\u00bb hover_btn_custom_background=\u00a0\u00bb#000000&Prime; hover_btn_custom_text=\u00a0\u00bb#ffffff\u00a0\u00bb hover_add_button=\u00a0\u00bbtrue\u00a0\u00bb hover_btn_link=\u00a0\u00bburl:https%3A%2F%2Fwww.agglo-compiegne.fr%2Fsport|target:_blank\u00a0\u00bb]NATURE MORTE[\/vc_hoverbox][\/vc_column_inner][\/vc_row_inner][\/vc_column][\/vc_row][vc_row disable_background_image=\u00a0\u00bb\u00a0\u00bb css=\u00a0\u00bb.vc_custom_1696275106495{margin-top: 20px !important;margin-bottom: 60px !important;}\u00a0\u00bb][vc_column]<div class=\"eltdf-section-title-holder eltdf-default-separator-image\" style=\"text-align: center\">\n\t\t\t<h2 class=\"eltdf-st-title\" style=\"color: #000000\">\n\t\t\t<span>Ce que vous gagnez avec Yann<\/span>\n\t\t<\/h2>\n\t\t\t<\/div>[\/vc_column][\/vc_row][vc_row disable_background_image=\u00a0\u00bb\u00a0\u00bb][vc_column width=\u00a0\u00bb1\/3&Prime;][vc_separator border_width=\u00a0\u00bb2&Prime; css_animation=\u00a0\u00bbbounceInLeft\u00a0\u00bb][vc_column_text]<\/p>\n<h4 style=\"text-align: left;\">Un budget maitris\u00e9<\/h4>\n<p style=\"text-align: left;\">Tout est pr\u00e9vu \u00e0 l\u2019avance et budget\u00e9 en fonction de vos attentes et de vos besoins<\/p>\n<p>[\/vc_column_text][\/vc_column][vc_column width=\u00a0\u00bb1\/3&Prime;][vc_separator border_width=\u00a0\u00bb2&Prime; css_animation=\u00a0\u00bbbounceInLeft\u00a0\u00bb][vc_column_text]<\/p>\n<h4 style=\"text-align: left;\">Un rendu unique<\/h4>\n<p style=\"text-align: left;\">Direction, lumi\u00e8re, photographie &amp; post-production pour cr\u00e9er des images pour mettre en valeur votre marque<\/p>\n<p>[\/vc_column_text][\/vc_column][vc_column width=\u00a0\u00bb1\/3&Prime;][vc_separator border_width=\u00a0\u00bb2&Prime; css_animation=\u00a0\u00bbbounceInLeft\u00a0\u00bb][vc_column_text]<\/p>\n<h4 style=\"text-align: left;\">Rapidit\u00e9<\/h4>\n<p style=\"text-align: left;\">Un premier retour vous est effectu\u00e9 le jour m\u00eame, ou dans un d\u00e9lai de 24 heures en fonction des configurations du shooting<\/p>\n<p>[\/vc_column_text][\/vc_column][\/vc_row][vc_row full_width=\u00a0\u00bbstretch_row\u00a0\u00bb full_height=\u00a0\u00bbyes\u00a0\u00bb disable_background_image=\u00a0\u00bb\u00a0\u00bb css=\u00a0\u00bb.vc_custom_1699568162870{margin-top: 40px !important;border-bottom-width: 40px !important;background-color: #f8f3f7 !important;background-position: center !important;background-repeat: no-repeat !important;background-size: cover !important;}\u00a0\u00bb][vc_column][vc_empty_space][vc_row_inner disable_background_image=\u00a0\u00bb\u00a0\u00bb css=\u00a0\u00bb.vc_custom_1696271254174{background-color: #ffffff !important;}\u00a0\u00bb][vc_column_inner width=\u00a0\u00bb1\/2&Prime; css=\u00a0\u00bb.vc_custom_1696271121212{background-color: #ffffff !important;}\u00a0\u00bb][vc_custom_heading text=\u00a0\u00bbContactez Yann pour commencer \u00e0 travailler sur votre projet\u00a0\u00bb font_container=\u00a0\u00bbtag:h3|text_align:left|color:%23000000&Prime;][vc_column_text css_animation=\u00a0\u00bbbounceIn\u00a0\u00bb css=\u00a0\u00bb.vc_custom_1699568023338{background-color: #ffffff !important;}\u00a0\u00bb]Support digital, print ou cr\u00e9ations de contenus digitaux, n\u2019h\u00e9sitez pas \u00e0 me contacter pour un devis gratuit.[\/vc_column_text][\/vc_column_inner][vc_column_inner width=\u00a0\u00bb1\/2&Prime; css=\u00a0\u00bb.vc_custom_1696271132602{background-color: #ffffff !important;}\u00a0\u00bb]<div role=\"form\" class=\"wpcf7\" id=\"wpcf7-f30983-o1\" lang=\"fr-FR\" dir=\"ltr\">\n<div class=\"screen-reader-response\"><\/div>\n<form action=\"\/jfj\/wp-json\/wp\/v2\/pages\/31366#wpcf7-f30983-o1\" method=\"post\" class=\"wpcf7-form cf7_custom_style_2\" novalidate=\"novalidate\">\n<div style=\"display: none;\">\n<input type=\"hidden\" name=\"_wpcf7\" value=\"30983\" \/>\n<input type=\"hidden\" name=\"_wpcf7_version\" value=\"5.1.5\" \/>\n<input type=\"hidden\" name=\"_wpcf7_locale\" value=\"fr_FR\" \/>\n<input type=\"hidden\" name=\"_wpcf7_unit_tag\" value=\"wpcf7-f30983-o1\" \/>\n<input type=\"hidden\" name=\"_wpcf7_container_post\" value=\"0\" \/>\n<\/div>\n<div style=\"wdth:50%\">\n<label> Votre nom (obligatoire)<br \/>\n    <span class=\"wpcf7-form-control-wrap your-name\"><input type=\"text\" name=\"your-name\" value=\"\" size=\"40\" class=\"wpcf7-form-control wpcf7-text wpcf7-validates-as-required\" aria-required=\"true\" aria-invalid=\"false\" \/><\/span> <\/label><\/p>\n<p><label> Votre adresse de messagerie (obligatoire)<br \/>\n    <span class=\"wpcf7-form-control-wrap your-email\"><input type=\"email\" name=\"your-email\" value=\"\" size=\"40\" class=\"wpcf7-form-control wpcf7-text wpcf7-email wpcf7-validates-as-required wpcf7-validates-as-email\" aria-required=\"true\" aria-invalid=\"false\" \/><\/span> <\/label><\/p>\n<p><label> Objet<br \/>\n    <span class=\"wpcf7-form-control-wrap your-subject\"><input type=\"text\" name=\"your-subject\" value=\"\" size=\"40\" class=\"wpcf7-form-control wpcf7-text\" aria-invalid=\"false\" \/><\/span> <\/label><\/p>\n<p><label> Votre message<br \/>\n    <span class=\"wpcf7-form-control-wrap your-message\"><textarea name=\"your-message\" cols=\"40\" rows=\"10\" class=\"wpcf7-form-control wpcf7-textarea\" aria-invalid=\"false\"><\/textarea><\/span> <\/label><\/p>\n<p><input type=\"submit\" value=\"Envoyer\" class=\"wpcf7-form-control wpcf7-submit\" \/>\n<\/p><\/div>\n<div class=\"wpcf7-response-output wpcf7-display-none\"><\/div><\/form><\/div>[\/vc_column_inner][\/vc_row_inner][vc_empty_space][\/vc_column][\/vc_row]<\/p>\n","protected":false},"excerpt":{"rendered":"<p>[vc_row full_width=\u00a0\u00bbstretch_row_content_no_spaces\u00a0\u00bb disable_background_image=\u00a0\u00bb\u00a0\u00bb][vc_column parallax=\u00a0\u00bbcontent-moving-fade\u00a0\u00bb parallax_image=\u00a0\u00bb31373&Prime;][vc_column_text css=\u00a0\u00bb.vc_custom_1699564779565{margin-right: 100px !important;margin-bottom: 60px !important;margin-left: 100px !important;}\u00a0\u00bb] Mise \u00e0 disposition du talent de Yann Vernerie, cr\u00e9ateur d&rsquo;images [\/vc_column_text][vc_single_image image=\u00a0\u00bb31367&Prime; img_size=\u00a0\u00bbfull\u00a0\u00bb alignment=\u00a0\u00bbcenter\u00a0\u00bb css=\u00a0\u00bb.vc_custom_1699564569593{margin-bottom: 60px !important;}\u00a0\u00bb][\/vc_column][\/vc_row][vc_row disable_background_image=\u00a0\u00bb\u00a0\u00bb css=\u00a0\u00bb.vc_custom_1696181494807{margin-top: 60px !important;margin-bottom: 60px !important;}\u00a0\u00bb][vc_column][vc_column_text]Nous sommes enchant\u00e9s de vous d\u00e9voiler [&hellip;]<\/p>\n","protected":false},"author":1,"featured_media":0,"parent":30696,"menu_order":0,"comment_status":"closed","ping_status":"closed","template":"","meta":{"footnotes":""},"class_list":["post-31366","page","type-page","status-publish","hentry"],"_links":{"self":[{"href":"https:\/\/juniorfritzjacquet.com\/jfj\/wp-json\/wp\/v2\/pages\/31366"}],"collection":[{"href":"https:\/\/juniorfritzjacquet.com\/jfj\/wp-json\/wp\/v2\/pages"}],"about":[{"href":"https:\/\/juniorfritzjacquet.com\/jfj\/wp-json\/wp\/v2\/types\/page"}],"author":[{"embeddable":true,"href":"https:\/\/juniorfritzjacquet.com\/jfj\/wp-json\/wp\/v2\/users\/1"}],"replies":[{"embeddable":true,"href":"https:\/\/juniorfritzjacquet.com\/jfj\/wp-json\/wp\/v2\/comments?post=31366"}],"version-history":[{"count":20,"href":"https:\/\/juniorfritzjacquet.com\/jfj\/wp-json\/wp\/v2\/pages\/31366\/revisions"}],"predecessor-version":[{"id":31369,"href":"https:\/\/juniorfritzjacquet.com\/jfj\/wp-json\/wp\/v2\/pages\/31366\/revisions\/31369"}],"up":[{"embeddable":true,"href":"https:\/\/juniorfritzjacquet.com\/jfj\/wp-json\/wp\/v2\/pages\/30696"}],"wp:attachment":[{"href":"https:\/\/juniorfritzjacquet.com\/jfj\/wp-json\/wp\/v2\/media?parent=31366"}],"curies":[{"name":"wp","href":"https:\/\/api.w.org\/{rel}","templated":true}]}}