{"id":31094,"date":"2023-10-12T19:32:40","date_gmt":"2023-10-12T17:32:40","guid":{"rendered":"https:\/\/juniorfritzjacquet.com\/jfj\/?page_id=31094"},"modified":"2023-10-17T21:14:02","modified_gmt":"2023-10-17T19:14:02","slug":"partenaire-apprentis-dauteuil","status":"publish","type":"page","link":"https:\/\/juniorfritzjacquet.com\/jfj\/exposition-signature-jfj\/devenir-partenaire\/partenaire-apprentis-dauteuil\/","title":{"rendered":"Partenaire Apprentis d\u2019Auteuil"},"content":{"rendered":"<p>[vc_row full_width=\u00a0\u00bbstretch_row_content_no_spaces\u00a0\u00bb disable_background_image=\u00a0\u00bb\u00a0\u00bb][vc_column parallax=\u00a0\u00bbcontent-moving-fade\u00a0\u00bb css=\u00a0\u00bb.vc_custom_1697133393914{background-color: #d9002f !important;}\u00a0\u00bb][vc_single_image image=\u00a0\u00bb31099&Prime; img_size=\u00a0\u00bbfull\u00a0\u00bb alignment=\u00a0\u00bbcenter\u00a0\u00bb css=\u00a0\u00bb.vc_custom_1697132996759{margin-bottom: 60px !important;}\u00a0\u00bb][vc_column_text css=\u00a0\u00bb.vc_custom_1697568936925{margin-right: 100px !important;margin-bottom: 60px !important;margin-left: 100px !important;}\u00a0\u00bb]<\/p>\n<h3 style=\"text-align: center;\"><span style=\"color: #ffffff;\">Une Soir\u00e9e Exceptionnelle :\u00a0<\/span><br \/>\n<span style=\"color: #ffffff;\">Vente Caritative d&rsquo;\u0152uvres d&rsquo;Art de Junior Fritz Jacquet dont une partie sera r\u00e9serv\u00e9e au profit de la Fondation Apprentis d\u2019Auteuil<\/span><\/h3>\n<p>[\/vc_column_text][\/vc_column][\/vc_row][vc_row disable_background_image=\u00a0\u00bb\u00a0\u00bb css=\u00a0\u00bb.vc_custom_1696181494807{margin-top: 60px !important;margin-bottom: 60px !important;}\u00a0\u00bb][vc_column]<div class=\"eltdf-section-title-holder eltdf-default-separator-image\" style=\"text-align: left\">\n\t\t\t<h2 class=\"eltdf-st-title\" >\n\t\t\t<span>Le mot de la Fondation Apprentis d\u2019Auteuil<\/span>\n\t\t<\/h2>\n\t\t\t<\/div>[vc_column_text]<\/p>\n<div class=\"wpb_text_column wpb_content_element \">\n<div class=\"wpb_wrapper\">\n<p><strong>\u00ab\u00a0Chers amis et amateurs d\u2019art, et soutiens de la Fondation Apprentis d\u2019Auteuil.<\/strong><\/p>\n<p><strong>Nous sommes ravis de vous convier \u00e0 une soir\u00e9e exceptionnelle qui allie l&rsquo;art, la g\u00e9n\u00e9rosit\u00e9 et la passion pour une noble cause.<\/strong><\/p>\n<p><strong>Date :\u00a0Samedi 20 Janvier 2024 \u00e0 17H<\/strong><\/p>\n<\/div>\n<\/div>\n<p>[\/vc_column_text][\/vc_column][\/vc_row][vc_row disable_background_image=\u00a0\u00bb\u00a0\u00bb css=\u00a0\u00bb.vc_custom_1696181494807{margin-top: 60px !important;margin-bottom: 60px !important;}\u00a0\u00bb][vc_column width=\u00a0\u00bb1\/2&Prime;]<div class=\"eltdf-section-title-holder eltdf-default-separator-image\" style=\"text-align: left\">\n\t\t\t<h2 class=\"eltdf-st-title\" >\n\t\t\t<span>Pr\u00e9sentation de la Fondation<\/span>\n\t\t<\/h2>\n\t\t\t<\/div>[vc_column_text]Apprentis d\u2019Auteuil, Fondation reconnue d\u2019utilit\u00e9 publique, se consacre activement \u00e0 la pr\u00e9vention et \u00e0 la protection de l\u2019enfance, en France et \u00e0 l\u2019international. Ses missions englobent la protection de l&rsquo;enfance, la lutte contre le d\u00e9crochage scolaire, le soutien \u00e0 la parentalit\u00e9, et l&rsquo;accompagnement vers une insertion socioprofessionnelle durable. Depuis pr\u00e8s de 160 ans, la Fondation met en place des programmes d&rsquo;accueil, d&rsquo;\u00e9ducation, de formation et d&rsquo;insertion visant \u00e0 restaurer la confiance chez les jeunes et les familles en situation de vuln\u00e9rabilit\u00e9, les accueillant dans pr\u00e8s de 400 \u00e9tablissements en France. En 2023, la Fondation accompagne plus de 40\u202f000 jeunes en difficult\u00e9 et 8\u202f000 familles.<\/p>\n<p><strong>Le T\u00e9moignage d&rsquo;un Ancien<\/strong><\/p>\n<p>En tant qu&rsquo;ancien jeune b\u00e9n\u00e9ficiaire de la Fondation Apprentis d\u2019Auteuil, je suis le t\u00e9moin vivant de l&rsquo;impact que cette institution a eu sur la trajectoire de ma vie. Cette soir\u00e9e sp\u00e9ciale me donne l&rsquo;occasion de vous faire part de ma propre exp\u00e9rience et de vous exprimer ma gratitude envers les encadrants bienveillants qui ont su me soutenir et m&rsquo;encourager lorsque j&rsquo;en avais le plus besoin. Adolescence rime souvent avec p\u00e9riode charni\u00e8re, et Apprentis d\u2019Auteuil m&rsquo;a apport\u00e9 la confiance dont j&rsquo;avais besoin pour avancer. Aujourd&rsquo;hui, gr\u00e2ce \u00e0 mon art, j&rsquo;ai la chance de pouvoir redonner \u00e0 mon tour.<\/p>\n<p><strong>Une Vente Caritative d&rsquo;\u0152uvres d&rsquo;Art Exceptionnelles<\/strong><\/p>\n<p>L&rsquo;organisation de cette vente caritative, qui se tiendra \u00e0 l&rsquo;ESPACE SAINT-PIERRE DES MINIMES, sera une occasion unique de d\u00e9couvrir des \u0153uvres d&rsquo;art exceptionnelles de l&rsquo;artiste Junior Fritz Jacquet. Cette vente aux ench\u00e8res exceptionnelle vise \u00e0 sensibiliser nos invit\u00e9s aux actions essentielles de la Fondation lors de cette exposition \u00e9v\u00e9nement.\u00a0Les fonds collect\u00e9s au cours de cette soir\u00e9e contribueront de mani\u00e8re significative au soutien des initiatives vitales d\u2019Apprentis d\u2019Auteuil.<\/p>\n<p><strong>Rencontre avec les Jeunes et les Membres de la Fondation<\/strong><\/p>\n<p>Cette soir\u00e9e vous offrira \u00e9galement l&rsquo;opportunit\u00e9 unique de rencontrer certains jeunes soutenus par la Fondation, ainsi que son \u00e9quipe. Ils seront ravis de r\u00e9pondre \u00e0 vos questions et de vous renseigner sur leurs missions quotidiennes aupr\u00e8s des jeunes en difficult\u00e9.<\/p>\n<p><strong>Rejoignez-nous pour une Noble Cause<\/strong><\/p>\n<p>Nous vous invitons chaleureusement \u00e0 participer \u00e0 cette soir\u00e9e m\u00e9morable o\u00f9 l&rsquo;art et la philanthropie se rencontrent pour soutenir une noble cause. Votre pr\u00e9sence et votre soutien financier contribueront \u00e0 changer des vies et \u00e0 offrir un avenir meilleur \u00e0 de nombreux jeunes en difficult\u00e9 et \u00e0 leurs familles.[\/vc_column_text][\/vc_column][vc_column width=\u00a0\u00bb1\/2&Prime;][vc_single_image image=\u00a0\u00bb31115&Prime; img_size=\u00a0\u00bblarge\u00a0\u00bb][vc_column_text css=\u00a0\u00bb.vc_custom_1697569305895{padding-top: 40px !important;padding-right: 40px !important;padding-bottom: 40px !important;padding-left: 40px !important;background-color: #d9002f !important;}\u00a0\u00bb]<span style=\"color: #ffffff;\"><strong>D\u00e9tails de la Vente aux Ench<\/strong><strong>\u00e8<\/strong><strong>res<\/strong><\/span><\/p>\n<p><span style=\"color: #ffffff;\">Un catalogue en ligne sera disponible avec la liste des pi\u00e8ces s\u00e9lectionn\u00e9es par l&rsquo;artiste. Une grande partie des recettes de la vente sera revers\u00e9e \u00e0 la Fondation Apprentis d&rsquo;Auteuil au profit de ses actions aupr\u00e8s des jeunes et des familles. La vente aux ench\u00e8res \u00e0 main lev\u00e9e sera anim\u00e9e par le commissaire-priseur Lo\u00efc Imberti.<\/span><\/p>\n<p><span style=\"color: #ffffff;\">Pour plus d&rsquo;informations et pour r\u00e9server votre place, veuillez remplir le formulaire \u00abPARTICIPER A LA VENTE \u00bb en bas de page.<\/span><\/p>\n<p><span style=\"color: #ffffff;\">Nous vous remercions sinc\u00e8rement de votre soutien continu \u00e0 la Fondation Apprentis d\u2019Auteuil. Gr\u00e2ce \u00e0 vous, nous poursuivons notre mission avec d\u00e9termination et espoir, offrant un avenir prometteur \u00e0 ceux qui en ont le plus besoin.<\/span><\/p>\n<p><span style=\"color: #ffffff;\"><strong>Si<\/strong><strong>\u00e8<\/strong><strong>ge social\u00a0: <\/strong>40, rue Jean de la Fontaine, 75016 PARIS<\/span><\/p>\n<p><span style=\"color: #ffffff;\">https:\/\/www.facebook.com\/ApprentisdAuteuil<\/span><\/p>\n<p><span style=\"color: #ffffff;\">https:\/\/twitter.com\/i\/flow\/login?redirect_after_login=\/aauteuil<\/span><\/p>\n<p><span style=\"color: #ffffff;\">https:\/\/www.instagram.com\/apprentis_d_auteuil\/<\/span><\/p>\n<p><span style=\"color: #ffffff;\"><a style=\"color: #ffffff;\" href=\"http:\/\/www.apprentis-auteuil.org\/\">www.apprentis-auteuil.org<\/a><\/span>[\/vc_column_text][\/vc_column][\/vc_row][vc_row full_width=\u00a0\u00bbstretch_row_content\u00a0\u00bb row_content_width=\u00a0\u00bbgrid\u00a0\u00bb disable_background_image=\u00a0\u00bb\u00a0\u00bb css=\u00a0\u00bb.vc_custom_1697135170629{margin-bottom: 30px !important;background-position: center !important;background-repeat: no-repeat !important;background-size: cover !important;}\u00a0\u00bb][vc_column css=\u00a0\u00bb.vc_custom_1679598759758{margin-top: 20px !important;margin-bottom: 30px !important;}\u00a0\u00bb][vc_row_inner row_content_width=\u00a0\u00bbgrid\u00a0\u00bb disable_background_image=\u00a0\u00bb\u00a0\u00bb][vc_column_inner]<div class=\"eltdf-section-title-holder eltdf-default-separator-image\" style=\"text-align: center\">\n\t\t\t<h2 class=\"eltdf-st-title\" style=\"color: #d9002f\">\n\t\t\t<span>Nous agissons depuis pr\u00e8s de 160 ans aupr\u00e8s des jeunes et des familles<\/span>\n\t\t<\/h2>\n\t\t\t<\/div>[vc_column_text]<\/p>\n<p style=\"text-align: center;\"><strong>Apprentis d\u2019Auteuil accompagne chaque ann\u00e9e pr\u00e8s de 40 000 jeunes et 8 000 familles fragilis\u00e9s<\/strong><\/p>\n<p style=\"text-align: center;\">Gr\u00e2ce \u00e0 ses programmes d\u2019accueil, d\u2019\u00e9ducation, de formation et d\u2019insertion en France et \u00e0 l\u2019international, la Fondation les aide \u00e0 devenir des hommes et des femmes debout.<\/p>\n<p>[\/vc_column_text][\/vc_column_inner][\/vc_row_inner][vc_row_inner equal_height=\u00a0\u00bbyes\u00a0\u00bb row_content_width=\u00a0\u00bbgrid\u00a0\u00bb disable_background_image=\u00a0\u00bb\u00a0\u00bb css=\u00a0\u00bb.vc_custom_1697136188590{margin-top: 20px !important;}\u00a0\u00bb][vc_column_inner width=\u00a0\u00bb1\/3&Prime;][vc_hoverbox image=\u00a0\u00bb31121&Prime; primary_title=\u00a0\u00bb\u00a0\u00bb hover_title=\u00a0\u00bb\u00a0\u00bb shape=\u00a0\u00bbsquare\u00a0\u00bb hover_background_color=\u00a0\u00bbwhite\u00a0\u00bb hover_btn_title=\u00a0\u00bbD\u00e9couvrir\u00a0\u00bb hover_btn_style=\u00a0\u00bbcustom\u00a0\u00bb hover_btn_custom_background=\u00a0\u00bb#d9002f\u00a0\u00bb hover_btn_custom_text=\u00a0\u00bb#ffffff\u00a0\u00bb hover_add_button=\u00a0\u00bbtrue\u00a0\u00bb hover_btn_link=\u00a0\u00bburl:https%3A%2F%2Fwww.apprentis-auteuil.org%2F|target:_blank\u00a0\u00bb]Accueillir et prot\u00e9ger[\/vc_hoverbox][\/vc_column_inner][vc_column_inner width=\u00a0\u00bb1\/3&Prime;][vc_hoverbox image=\u00a0\u00bb31122&Prime; primary_title=\u00a0\u00bb\u00a0\u00bb hover_title=\u00a0\u00bb\u00a0\u00bb shape=\u00a0\u00bbsquare\u00a0\u00bb hover_background_color=\u00a0\u00bbwhite\u00a0\u00bb hover_btn_title=\u00a0\u00bbD\u00e9couvrir\u00a0\u00bb hover_btn_style=\u00a0\u00bbcustom\u00a0\u00bb hover_btn_custom_background=\u00a0\u00bb#d9002f\u00a0\u00bb hover_btn_custom_text=\u00a0\u00bb#ffffff\u00a0\u00bb hover_add_button=\u00a0\u00bbtrue\u00a0\u00bb hover_btn_link=\u00a0\u00bburl:https%3A%2F%2Fwww.apprentis-auteuil.org%2F|target:_blank\u00a0\u00bb]Se battre contre le d\u00e9crochage scolaire[\/vc_hoverbox][\/vc_column_inner][vc_column_inner width=\u00a0\u00bb1\/3&Prime;][vc_hoverbox image=\u00a0\u00bb31123&Prime; primary_title=\u00a0\u00bb\u00a0\u00bb hover_title=\u00a0\u00bb\u00a0\u00bb shape=\u00a0\u00bbsquare\u00a0\u00bb hover_background_color=\u00a0\u00bbwhite\u00a0\u00bb hover_btn_title=\u00a0\u00bbD\u00e9couvrir\u00a0\u00bb hover_btn_style=\u00a0\u00bbcustom\u00a0\u00bb hover_btn_custom_background=\u00a0\u00bb#d9002f\u00a0\u00bb hover_btn_custom_text=\u00a0\u00bb#ffffff\u00a0\u00bb hover_add_button=\u00a0\u00bbtrue\u00a0\u00bb hover_btn_link=\u00a0\u00bburl:https%3A%2F%2Fwww.apprentis-auteuil.org%2F|target:_blank\u00a0\u00bb]Construire l&rsquo;avenir[\/vc_hoverbox][\/vc_column_inner][\/vc_row_inner][vc_row_inner equal_height=\u00a0\u00bbyes\u00a0\u00bb row_content_width=\u00a0\u00bbgrid\u00a0\u00bb disable_background_image=\u00a0\u00bb\u00a0\u00bb css=\u00a0\u00bb.vc_custom_1697136188590{margin-top: 20px !important;}\u00a0\u00bb][vc_column_inner width=\u00a0\u00bb1\/3&Prime;][vc_hoverbox image=\u00a0\u00bb31124&Prime; primary_title=\u00a0\u00bb\u00a0\u00bb hover_title=\u00a0\u00bb\u00a0\u00bb shape=\u00a0\u00bbsquare\u00a0\u00bb hover_background_color=\u00a0\u00bbwhite\u00a0\u00bb hover_btn_title=\u00a0\u00bbD\u00e9couvrir\u00a0\u00bb hover_btn_style=\u00a0\u00bbcustom\u00a0\u00bb hover_btn_custom_background=\u00a0\u00bb#d9002f\u00a0\u00bb hover_btn_custom_text=\u00a0\u00bb#ffffff\u00a0\u00bb hover_add_button=\u00a0\u00bbtrue\u00a0\u00bb hover_btn_link=\u00a0\u00bburl:https%3A%2F%2Fwww.apprentis-auteuil.org%2F|target:_blank\u00a0\u00bb]Donner confiance aux parents[\/vc_hoverbox][\/vc_column_inner][vc_column_inner width=\u00a0\u00bb1\/3&Prime;][vc_hoverbox image=\u00a0\u00bb31125&Prime; primary_title=\u00a0\u00bb\u00a0\u00bb hover_title=\u00a0\u00bb\u00a0\u00bb shape=\u00a0\u00bbsquare\u00a0\u00bb hover_background_color=\u00a0\u00bbwhite\u00a0\u00bb hover_btn_title=\u00a0\u00bbD\u00e9couvrir\u00a0\u00bb hover_btn_style=\u00a0\u00bbcustom\u00a0\u00bb hover_btn_custom_background=\u00a0\u00bb#d9002f\u00a0\u00bb hover_btn_custom_text=\u00a0\u00bb#ffffff\u00a0\u00bb hover_add_button=\u00a0\u00bbtrue\u00a0\u00bb hover_btn_link=\u00a0\u00bburl:https%3A%2F%2Fwww.apprentis-auteuil.org%2F|target:_blank\u00a0\u00bb]Faire \u00e9voluer les politiques publiques[\/vc_hoverbox][\/vc_column_inner][vc_column_inner width=\u00a0\u00bb1\/3&Prime;][vc_hoverbox image=\u00a0\u00bb31126&Prime; primary_title=\u00a0\u00bb\u00a0\u00bb hover_title=\u00a0\u00bb\u00a0\u00bb shape=\u00a0\u00bbsquare\u00a0\u00bb hover_background_color=\u00a0\u00bbwhite\u00a0\u00bb hover_btn_title=\u00a0\u00bbD\u00e9couvrir\u00a0\u00bb hover_btn_style=\u00a0\u00bbcustom\u00a0\u00bb hover_btn_custom_background=\u00a0\u00bb#d9002f\u00a0\u00bb hover_btn_custom_text=\u00a0\u00bb#ffffff\u00a0\u00bb hover_add_button=\u00a0\u00bbtrue\u00a0\u00bb hover_btn_link=\u00a0\u00bburl:https%3A%2F%2Fwww.apprentis-auteuil.org%2F|target:_blank\u00a0\u00bb]Accompagner nos partenaires sur le terrain[\/vc_hoverbox][\/vc_column_inner][\/vc_row_inner][\/vc_column][\/vc_row][vc_row disable_background_image=\u00a0\u00bb\u00a0\u00bb css=\u00a0\u00bb.vc_custom_1696275106495{margin-top: 20px !important;margin-bottom: 60px !important;}\u00a0\u00bb][vc_column]<div class=\"eltdf-section-title-holder eltdf-default-separator-image\" style=\"text-align: center\">\n\t\t\t<h2 class=\"eltdf-st-title\" style=\"color: #d9002f\">\n\t\t\t<span>Les actions de la Fondation Apprentis d&#039;Auteuil<\/span>\n\t\t<\/h2>\n\t\t\t<\/div>[\/vc_column][\/vc_row][vc_row disable_background_image=\u00a0\u00bb\u00a0\u00bb][vc_column width=\u00a0\u00bb1\/3&Prime;][vc_separator color=\u00a0\u00bbjuicy_pink\u00a0\u00bb border_width=\u00a0\u00bb2&Prime; css_animation=\u00a0\u00bbbounceInLeft\u00a0\u00bb][vc_column_text]<\/p>\n<h4 style=\"text-align: left;\"><span style=\"color: #d9002f;\">Pour la protection des enfants<\/span><\/h4>\n<p style=\"text-align: left;\"><strong>370 000 mineurs<\/strong> b\u00e9n\u00e9ficient d\u2019une prestation ou d\u2019une mesure de protection de l\u2019enfance en France*<\/p>\n<p>[\/vc_column_text][vc_column_text]<\/p>\n<h4 style=\"text-align: left;\"><span style=\"color: #d9002f;\">Pour l&rsquo;accompagnement des familles<\/span><\/h4>\n<p style=\"text-align: left;\"><strong>46% des familles<\/strong> estiment qu\u2019il est difficile d\u2019\u00e9lever un enfant*<\/p>\n<p>[\/vc_column_text][\/vc_column][vc_column width=\u00a0\u00bb1\/3&Prime;][vc_separator color=\u00a0\u00bbjuicy_pink\u00a0\u00bb border_width=\u00a0\u00bb2&Prime; css_animation=\u00a0\u00bbbounceInLeft\u00a0\u00bb][vc_column_text]<\/p>\n<h4 style=\"text-align: left;\"><span style=\"color: #d9002f;\">Pour l&rsquo;\u00e9ducation et la scolarit\u00e9<\/span><\/h4>\n<p style=\"text-align: left;\">Pr\u00e8s de <strong>100 000 jeunes<\/strong> quittent chaque ann\u00e9e le syst\u00e8me scolaire sans dipl\u00f4me*<\/p>\n<p>[\/vc_column_text][vc_column_text]<\/p>\n<h4 style=\"text-align: left;\"><span style=\"color: #d9002f;\">Pour l&rsquo;engagement et le plaidoyer<\/span><\/h4>\n<p style=\"text-align: left;\"><strong>5000 jeunes et familles<\/strong> ont particip\u00e9 \u00e0 la construction du plaidoyer de la Fondation en 2022<\/p>\n<p>[\/vc_column_text][\/vc_column][vc_column width=\u00a0\u00bb1\/3&Prime;][vc_separator color=\u00a0\u00bbjuicy_pink\u00a0\u00bb border_width=\u00a0\u00bb2&Prime; css_animation=\u00a0\u00bbbounceInLeft\u00a0\u00bb][vc_column_text]<\/p>\n<h4 style=\"text-align: left;\"><span style=\"color: #d9002f;\">Pour la formation et l&rsquo;insertion<\/span><\/h4>\n<p style=\"text-align: left;\"><strong>1,5 million de jeunes<\/strong> en France ne sont ni en emploi, ni en formation*<\/p>\n<p>[\/vc_column_text][vc_column_text]<\/p>\n<h4 style=\"text-align: left;\"><span style=\"color: #d9002f;\">A l&rsquo;international<\/span><\/h4>\n<p style=\"text-align: left;\"><strong>Construire une vie meilleure<\/strong> pour les jeunes et les familles dans le monde<\/p>\n<p>[\/vc_column_text][\/vc_column][\/vc_row][vc_row full_width=\u00a0\u00bbstretch_row\u00a0\u00bb full_height=\u00a0\u00bbyes\u00a0\u00bb disable_background_image=\u00a0\u00bb\u00a0\u00bb css=\u00a0\u00bb.vc_custom_1697137960881{margin-top: 40px !important;border-bottom-width: 40px !important;background-color: #d9002f !important;background-position: center !important;background-repeat: no-repeat !important;background-size: cover !important;}\u00a0\u00bb][vc_column][vc_empty_space][vc_row_inner disable_background_image=\u00a0\u00bb\u00a0\u00bb css=\u00a0\u00bb.vc_custom_1696271254174{background-color: #ffffff !important;}\u00a0\u00bb][vc_column_inner width=\u00a0\u00bb1\/2&Prime; css=\u00a0\u00bb.vc_custom_1696271121212{background-color: #ffffff !important;}\u00a0\u00bb][vc_custom_heading text=\u00a0\u00bbParticiper \u00e0 la vente\u00a0\u00bb font_container=\u00a0\u00bbtag:h3|text_align:left|color:%23000000&Prime;][vc_column_text css_animation=\u00a0\u00bbbounceIn\u00a0\u00bb css=\u00a0\u00bb.vc_custom_1697569849892{background-color: #ffffff !important;}\u00a0\u00bb]<\/p>\n<h3>Vente Caritative d&rsquo;\u0152uvres d&rsquo;Art de Junior Fritz Jacquet dont une partie sera r\u00e9serv\u00e9es au profit de la Fondation Apprentis d\u2019Auteuil<\/h3>\n<p>[\/vc_column_text][\/vc_column_inner][vc_column_inner width=\u00a0\u00bb1\/2&Prime; css=\u00a0\u00bb.vc_custom_1696271132602{background-color: #ffffff !important;}\u00a0\u00bb]<div role=\"form\" class=\"wpcf7\" id=\"wpcf7-f30983-o1\" lang=\"fr-FR\" dir=\"ltr\">\n<div class=\"screen-reader-response\"><\/div>\n<form action=\"\/jfj\/wp-json\/wp\/v2\/pages\/31094#wpcf7-f30983-o1\" method=\"post\" class=\"wpcf7-form cf7_custom_style_2\" novalidate=\"novalidate\">\n<div style=\"display: none;\">\n<input type=\"hidden\" name=\"_wpcf7\" value=\"30983\" \/>\n<input type=\"hidden\" name=\"_wpcf7_version\" value=\"5.1.5\" \/>\n<input type=\"hidden\" name=\"_wpcf7_locale\" value=\"fr_FR\" \/>\n<input type=\"hidden\" name=\"_wpcf7_unit_tag\" value=\"wpcf7-f30983-o1\" \/>\n<input type=\"hidden\" name=\"_wpcf7_container_post\" value=\"0\" \/>\n<\/div>\n<div style=\"wdth:50%\">\n<label> Votre nom (obligatoire)<br \/>\n    <span class=\"wpcf7-form-control-wrap your-name\"><input type=\"text\" name=\"your-name\" value=\"\" size=\"40\" class=\"wpcf7-form-control wpcf7-text wpcf7-validates-as-required\" aria-required=\"true\" aria-invalid=\"false\" \/><\/span> <\/label><\/p>\n<p><label> Votre adresse de messagerie (obligatoire)<br \/>\n    <span class=\"wpcf7-form-control-wrap your-email\"><input type=\"email\" name=\"your-email\" value=\"\" size=\"40\" class=\"wpcf7-form-control wpcf7-text wpcf7-email wpcf7-validates-as-required wpcf7-validates-as-email\" aria-required=\"true\" aria-invalid=\"false\" \/><\/span> <\/label><\/p>\n<p><label> Objet<br \/>\n    <span class=\"wpcf7-form-control-wrap your-subject\"><input type=\"text\" name=\"your-subject\" value=\"\" size=\"40\" class=\"wpcf7-form-control wpcf7-text\" aria-invalid=\"false\" \/><\/span> <\/label><\/p>\n<p><label> Votre message<br \/>\n    <span class=\"wpcf7-form-control-wrap your-message\"><textarea name=\"your-message\" cols=\"40\" rows=\"10\" class=\"wpcf7-form-control wpcf7-textarea\" aria-invalid=\"false\"><\/textarea><\/span> <\/label><\/p>\n<p><input type=\"submit\" value=\"Envoyer\" class=\"wpcf7-form-control wpcf7-submit\" \/>\n<\/p><\/div>\n<div class=\"wpcf7-response-output wpcf7-display-none\"><\/div><\/form><\/div>[\/vc_column_inner][\/vc_row_inner][vc_empty_space][\/vc_column][\/vc_row]<\/p>\n","protected":false},"excerpt":{"rendered":"<p>[vc_row full_width=\u00a0\u00bbstretch_row_content_no_spaces\u00a0\u00bb disable_background_image=\u00a0\u00bb\u00a0\u00bb][vc_column parallax=\u00a0\u00bbcontent-moving-fade\u00a0\u00bb css=\u00a0\u00bb.vc_custom_1697133393914{background-color: #d9002f !important;}\u00a0\u00bb][vc_single_image image=\u00a0\u00bb31099&Prime; img_size=\u00a0\u00bbfull\u00a0\u00bb alignment=\u00a0\u00bbcenter\u00a0\u00bb css=\u00a0\u00bb.vc_custom_1697132996759{margin-bottom: 60px !important;}\u00a0\u00bb][vc_column_text css=\u00a0\u00bb.vc_custom_1697568936925{margin-right: 100px !important;margin-bottom: 60px !important;margin-left: 100px !important;}\u00a0\u00bb] Une Soir\u00e9e Exceptionnelle :\u00a0 Vente Caritative d&rsquo;\u0152uvres d&rsquo;Art de Junior Fritz Jacquet dont une partie sera r\u00e9serv\u00e9e au profit de [&hellip;]<\/p>\n","protected":false},"author":1,"featured_media":0,"parent":30696,"menu_order":0,"comment_status":"closed","ping_status":"closed","template":"","meta":{"footnotes":""},"class_list":["post-31094","page","type-page","status-publish","hentry"],"_links":{"self":[{"href":"https:\/\/juniorfritzjacquet.com\/jfj\/wp-json\/wp\/v2\/pages\/31094"}],"collection":[{"href":"https:\/\/juniorfritzjacquet.com\/jfj\/wp-json\/wp\/v2\/pages"}],"about":[{"href":"https:\/\/juniorfritzjacquet.com\/jfj\/wp-json\/wp\/v2\/types\/page"}],"author":[{"embeddable":true,"href":"https:\/\/juniorfritzjacquet.com\/jfj\/wp-json\/wp\/v2\/users\/1"}],"replies":[{"embeddable":true,"href":"https:\/\/juniorfritzjacquet.com\/jfj\/wp-json\/wp\/v2\/comments?post=31094"}],"version-history":[{"count":42,"href":"https:\/\/juniorfritzjacquet.com\/jfj\/wp-json\/wp\/v2\/pages\/31094\/revisions"}],"predecessor-version":[{"id":31189,"href":"https:\/\/juniorfritzjacquet.com\/jfj\/wp-json\/wp\/v2\/pages\/31094\/revisions\/31189"}],"up":[{"embeddable":true,"href":"https:\/\/juniorfritzjacquet.com\/jfj\/wp-json\/wp\/v2\/pages\/30696"}],"wp:attachment":[{"href":"https:\/\/juniorfritzjacquet.com\/jfj\/wp-json\/wp\/v2\/media?parent=31094"}],"curies":[{"name":"wp","href":"https:\/\/api.w.org\/{rel}","templated":true}]}}