{"id":31026,"date":"2023-10-03T22:30:32","date_gmt":"2023-10-03T20:30:32","guid":{"rendered":"https:\/\/juniorfritzjacquet.com\/jfj\/?page_id=31026"},"modified":"2023-10-07T18:23:32","modified_gmt":"2023-10-07T16:23:32","slug":"partenaire-girard-sudron","status":"publish","type":"page","link":"https:\/\/juniorfritzjacquet.com\/jfj\/exposition-signature-jfj\/devenir-partenaire\/partenaire-girard-sudron\/","title":{"rendered":"Partenaire Girard Sudron"},"content":{"rendered":"<p>[vc_row full_width=\u00a0\u00bbstretch_row_content_no_spaces\u00a0\u00bb disable_background_image=\u00a0\u00bb\u00a0\u00bb][vc_column parallax=\u00a0\u00bbcontent-moving-fade\u00a0\u00bb parallax_image=\u00a0\u00bb31033&Prime;][vc_column_text css=\u00a0\u00bb.vc_custom_1696365718935{margin-bottom: 60px !important;}\u00a0\u00bb]<\/p>\n<h2 style=\"text-align: center;\"><span style=\"color: #ffffff;\"><strong><em>Girard Sudron<\/em>, partenaire luminaire de l&rsquo;exposition<\/strong><\/span><\/h2>\n<p>[\/vc_column_text][vc_single_image image=\u00a0\u00bb31029&Prime; img_size=\u00a0\u00bbfull\u00a0\u00bb alignment=\u00a0\u00bbcenter\u00a0\u00bb css=\u00a0\u00bb.vc_custom_1696365250797{margin-bottom: 60px !important;}\u00a0\u00bb][\/vc_column][\/vc_row][vc_row disable_background_image=\u00a0\u00bb\u00a0\u00bb css=\u00a0\u00bb.vc_custom_1696181494807{margin-top: 60px !important;margin-bottom: 60px !important;}\u00a0\u00bb][vc_column]<div class=\"eltdf-section-title-holder eltdf-default-separator-image\" style=\"text-align: left\">\n\t\t\t<h2 class=\"eltdf-st-title\" >\n\t\t\t<span>Partenariat Girard Sudron &amp; JFJ<\/span>\n\t\t<\/h2>\n\t\t\t<\/div>[vc_column_text]<\/p>\n<div class=\"wpb_text_column wpb_content_element \">\n<div class=\"wpb_wrapper\">\n<p>Nous sommes ravis de vous annoncer un partenariat exceptionnel dans le cadre de l\u2019exposition signature de Junior Fritz Jacquet. L\u2019art a le pouvoir de transcender les fronti\u00e8res, de cr\u00e9er des ponts entre les cultures et de susciter des \u00e9motions profondes. C\u2019est dans cet esprit que nous nous sommes associ\u00e9s \u00e0 Girard Sudron, une entreprise engag\u00e9e dans la cr\u00e9ation d&rsquo;\u00e9clairage &amp; LED depuis 1894.<\/p>\n<\/div>\n<\/div>\n<p>[\/vc_column_text][\/vc_column][\/vc_row][vc_row disable_background_image=\u00a0\u00bb\u00a0\u00bb css=\u00a0\u00bb.vc_custom_1696181494807{margin-top: 60px !important;margin-bottom: 60px !important;}\u00a0\u00bb][vc_column width=\u00a0\u00bb1\/2&Prime;]<div class=\"eltdf-section-title-holder eltdf-default-separator-image\" style=\"text-align: left\">\n\t\t\t<h2 class=\"eltdf-st-title\" >\n\t\t\t<span>Girard Sudron<\/span>\n\t\t<\/h2>\n\t\t\t<\/div>[vc_column_text]<strong><em>La Maison Girard Sudron s\u2019est invit\u00e9e dans les int\u00e9rieurs depuis 1894. La marque a travers\u00e9 les ann\u00e9es, les \u00e9poques, en restant toujours aussi innovante qu\u2019\u00e0 ses d\u00e9buts et en se r\u00e9inventant pour rester dans l\u2019\u00e8re du temps. <\/em><\/strong><\/p>\n<p><strong><em>Ses piliers ? Qualit\u00e9, service et passion de la lumi\u00e8re.<\/em><\/strong><\/p>\n<p><strong>130 ANS DE MODERNIT\u00c9<\/strong><\/p>\n<p>Impossible de passer \u00e0 c\u00f4t\u00e9 de cette marque historique, sp\u00e9cialiste des solutions d\u2019\u00e9clairage premium haut de gamme et originales, Girard Sudron a toujours \u00e9t\u00e9 en avance sur son temps en initiant les tendances et en int\u00e9grant les meilleures technologies dans des produits \u00e0 l\u2019esth\u00e9tique soign\u00e9e. S\u2019\u00e9clairer Girard Sudron c\u2019est faire le choix de la qualit\u00e9 pour embellir et personnaliser son environnement.<\/p>\n<p>Quinze ans apr\u00e8s l\u2019invention de l\u2019ampoule \u00e9lectrique par Joseph Swan et am\u00e9lior\u00e9e par Thomas A. Edison en 1879, c\u2019est le d\u00e9but de l\u2019\u00e8re de l\u2019\u00e9clairage \u00e9lectrique. Pour \u00e9quiper des lustres \u00e0 chandelles, Henri Girard met au point un syst\u00e8me de fourreau combin\u00e9 \u00e0 une bougie lumineuse qui permet de recourir \u00e0 ce nouveau mode d\u2019\u00e9clairage tout en conservant un style traditionnel.<\/p>\n<p>En 1927, Georges Sudron continue \u00e0 \u00e9crire l\u2019histoire de la marque et cr\u00e9e des lampes flammes d\u00e9coratives devenues aujourd\u2019hui embl\u00e9matiques. L\u2019apr\u00e8s-guerre voit la r\u00e9volution de Girard Sudron en utilisant une nouvelle technique de soufflage de verre \u00e0 \u201cpointe l\u00e9g\u00e8rement recourb\u00e9e\u201d : les\u00a0 lampes \u00ab Coup de vent \u00bb (1955), \u00ab Grand Si\u00e8cle \u00bb (1968), \u00ab Torche \u00bb (1977) et \u00ab Empire \u00bb (1990) voient chacune le jour. Devenus embl\u00e9matiques, ces mod\u00e8les sont encore d\u00e9clin\u00e9s aujourd\u2019hui.<\/p>\n<p>Les lampes Girard Sudron \u00e9clairent des lieux prestigieux comme L\u2019\u00c9lys\u00e9e, l\u2019H\u00f4tel de Ville de Lyon, le Ch\u00e2teau de Versailles, Buckingham Palace, l\u2019Op\u00e9ra Garnier, des grands palaces dans le monde et des commerces de luxe\u2026<\/p>\n<p><strong>L\u2019AMPOULE SE D\u00c9VOILE<\/strong><\/p>\n<p>Que l\u2019on soit passionn\u00e9e de d\u00e9co ou que l\u2019on aime simplement se sentir bien chez soi, les sources de lumi\u00e8res sont primordiales. Et la marque nous propose des cr\u00e9ations LED qui permettent d\u2019\u00e9conomiser 80 % d\u2019\u00e9nergie tout en sublimant les pi\u00e8ces qu\u2019elles illuminent.<\/p>\n<p>Si l\u2019exigence et l\u2019innovation guident toujours les nouvelles gammes, elles sont de plus en plus tourn\u00e9es sur la d\u00e9coration d\u2019int\u00e9rieur. R\u00e9solument moderne, Girard Sudron cr\u00e9e des lampes qui finissent de colorer les styles de nos int\u00e9rieurs. Les ampoules se d\u00e9voilent, ne se cachent plus derri\u00e8re un abat-jour. L\u2019utilitaire devient design. Avec des filaments apparents, g\u00e9ante, en forme de globe, de couleurs, vintage, r\u00e9tro ou contemporaine, l\u2019ampoule se d\u00e9cline en diff\u00e9rents styles pour apporter la touche qui personnalisera votre salon, chambre ou m\u00eame cuisine.<\/p>\n<p><strong>D\u00c9CLINAISON DESIGN<\/strong><\/p>\n<p>Vous souhaitez voir l\u2019\u00e9tendue de nos collections ? Rendez-vous pour les d\u00e9couvrir au showroom parisien au 47 rue des Tournelles dans le 3\u00e8me arrondissement de Paris. Pour acheter vos luminaires, rendez-vous au BHV, Bazar de l\u2019Electricit\u00e9 ou dans l\u2019un des magasins Habitat ou chez l\u2019un des autres partenaires partout en France mais aussi sur la boutique en ligne.[\/vc_column_text][\/vc_column][vc_column width=\u00a0\u00bb1\/2&Prime;][vc_single_image image=\u00a0\u00bb31038&Prime; img_size=\u00a0\u00bblarge\u00a0\u00bb][vc_single_image image=\u00a0\u00bb31040&Prime; img_size=\u00a0\u00bblarge\u00a0\u00bb][\/vc_column][\/vc_row][vc_row full_width=\u00a0\u00bbstretch_row_content\u00a0\u00bb row_content_width=\u00a0\u00bbgrid\u00a0\u00bb disable_background_image=\u00a0\u00bb\u00a0\u00bb css=\u00a0\u00bb.vc_custom_1696368462329{margin-bottom: 30px !important;background-color: #efe9e4 !important;background-position: center !important;background-repeat: no-repeat !important;background-size: cover !important;}\u00a0\u00bb][vc_column css=\u00a0\u00bb.vc_custom_1679598759758{margin-top: 20px !important;margin-bottom: 30px !important;}\u00a0\u00bb][vc_row_inner row_content_width=\u00a0\u00bbgrid\u00a0\u00bb disable_background_image=\u00a0\u00bb\u00a0\u00bb][vc_column_inner]<div class=\"eltdf-section-title-holder eltdf-default-separator-image\" style=\"text-align: center\">\n\t\t\t<h2 class=\"eltdf-st-title\" style=\"color: #000000\">\n\t\t\t<span>Girard Sudron, cr\u00e9ateur de lumi\u00e8re depuis 1894<\/span>\n\t\t<\/h2>\n\t\t\t<\/div>[vc_column_text]<\/p>\n<p style=\"text-align: center;\"><strong>Girard Sudron et la lumi\u00e8re fut design.<\/strong><\/p>\n<p style=\"text-align: center;\">\u00c9clairage et lumin\u00e8re LED autour de l&rsquo;innovation, la qualit\u00e9, l&rsquo;originalit\u00e9 et l&rsquo;\u00e9l\u00e9gance<\/p>\n<p>[\/vc_column_text][\/vc_column_inner][\/vc_row_inner][vc_row_inner row_content_width=\u00a0\u00bbgrid\u00a0\u00bb disable_background_image=\u00a0\u00bb\u00a0\u00bb css=\u00a0\u00bb.vc_custom_1679601607214{margin-top: 20px !important;}\u00a0\u00bb][vc_column_inner width=\u00a0\u00bb1\/2&Prime;][vc_hoverbox image=\u00a0\u00bb31047&Prime; primary_title=\u00a0\u00bb\u00a0\u00bb hover_title=\u00a0\u00bbAmpoules d\u00e9co\u00a0\u00bb shape=\u00a0\u00bbsquare\u00a0\u00bb hover_background_color=\u00a0\u00bbwhite\u00a0\u00bb hover_btn_title=\u00a0\u00bbD\u00e9couvrir\u00a0\u00bb hover_btn_style=\u00a0\u00bbcustom\u00a0\u00bb hover_btn_custom_background=\u00a0\u00bb#7d0a09&Prime; hover_btn_custom_text=\u00a0\u00bb#ffffff\u00a0\u00bb hover_add_button=\u00a0\u00bbtrue\u00a0\u00bb hover_btn_link=\u00a0\u00bburl:https%3A%2F%2Fwww.girard-sudron.fr%2F|target:_blank\u00a0\u00bb][\/vc_hoverbox][\/vc_column_inner][vc_column_inner width=\u00a0\u00bb1\/2&Prime;][vc_hoverbox image=\u00a0\u00bb31048&Prime; primary_title=\u00a0\u00bb\u00a0\u00bb hover_title=\u00a0\u00bbAmpoules LED\u00a0\u00bb shape=\u00a0\u00bbsquare\u00a0\u00bb hover_background_color=\u00a0\u00bbwhite\u00a0\u00bb hover_btn_title=\u00a0\u00bbD\u00e9couvrir\u00a0\u00bb hover_btn_style=\u00a0\u00bbcustom\u00a0\u00bb hover_btn_custom_background=\u00a0\u00bb#7d0a09&Prime; hover_btn_custom_text=\u00a0\u00bb#ffffff\u00a0\u00bb hover_add_button=\u00a0\u00bbtrue\u00a0\u00bb hover_btn_link=\u00a0\u00bburl:https%3A%2F%2Fwww.girard-sudron.fr%2F|target:_blank\u00a0\u00bb][\/vc_hoverbox][\/vc_column_inner][\/vc_row_inner][vc_row_inner equal_height=\u00a0\u00bbyes\u00a0\u00bb row_content_width=\u00a0\u00bbgrid\u00a0\u00bb disable_background_image=\u00a0\u00bb\u00a0\u00bb css=\u00a0\u00bb.vc_custom_1649950940206{margin-top: 20px !important;}\u00a0\u00bb][vc_column_inner width=\u00a0\u00bb1\/2&Prime;][vc_hoverbox image=\u00a0\u00bb31049&Prime; primary_title=\u00a0\u00bb\u00a0\u00bb hover_title=\u00a0\u00bbSuspensions\u00a0\u00bb shape=\u00a0\u00bbsquare\u00a0\u00bb hover_background_color=\u00a0\u00bbwhite\u00a0\u00bb hover_btn_title=\u00a0\u00bbD\u00e9couvrir\u00a0\u00bb hover_btn_style=\u00a0\u00bbcustom\u00a0\u00bb hover_btn_custom_background=\u00a0\u00bb#7d0a09&Prime; hover_btn_custom_text=\u00a0\u00bb#ffffff\u00a0\u00bb hover_add_button=\u00a0\u00bbtrue\u00a0\u00bb hover_btn_link=\u00a0\u00bburl:https%3A%2F%2Fwww.girard-sudron.fr%2F|target:_blank\u00a0\u00bb][\/vc_hoverbox][\/vc_column_inner][vc_column_inner width=\u00a0\u00bb1\/2&Prime;][vc_hoverbox image=\u00a0\u00bb31050&Prime; primary_title=\u00a0\u00bb\u00a0\u00bb hover_title=\u00a0\u00bbLampes \u00e0 poser\u00a0\u00bb shape=\u00a0\u00bbsquare\u00a0\u00bb hover_background_color=\u00a0\u00bbwhite\u00a0\u00bb hover_btn_title=\u00a0\u00bbD\u00e9couvrir\u00a0\u00bb hover_btn_style=\u00a0\u00bbcustom\u00a0\u00bb hover_btn_custom_background=\u00a0\u00bb#7d0a09&Prime; hover_btn_custom_text=\u00a0\u00bb#ffffff\u00a0\u00bb hover_add_button=\u00a0\u00bbtrue\u00a0\u00bb hover_btn_link=\u00a0\u00bburl:https%3A%2F%2Fwww.girard-sudron.fr%2F|target:_blank\u00a0\u00bb][\/vc_hoverbox][\/vc_column_inner][\/vc_row_inner][vc_row_inner equal_height=\u00a0\u00bbyes\u00a0\u00bb row_content_width=\u00a0\u00bbgrid\u00a0\u00bb disable_background_image=\u00a0\u00bb\u00a0\u00bb css=\u00a0\u00bb.vc_custom_1649950940206{margin-top: 20px !important;}\u00a0\u00bb][vc_column_inner width=\u00a0\u00bb1\/2&Prime;][vc_hoverbox image=\u00a0\u00bb31051&Prime; primary_title=\u00a0\u00bb\u00a0\u00bb hover_title=\u00a0\u00bbSpots\u00a0\u00bb shape=\u00a0\u00bbsquare\u00a0\u00bb hover_background_color=\u00a0\u00bbwhite\u00a0\u00bb hover_btn_title=\u00a0\u00bbD\u00e9couvrir\u00a0\u00bb hover_btn_style=\u00a0\u00bbcustom\u00a0\u00bb hover_btn_custom_background=\u00a0\u00bb#7d0a09&Prime; hover_btn_custom_text=\u00a0\u00bb#ffffff\u00a0\u00bb hover_add_button=\u00a0\u00bbtrue\u00a0\u00bb hover_btn_link=\u00a0\u00bburl:https%3A%2F%2Fwww.girard-sudron.fr%2F|target:_blank\u00a0\u00bb][\/vc_hoverbox][\/vc_column_inner][vc_column_inner width=\u00a0\u00bb1\/2&Prime;][vc_hoverbox image=\u00a0\u00bb31052&Prime; primary_title=\u00a0\u00bb\u00a0\u00bb hover_title=\u00a0\u00bbAppliques murales\u00a0\u00bb shape=\u00a0\u00bbsquare\u00a0\u00bb hover_background_color=\u00a0\u00bbwhite\u00a0\u00bb hover_btn_title=\u00a0\u00bbD\u00e9couvrir\u00a0\u00bb hover_btn_style=\u00a0\u00bbcustom\u00a0\u00bb hover_btn_custom_background=\u00a0\u00bb#7d0a09&Prime; hover_btn_custom_text=\u00a0\u00bb#ffffff\u00a0\u00bb hover_add_button=\u00a0\u00bbtrue\u00a0\u00bb hover_btn_link=\u00a0\u00bburl:https%3A%2F%2Fwww.girard-sudron.fr%2F|target:_blank\u00a0\u00bb][\/vc_hoverbox][\/vc_column_inner][\/vc_row_inner][\/vc_column][\/vc_row][vc_row disable_background_image=\u00a0\u00bb\u00a0\u00bb css=\u00a0\u00bb.vc_custom_1696275106495{margin-top: 20px !important;margin-bottom: 60px !important;}\u00a0\u00bb][vc_column]<div class=\"eltdf-section-title-holder eltdf-default-separator-image\" style=\"text-align: center\">\n\t\t\t<h2 class=\"eltdf-st-title\" style=\"color: #7d0a09\">\n\t\t\t<span>Girard Sudron, une visibilit\u00e9 \u00e0 l&#039;international<\/span>\n\t\t<\/h2>\n\t\t\t<\/div>[\/vc_column][\/vc_row][vc_row disable_background_image=\u00a0\u00bb\u00a0\u00bb][vc_column width=\u00a0\u00bb1\/4&Prime;][vc_separator color=\u00a0\u00bbblack\u00a0\u00bb border_width=\u00a0\u00bb2&Prime; css_animation=\u00a0\u00bbbounceInLeft\u00a0\u00bb][vc_column_text]<\/p>\n<h4 style=\"text-align: left;\"><strong>FRANCE<\/strong><\/h4>\n<p style=\"text-align: left;\">47 Rue des Tournelles<br \/>\n75003 &#8211; Paris<br \/>\nserviceclients@girard-sudron.com<br \/>\nTel : +33 (0)1 44 592 220<br \/>\nFax : +33 (0)1 42 747 072<\/p>\n<p>[\/vc_column_text][vc_column_text]<\/p>\n<h4 style=\"text-align: left;\">ITALY<\/h4>\n<p style=\"text-align: left;\">LIGHTING DIFFUSION ITALIA<br \/>\nVia Savonarola, 217<br \/>\n35137 &#8211; Padova<br \/>\nserviceclients@girard-sudron.com<br \/>\nTel : +39 331 5239091<\/p>\n<p>[\/vc_column_text][\/vc_column][vc_column width=\u00a0\u00bb1\/4&Prime;][vc_separator color=\u00a0\u00bbblack\u00a0\u00bb border_width=\u00a0\u00bb2&Prime; css_animation=\u00a0\u00bbbounceInLeft\u00a0\u00bb][vc_column_text]<\/p>\n<h4 style=\"text-align: left;\">SWITZERLAND<\/h4>\n<p style=\"text-align: left;\">En Courta Rama, 2<br \/>\n1163 &#8211; Etoy<br \/>\nstore@girard-sudron.ch<br \/>\nTel : +41 (0)22 369 95 00<br \/>\nFax : +41 (0)22 369 95 96<\/p>\n<p>[\/vc_column_text][vc_column_text]<\/p>\n<h4 style=\"text-align: left;\">BELGIUM<\/h4>\n<p style=\"text-align: left;\">Rue Van Eyck, 22<br \/>\nB1000 &#8211; Bruxelles<br \/>\nserviceclients@girard-sudron.com<br \/>\nTel : +32 (0)484 45 27 91<\/p>\n<p>[\/vc_column_text][\/vc_column][vc_column width=\u00a0\u00bb1\/4&Prime;][vc_separator color=\u00a0\u00bbblack\u00a0\u00bb border_width=\u00a0\u00bb2&Prime; css_animation=\u00a0\u00bbbounceInLeft\u00a0\u00bb][vc_column_text]<\/p>\n<h4 style=\"text-align: left;\">GERMANY<\/h4>\n<p style=\"text-align: left;\">S\u00fcdliche M\u00fcnchner Str. 55<br \/>\nD-82031 Gr\u00fcnwald b. M\u00fcnchen<br \/>\ninfo@girard-sudron.de<br \/>\nTel : +49 (0)89 122 219 850<\/p>\n<p>[\/vc_column_text][vc_column_text]<\/p>\n<h4 style=\"text-align: left;\">CHINA<\/h4>\n<p style=\"text-align: left;\">RM 403 Yuanshoge,Fanrong Square west hexiangrd<br \/>\n361004 Xiamen &#8211; Fujian<br \/>\nstore@girard-sudron.ch<\/p>\n<p>[\/vc_column_text][\/vc_column][vc_column width=\u00a0\u00bb1\/4&Prime;][vc_separator color=\u00a0\u00bbblack\u00a0\u00bb border_width=\u00a0\u00bb2&Prime; css_animation=\u00a0\u00bbbounceInLeft\u00a0\u00bb][vc_column_text]<\/p>\n<h4 style=\"text-align: left;\">ENGLAND<\/h4>\n<p style=\"text-align: left;\">U13 Bentley Court, Finedon Road Ind. Est. Wellingborough<br \/>\nNorthamptonshire &#8211; NN8 4BQ<br \/>\nsales@girard-sudron.co.uk<br \/>\nTel : +44 (0)1933 770 550<\/p>\n<p>[\/vc_column_text][vc_column_text]<\/p>\n<h4 style=\"text-align: left;\">INDIA<\/h4>\n<p style=\"text-align: left;\">No. 77 &#8211; 7th floor, Nucleus Mall &amp; Office. NH 49<br \/>\n682304 Cochin &#8211; Kerala<br \/>\ninfo@girard-sudron.in<\/p>\n<p>[\/vc_column_text][\/vc_column][\/vc_row][vc_row full_width=\u00a0\u00bbstretch_row\u00a0\u00bb full_height=\u00a0\u00bbyes\u00a0\u00bb disable_background_image=\u00a0\u00bb\u00a0\u00bb css=\u00a0\u00bb.vc_custom_1696368483477{margin-top: 40px !important;border-bottom-width: 40px !important;background-color: #efe9e4 !important;background-position: center !important;background-repeat: no-repeat !important;background-size: cover !important;}\u00a0\u00bb][vc_column][vc_empty_space][vc_row_inner disable_background_image=\u00a0\u00bb\u00a0\u00bb css=\u00a0\u00bb.vc_custom_1696271254174{background-color: #ffffff !important;}\u00a0\u00bb][vc_column_inner width=\u00a0\u00bb1\/2&Prime; css=\u00a0\u00bb.vc_custom_1696271121212{background-color: #ffffff !important;}\u00a0\u00bb][vc_custom_heading text=\u00a0\u00bbContactez Girard Sudron\u00a0\u00bb font_container=\u00a0\u00bbtag:h3|text_align:left|color:%23000000&Prime;][vc_column_text css_animation=\u00a0\u00bbbounceIn\u00a0\u00bb css=\u00a0\u00bb.vc_custom_1696451478790{background-color: #ffffff !important;}\u00a0\u00bb]<\/p>\n<h3><span style=\"color: #000000;\">Commencez votre projet de d\u00e9co<\/span><\/h3>\n<p>Une id\u00e9e, une envie, un projet&#8230;[\/vc_column_text][\/vc_column_inner][vc_column_inner width=\u00a0\u00bb1\/2&Prime; css=\u00a0\u00bb.vc_custom_1696271132602{background-color: #ffffff !important;}\u00a0\u00bb]<div role=\"form\" class=\"wpcf7\" id=\"wpcf7-f30983-o1\" lang=\"fr-FR\" dir=\"ltr\">\n<div class=\"screen-reader-response\"><\/div>\n<form action=\"\/jfj\/wp-json\/wp\/v2\/pages\/31026#wpcf7-f30983-o1\" method=\"post\" class=\"wpcf7-form cf7_custom_style_2\" novalidate=\"novalidate\">\n<div style=\"display: none;\">\n<input type=\"hidden\" name=\"_wpcf7\" value=\"30983\" \/>\n<input type=\"hidden\" name=\"_wpcf7_version\" value=\"5.1.5\" \/>\n<input type=\"hidden\" name=\"_wpcf7_locale\" value=\"fr_FR\" \/>\n<input type=\"hidden\" name=\"_wpcf7_unit_tag\" value=\"wpcf7-f30983-o1\" \/>\n<input type=\"hidden\" name=\"_wpcf7_container_post\" value=\"0\" \/>\n<\/div>\n<div style=\"wdth:50%\">\n<label> Votre nom (obligatoire)<br \/>\n    <span class=\"wpcf7-form-control-wrap your-name\"><input type=\"text\" name=\"your-name\" value=\"\" size=\"40\" class=\"wpcf7-form-control wpcf7-text wpcf7-validates-as-required\" aria-required=\"true\" aria-invalid=\"false\" \/><\/span> <\/label><\/p>\n<p><label> Votre adresse de messagerie (obligatoire)<br \/>\n    <span class=\"wpcf7-form-control-wrap your-email\"><input type=\"email\" name=\"your-email\" value=\"\" size=\"40\" class=\"wpcf7-form-control wpcf7-text wpcf7-email wpcf7-validates-as-required wpcf7-validates-as-email\" aria-required=\"true\" aria-invalid=\"false\" \/><\/span> <\/label><\/p>\n<p><label> Objet<br \/>\n    <span class=\"wpcf7-form-control-wrap your-subject\"><input type=\"text\" name=\"your-subject\" value=\"\" size=\"40\" class=\"wpcf7-form-control wpcf7-text\" aria-invalid=\"false\" \/><\/span> <\/label><\/p>\n<p><label> Votre message<br \/>\n    <span class=\"wpcf7-form-control-wrap your-message\"><textarea name=\"your-message\" cols=\"40\" rows=\"10\" class=\"wpcf7-form-control wpcf7-textarea\" aria-invalid=\"false\"><\/textarea><\/span> <\/label><\/p>\n<p><input type=\"submit\" value=\"Envoyer\" class=\"wpcf7-form-control wpcf7-submit\" \/>\n<\/p><\/div>\n<div class=\"wpcf7-response-output wpcf7-display-none\"><\/div><\/form><\/div>[\/vc_column_inner][\/vc_row_inner][vc_empty_space][\/vc_column][\/vc_row]<\/p>\n","protected":false},"excerpt":{"rendered":"<p>[vc_row full_width=\u00a0\u00bbstretch_row_content_no_spaces\u00a0\u00bb disable_background_image=\u00a0\u00bb\u00a0\u00bb][vc_column parallax=\u00a0\u00bbcontent-moving-fade\u00a0\u00bb parallax_image=\u00a0\u00bb31033&Prime;][vc_column_text css=\u00a0\u00bb.vc_custom_1696365718935{margin-bottom: 60px !important;}\u00a0\u00bb] Girard Sudron, partenaire luminaire de l&rsquo;exposition [\/vc_column_text][vc_single_image image=\u00a0\u00bb31029&Prime; img_size=\u00a0\u00bbfull\u00a0\u00bb alignment=\u00a0\u00bbcenter\u00a0\u00bb css=\u00a0\u00bb.vc_custom_1696365250797{margin-bottom: 60px !important;}\u00a0\u00bb][\/vc_column][\/vc_row][vc_row disable_background_image=\u00a0\u00bb\u00a0\u00bb css=\u00a0\u00bb.vc_custom_1696181494807{margin-top: 60px !important;margin-bottom: 60px !important;}\u00a0\u00bb][vc_column][vc_column_text] Nous sommes ravis de vous annoncer un partenariat exceptionnel dans le cadre de [&hellip;]<\/p>\n","protected":false},"author":1,"featured_media":0,"parent":30696,"menu_order":0,"comment_status":"closed","ping_status":"closed","template":"","meta":{"footnotes":""},"class_list":["post-31026","page","type-page","status-publish","hentry"],"_links":{"self":[{"href":"https:\/\/juniorfritzjacquet.com\/jfj\/wp-json\/wp\/v2\/pages\/31026"}],"collection":[{"href":"https:\/\/juniorfritzjacquet.com\/jfj\/wp-json\/wp\/v2\/pages"}],"about":[{"href":"https:\/\/juniorfritzjacquet.com\/jfj\/wp-json\/wp\/v2\/types\/page"}],"author":[{"embeddable":true,"href":"https:\/\/juniorfritzjacquet.com\/jfj\/wp-json\/wp\/v2\/users\/1"}],"replies":[{"embeddable":true,"href":"https:\/\/juniorfritzjacquet.com\/jfj\/wp-json\/wp\/v2\/comments?post=31026"}],"version-history":[{"count":28,"href":"https:\/\/juniorfritzjacquet.com\/jfj\/wp-json\/wp\/v2\/pages\/31026\/revisions"}],"predecessor-version":[{"id":31342,"href":"https:\/\/juniorfritzjacquet.com\/jfj\/wp-json\/wp\/v2\/pages\/31026\/revisions\/31342"}],"up":[{"embeddable":true,"href":"https:\/\/juniorfritzjacquet.com\/jfj\/wp-json\/wp\/v2\/pages\/30696"}],"wp:attachment":[{"href":"https:\/\/juniorfritzjacquet.com\/jfj\/wp-json\/wp\/v2\/media?parent=31026"}],"curies":[{"name":"wp","href":"https:\/\/api.w.org\/{rel}","templated":true}]}}