{"id":30696,"date":"2023-09-20T21:02:30","date_gmt":"2023-09-20T19:02:30","guid":{"rendered":"https:\/\/juniorfritzjacquet.com\/jfj\/?page_id=30696"},"modified":"2024-05-31T23:55:18","modified_gmt":"2024-05-31T21:55:18","slug":"devenir-partenaire","status":"publish","type":"page","link":"https:\/\/juniorfritzjacquet.com\/jfj\/exposition-signature-jfj\/devenir-partenaire\/","title":{"rendered":"Devenir partenaire"},"content":{"rendered":"<p>[vc_row disable_background_image=\u00a0\u00bb\u00a0\u00bb css=\u00a0\u00bb.vc_custom_1695416767201{background-color: #fbfbfc !important;}\u00a0\u00bb][vc_column css=\u00a0\u00bb.vc_custom_1695416873334{padding-top: 0px !important;}\u00a0\u00bb][rev_slider_vc alias=\u00a0\u00bbSliderExpo1&Prime;][\/vc_column][\/vc_row][vc_row content_text_aligment=\u00a0\u00bbcenter\u00a0\u00bb disable_background_image=\u00a0\u00bb680&Prime; css=\u00a0\u00bb.vc_custom_1488285908498{padding-top: 63px !important;padding-bottom: 66px !important;background-image: url(http:\/\/koto.elated-themes.com\/wp-content\/uploads\/2017\/02\/h1-background-1.jpg?id=3682) !important;background-position: 0 0 !important;background-repeat: no-repeat !important;}\u00a0\u00bb][vc_column][vc_row_inner row_content_width=\u00a0\u00bbgrid\u00a0\u00bb disable_background_image=\u00a0\u00bb\u00a0\u00bb][vc_column_inner]<div class=\"eltdf-section-title-holder eltdf-separator-marquee eltdf-default-separator-image\" style=\"padding-left: 34%;padding-right: 34%;text-align: center\">\n\t\t\t<h2 class=\"eltdf-st-title\" >\n\t\t\t<span>Partenaire<\/span>\n\t\t<\/h2>\n\t\t\t\t<div class=\"eltdf-st-separator\" >\n\t\t\t\t\t\t\t<img decoding=\"async\" itemprop=\"image\" class=\"eltdf-st-separator-image\" src=\"https:\/\/juniorfritzjacquet.com\/jfj\/wp-content\/plugins\/eltdf-core\/shortcodes\/section-title\/assets\/img\/section-title.svg\" alt=\"Section Title Separator\" \/>\n\t\t\t\t\t<\/div>\n\t\t<\/div>[vc_column_text]<\/p>\n<p class=\"eltdf-st-text\" style=\"text-align: center;\">En tant que partenaire du Jardin d&rsquo;Eden, vous avez l&rsquo;opportunit\u00e9 de b\u00e9n\u00e9ficier d&rsquo;une visibilit\u00e9 consid\u00e9rable tout en soutenant une initiative culturelle enrichissante et v\u00e9ritablement unique. C&rsquo;est l&rsquo;occasion id\u00e9ale de renforcer votre pr\u00e9sence dans le domaine culturel et \u00e9co-responsable, tout en montrant votre engagement envers les arts et la culture.<\/p>\n<p>[\/vc_column_text][\/vc_column_inner][\/vc_row_inner][\/vc_column][\/vc_row][vc_row disable_background_image=\u00a0\u00bb1280&Prime; css=\u00a0\u00bb.vc_custom_1694616410450{padding-top: 61px !important;background: #ededed url(http:\/\/koto.elated-themes.com\/wp-content\/uploads\/2017\/02\/h1-background-4.jpg?id=3814) !important;background-position: center !important;background-repeat: no-repeat !important;background-size: cover !important;}\u00a0\u00bb][vc_column][vc_row_inner row_content_width=\u00a0\u00bbgrid\u00a0\u00bb content_text_aligment=\u00a0\u00bbleft\u00a0\u00bb disable_background_image=\u00a0\u00bb\u00a0\u00bb][vc_column_inner offset=\u00a0\u00bbvc_col-lg-6 vc_col-md-12&Prime;]<div class=\"eltdf-section-title-holder eltdf-separator-marquee eltdf-default-separator-image\" style=\"padding-right: 31%;text-align: left\">\n\t\t\t<h2 class=\"eltdf-st-title\" >\n\t\t\t<span>Pourquoi devenir partenaire ?<\/span>\n\t\t<\/h2>\n\t\t\t\t<div class=\"eltdf-st-separator\" style=\"margin-top: 37px\">\n\t\t\t\t\t\t\t<img decoding=\"async\" itemprop=\"image\" class=\"eltdf-st-separator-image\" src=\"https:\/\/juniorfritzjacquet.com\/jfj\/wp-content\/plugins\/eltdf-core\/shortcodes\/section-title\/assets\/img\/section-title.svg\" alt=\"Section Title Separator\" \/>\n\t\t\t\t\t<\/div>\n\t\t<\/div>[vc_empty_space height=\u00a0\u00bb15px\u00a0\u00bb][vc_column_text]<strong>1. Visibilit\u00e9 de Marque :<\/strong> Votre logo et nom de l&rsquo;entreprise seront<br \/>\naffich\u00e9s sur tous nos supports de communication, y compris les<br \/>\naffiches, les flyers, le site web de l&rsquo;\u00e9v\u00e9nement et les r\u00e9seaux<br \/>\nsociaux, permettant une visibilit\u00e9 accrue aupr\u00e8s d&rsquo;un public<br \/>\ndiversifi\u00e9.<br \/>\n<strong>2. Responsabilit\u00e9 Sociale d&rsquo;Entreprise (RSE) :<\/strong> Votre implication<br \/>\ndans cet \u00e9v\u00e9nement culturel d\u00e9montrera votre engagement envers<br \/>\nla culture locale et la communaut\u00e9, renfor\u00e7ant ainsi votre image de<br \/>\nmarque en tant qu&rsquo;entreprise socialement responsable.<br \/>\n<strong>3. Acc\u00e8s \u00e0 un Public Cibl\u00e9 :<\/strong> Notre \u00e9v\u00e9nement attirera un public<br \/>\nengag\u00e9 et passionn\u00e9 par la culture, offrant une occasion unique<br \/>\nd&rsquo;interagir avec votre groupe cible.<br \/>\n<strong>4. Exclusivit\u00e9 et Avantages VIP :<\/strong> Vous pourrez b\u00e9n\u00e9ficier<br \/>\nd&rsquo;avantages exclusifs tels que des invitations VIP \u00e0 des \u00e9v\u00e9nements<br \/>\nsp\u00e9ciaux, des rencontres avec les artistes et des visites guid\u00e9es des<br \/>\ncoulisses.<br \/>\n<strong>5. Opportunit\u00e9 de M\u00e9c\u00e9nat Culturel :<\/strong> Votre soutien contribuera \u00e0 la<br \/>\npr\u00e9servation et \u00e0 la promotion de la culture, favorisant le<br \/>\nd\u00e9veloppement artistique et culturel de la r\u00e9gion.[\/vc_column_text]<a itemprop=\"url\" href=\"https:\/\/juniorfritzjacquet.com\/jfj\/design\/\" target=\"_self\" style=\"color: #ffffff;background-color: #000000;margin: 67px 0 55px 0\" class=\"eltdf-btn eltdf-btn-medium eltdf-btn-solid\" data-hover-color=\"#f2f2f2\" data-hover-bg-color=\"#bababa\" >\n    <span class=\"eltdf-btn-text\">Mon univers<\/span>\n    <\/a>\n[\/vc_column_inner][vc_column_inner css=\u00a0\u00bb.vc_custom_1487588034325{padding-left: 6% !important;}\u00a0\u00bb offset=\u00a0\u00bbvc_col-lg-6 vc_col-md-12&Prime;][vc_single_image image=\u00a0\u00bb30744&Prime; img_size=\u00a0\u00bbfull\u00a0\u00bb][\/vc_column_inner][\/vc_row_inner][\/vc_column][\/vc_row][vc_row disable_background_image=\u00a0\u00bb\u00a0\u00bb][vc_column][vc_separator css=\u00a0\u00bb.vc_custom_1695895173567{margin-bottom: 20px !important;}\u00a0\u00bb]<div class=\"eltdf-section-title-holder eltdf-separator-marquee eltdf-default-separator-image\" style=\"padding-left: 34%;padding-right: 34%;text-align: center\">\n\t\t\t<h3 class=\"eltdf-st-title\" >\n\t\t\t<span>Nos partenaires<\/span>\n\t\t<\/h3>\n\t\t\t<\/div><div class=\"eltdf-clients-carousel-holder  eltdf-cc-hover-roll-over\">\n\t<div class=\"eltdf-cc-inner eltdf-owl-slider\" data-number-of-items=\"4\" data-enable-loop=\"no\" data-enable-autoplay=\"no\" data-slider-speed=\"5000\" data-slider-speed-animation=\"600\" data-enable-navigation=\"yes\" data-enable-pagination=\"yes\">\n\t\t<div class=\"eltdf-cc-item\">\n\t\t\t<a itemprop=\"url\" class=\"eltdf-cc-link\" href=\"https:\/\/juniorfritzjacquet.com\/jfj\/exposition-signature-jfj\/devenir-partenaire\/partenaire-groupe-morault\/\" target=\"_self\">\n\t\t\t\t\t\t<img decoding=\"async\" itemprop=\"image\" class=\"eltdf-cc-image\" src=\"https:\/\/juniorfritzjacquet.com\/jfj\/wp-content\/uploads\/2023\/12\/ensemble-logo-partenaires-groupe-morault.jpg\" alt=\"\" \/>\n\t\t\t\t\t\t\t<img decoding=\"async\" itemprop=\"image\" class=\"eltdf-cc-hover-image\" src=\"https:\/\/juniorfritzjacquet.com\/jfj\/wp-content\/uploads\/2023\/12\/ensemble-logo-partenaires-groupe-morault-sigle.jpg\" alt=\"\" \/>\n\t\t\t\t\t<\/a>\n\t<\/div><div class=\"eltdf-cc-item\">\n\t\t\t<a itemprop=\"url\" class=\"eltdf-cc-link\" href=\"https:\/\/juniorfritzjacquet.com\/jfj\/exposition-signature-jfj\/devenir-partenaire\/partenaire-printoclock\/\" target=\"_self\">\n\t\t\t\t\t\t<img decoding=\"async\" itemprop=\"image\" class=\"eltdf-cc-image\" src=\"https:\/\/juniorfritzjacquet.com\/jfj\/wp-content\/uploads\/2023\/11\/ensemble-logo-partenaires-printoclock.jpg\" alt=\"\" \/>\n\t\t\t\t\t\t\t<img decoding=\"async\" itemprop=\"image\" class=\"eltdf-cc-hover-image\" src=\"https:\/\/juniorfritzjacquet.com\/jfj\/wp-content\/uploads\/2023\/11\/ensemble-logo-partenaires-printoclock-sigle.jpg\" alt=\"\" \/>\n\t\t\t\t\t<\/a>\n\t<\/div><div class=\"eltdf-cc-item\">\n\t\t\t<a itemprop=\"url\" class=\"eltdf-cc-link\" href=\"https:\/\/juniorfritzjacquet.com\/jfj\/exposition-signature-jfj\/devenir-partenaire\/partenaire-ville-de-compiegne\/\" target=\"_self\">\n\t\t\t\t\t\t<img decoding=\"async\" itemprop=\"image\" class=\"eltdf-cc-image\" src=\"https:\/\/juniorfritzjacquet.com\/jfj\/wp-content\/uploads\/2023\/11\/ensemble-logo-partenaires-villecompiegne.jpg\" alt=\"\" \/>\n\t\t\t\t\t\t\t<img decoding=\"async\" itemprop=\"image\" class=\"eltdf-cc-hover-image\" src=\"https:\/\/juniorfritzjacquet.com\/jfj\/wp-content\/uploads\/2023\/11\/ensemble-logo-partenaires-villecompiegne-sigle.jpg\" alt=\"\" \/>\n\t\t\t\t\t<\/a>\n\t<\/div><div class=\"eltdf-cc-item\">\n\t\t\t<a itemprop=\"url\" class=\"eltdf-cc-link\" href=\"https:\/\/juniorfritzjacquet.com\/jfj\/exposition-signature-jfj\/devenir-partenaire\/partenaire-girard-sudron\/\" target=\"_self\">\n\t\t\t\t\t\t<img decoding=\"async\" itemprop=\"image\" class=\"eltdf-cc-image\" src=\"https:\/\/juniorfritzjacquet.com\/jfj\/wp-content\/uploads\/2023\/11\/ensemble-logo-partenaires-gerard-sudron.jpg\" alt=\"\" \/>\n\t\t\t\t\t\t\t<img decoding=\"async\" itemprop=\"image\" class=\"eltdf-cc-hover-image\" src=\"https:\/\/juniorfritzjacquet.com\/jfj\/wp-content\/uploads\/2023\/11\/ensemble-logo-partenaires-gerard-sudron-sigle.jpg\" alt=\"\" \/>\n\t\t\t\t\t<\/a>\n\t<\/div><div class=\"eltdf-cc-item\">\n\t\t\t<a itemprop=\"url\" class=\"eltdf-cc-link\" href=\"https:\/\/juniorfritzjacquet.com\/jfj\/exposition-signature-jfj\/devenir-partenaire\/partenaire-apprentis-dauteuil\/\" target=\"_self\">\n\t\t\t\t\t\t<img decoding=\"async\" itemprop=\"image\" class=\"eltdf-cc-image\" src=\"https:\/\/juniorfritzjacquet.com\/jfj\/wp-content\/uploads\/2023\/11\/ensemble-logo-partenaires-apprentisAuteuil.jpg\" alt=\"\" \/>\n\t\t\t\t\t\t\t<img decoding=\"async\" itemprop=\"image\" class=\"eltdf-cc-hover-image\" src=\"https:\/\/juniorfritzjacquet.com\/jfj\/wp-content\/uploads\/2023\/11\/ensemble-logo-partenaires-apprentisAuteuil-sigle.jpg\" alt=\"\" \/>\n\t\t\t\t\t<\/a>\n\t<\/div><div class=\"eltdf-cc-item\">\n\t\t\t<a itemprop=\"url\" class=\"eltdf-cc-link\" href=\"https:\/\/juniorfritzjacquet.com\/jfj\/exposition-signature-jfj\/devenir-partenaire\/partenaire-web-digital\/\" target=\"_self\">\n\t\t\t\t\t\t<img decoding=\"async\" itemprop=\"image\" class=\"eltdf-cc-image\" src=\"https:\/\/juniorfritzjacquet.com\/jfj\/wp-content\/uploads\/2023\/11\/ensemble-logo-partenaires-WebDigital.jpg\" alt=\"\" \/>\n\t\t\t\t\t\t\t<img decoding=\"async\" itemprop=\"image\" class=\"eltdf-cc-hover-image\" src=\"https:\/\/juniorfritzjacquet.com\/jfj\/wp-content\/uploads\/2023\/11\/ensemble-logo-partenaires-WebDigital-sigle.jpg\" alt=\"\" \/>\n\t\t\t\t\t<\/a>\n\t<\/div><div class=\"eltdf-cc-item\">\n\t\t\t<a itemprop=\"url\" class=\"eltdf-cc-link\" href=\"https:\/\/juniorfritzjacquet.com\/jfj\/exposition-signature-jfj\/devenir-partenaire\/partenaire-carcasse-abatjour\/\" target=\"_self\">\n\t\t\t\t\t\t<img decoding=\"async\" itemprop=\"image\" class=\"eltdf-cc-image\" src=\"https:\/\/juniorfritzjacquet.com\/jfj\/wp-content\/uploads\/2023\/11\/ensemble-logo-partenaires-CARRE.jpg\" alt=\"\" \/>\n\t\t\t\t\t\t\t<img decoding=\"async\" itemprop=\"image\" class=\"eltdf-cc-hover-image\" src=\"https:\/\/juniorfritzjacquet.com\/jfj\/wp-content\/uploads\/2023\/11\/ensemble-logo-partenaires-CARRE-sigle.jpg\" alt=\"\" \/>\n\t\t\t\t\t<\/a>\n\t<\/div><div class=\"eltdf-cc-item\">\n\t\t\t<a itemprop=\"url\" class=\"eltdf-cc-link\" href=\"#\" target=\"_self\">\n\t\t\t\t\t\t<img decoding=\"async\" itemprop=\"image\" class=\"eltdf-cc-image\" src=\"https:\/\/juniorfritzjacquet.com\/jfj\/wp-content\/uploads\/2024\/05\/ensemble-logo-partenaires-Christophe.jpg\" alt=\"\" \/>\n\t\t\t\t\t\t\t<img decoding=\"async\" itemprop=\"image\" class=\"eltdf-cc-hover-image\" src=\"https:\/\/juniorfritzjacquet.com\/jfj\/wp-content\/uploads\/2024\/05\/ensemble-logo-partenaires-Christophe-sigle.jpg\" alt=\"\" \/>\n\t\t\t\t\t<\/a>\n\t<\/div><div class=\"eltdf-cc-item\">\n\t\t\t<a itemprop=\"url\" class=\"eltdf-cc-link\" href=\"https:\/\/juniorfritzjacquet.com\/jfj\/exposition-signature-jfj\/devenir-partenaire\/partenaire-yann-vernerie\/\" target=\"_self\">\n\t\t\t\t\t\t<img decoding=\"async\" itemprop=\"image\" class=\"eltdf-cc-image\" src=\"https:\/\/juniorfritzjacquet.com\/jfj\/wp-content\/uploads\/2023\/11\/ensemble-logo-partenaires-yann.jpg\" alt=\"\" \/>\n\t\t\t\t\t\t\t<img decoding=\"async\" itemprop=\"image\" class=\"eltdf-cc-hover-image\" src=\"https:\/\/juniorfritzjacquet.com\/jfj\/wp-content\/uploads\/2023\/11\/ensemble-logo-partenaires-yann-sigle.jpg\" alt=\"\" \/>\n\t\t\t\t\t<\/a>\n\t<\/div>\t<\/div>\n<\/div>[vc_separator][\/vc_column][\/vc_row][vc_row content_text_aligment=\u00a0\u00bbcenter\u00a0\u00bb disable_background_image=\u00a0\u00bb680&Prime; css=\u00a0\u00bb.vc_custom_1693944395859{padding-top: 62px !important;padding-bottom: 81px !important;background-image: url(https:\/\/juniorfritzjacquet.com\/jfj\/wp-content\/uploads\/2017\/03\/h8-img-3.png?id=6562) !important;background-position: 0 0 !important;background-repeat: no-repeat !important;}\u00a0\u00bb][vc_column][vc_row_inner row_content_width=\u00a0\u00bbgrid\u00a0\u00bb disable_background_image=\u00a0\u00bb\u00a0\u00bb][vc_column_inner]<div class=\"eltdf-section-title-holder eltdf-separator-marquee eltdf-default-separator-image\" style=\"padding-left: 34%;padding-right: 34%;text-align: center\">\n\t\t\t<h3 class=\"eltdf-st-title\" >\n\t\t\t<span>Nous contacter pour devenir partenaire<\/span>\n\t\t<\/h3>\n\t\t\t\t<div class=\"eltdf-st-separator\" >\n\t\t\t\t\t\t\t<img decoding=\"async\" itemprop=\"image\" class=\"eltdf-st-separator-image\" src=\"https:\/\/juniorfritzjacquet.com\/jfj\/wp-content\/plugins\/eltdf-core\/shortcodes\/section-title\/assets\/img\/section-title.svg\" alt=\"Section Title Separator\" \/>\n\t\t\t\t\t<\/div>\n\t\t<\/div>[\/vc_column_inner][\/vc_row_inner][\/vc_column][\/vc_row][vc_row disable_background_image=\u00a0\u00bb\u00a0\u00bb css=\u00a0\u00bb.vc_custom_1717192053343{padding-top: 40px !important;background-image: url(https:\/\/juniorfritzjacquet.com\/jfj\/wp-content\/uploads\/2024\/05\/fond-formulaire-concept-exposition-jfj.jpg?id=31533) !important;}\u00a0\u00bb][vc_column width=\u00a0\u00bb1\/2&Prime; css=\u00a0\u00bb.vc_custom_1693857560196{padding-left: 60px !important;}\u00a0\u00bb]<div class=\"eltdf-section-title-holder eltdf-default-separator-image\" >\n\t\t\t<h2 class=\"eltdf-st-title\" style=\"color: #ffffff\">\n\t\t\t<span>Devenez partenaire<\/span>\n\t\t<\/h2>\n\t\t\t<\/div>[vc_column_text]<span style=\"color: #ffffff;\">Pour devenir partenaire, merci de remplir le formulaire. N&rsquo;h\u00e9sitez pas \u00e0 nous pr\u00e9senter dans le champ \u00ab\u00a0Votre\u00a0 message\u00a0\u00bb, les modalit\u00e9s que vous souhaitez pour ce partenariat.<\/span><\/p>\n<p><span style=\"color: #ffffff;\">Vous pouvez aussi nous contacter par<\/span><br \/>\n<span style=\"color: #ffffff;\">Tel : 06 17 06 52 82<\/span><br \/>\n<span style=\"color: #ffffff;\">Email : contact@juniorfritzjacquet.com<\/span><\/p>\n<p><span style=\"color: #ffffff;\">Lieu de l&rsquo;exposition<\/span><br \/>\n<span style=\"color: #ffffff;\">Espace Saint-Pierre des Minimes<\/span><br \/>\n<span style=\"color: #ffffff;\">Imp. Laly, 60200 Compi\u00e8gne<\/span>[\/vc_column_text][\/vc_column][vc_column width=\u00a0\u00bb1\/2&Prime; css=\u00a0\u00bb.vc_custom_1693857577506{padding-right: 60px !important;}\u00a0\u00bb]<div role=\"form\" class=\"wpcf7\" id=\"wpcf7-f29135-o1\" lang=\"fr-FR\" dir=\"ltr\">\n<div class=\"screen-reader-response\"><\/div>\n<form action=\"\/jfj\/wp-json\/wp\/v2\/pages\/30696#wpcf7-f29135-o1\" method=\"post\" class=\"wpcf7-form cf7_custom_style_1\" novalidate=\"novalidate\">\n<div style=\"display: none;\">\n<input type=\"hidden\" name=\"_wpcf7\" value=\"29135\" \/>\n<input type=\"hidden\" name=\"_wpcf7_version\" value=\"5.1.5\" \/>\n<input type=\"hidden\" name=\"_wpcf7_locale\" value=\"fr_FR\" \/>\n<input type=\"hidden\" name=\"_wpcf7_unit_tag\" value=\"wpcf7-f29135-o1\" \/>\n<input type=\"hidden\" name=\"_wpcf7_container_post\" value=\"0\" \/>\n<\/div>\n<div style=\"wdth:50%\">\n<label> Votre nom (obligatoire)<br \/>\n    <span class=\"wpcf7-form-control-wrap your-name\"><input type=\"text\" name=\"your-name\" value=\"\" size=\"40\" class=\"wpcf7-form-control wpcf7-text wpcf7-validates-as-required\" aria-required=\"true\" aria-invalid=\"false\" \/><\/span> <\/label><\/p>\n<p><label> Votre adresse de messagerie (obligatoire)<br \/>\n    <span class=\"wpcf7-form-control-wrap your-email\"><input type=\"email\" name=\"your-email\" value=\"\" size=\"40\" class=\"wpcf7-form-control wpcf7-text wpcf7-email wpcf7-validates-as-required wpcf7-validates-as-email\" aria-required=\"true\" aria-invalid=\"false\" \/><\/span> <\/label><\/p>\n<p><label> Objet<br \/>\n    <span class=\"wpcf7-form-control-wrap your-subject\"><input type=\"text\" name=\"your-subject\" value=\"\" size=\"40\" class=\"wpcf7-form-control wpcf7-text\" aria-invalid=\"false\" \/><\/span> <\/label><\/p>\n<p><label> Votre message<br \/>\n    <span class=\"wpcf7-form-control-wrap your-message\"><textarea name=\"your-message\" cols=\"40\" rows=\"10\" class=\"wpcf7-form-control wpcf7-textarea\" aria-invalid=\"false\"><\/textarea><\/span> <\/label><\/p>\n<p><input type=\"submit\" value=\"Envoyer\" class=\"wpcf7-form-control wpcf7-submit\" \/>\n<\/p><\/div>\n<div class=\"wpcf7-response-output wpcf7-display-none\"><\/div><\/form><\/div>[\/vc_column][\/vc_row]<\/p>\n","protected":false},"excerpt":{"rendered":"<p>[vc_row disable_background_image=\u00a0\u00bb\u00a0\u00bb css=\u00a0\u00bb.vc_custom_1695416767201{background-color: #fbfbfc !important;}\u00a0\u00bb][vc_column css=\u00a0\u00bb.vc_custom_1695416873334{padding-top: 0px !important;}\u00a0\u00bb][rev_slider_vc alias=\u00a0\u00bbSliderExpo1&Prime;][\/vc_column][\/vc_row][vc_row content_text_aligment=\u00a0\u00bbcenter\u00a0\u00bb disable_background_image=\u00a0\u00bb680&Prime; css=\u00a0\u00bb.vc_custom_1488285908498{padding-top: 63px !important;padding-bottom: 66px !important;background-image: url(http:\/\/koto.elated-themes.com\/wp-content\/uploads\/2017\/02\/h1-background-1.jpg?id=3682) !important;background-position: 0 0 !important;background-repeat: no-repeat !important;}\u00a0\u00bb][vc_column][vc_row_inner row_content_width=\u00a0\u00bbgrid\u00a0\u00bb disable_background_image=\u00a0\u00bb\u00a0\u00bb][vc_column_inner][vc_column_text] En tant que partenaire du Jardin d&rsquo;Eden, vous avez l&rsquo;opportunit\u00e9 de b\u00e9n\u00e9ficier d&rsquo;une visibilit\u00e9 consid\u00e9rable [&hellip;]<\/p>\n","protected":false},"author":1,"featured_media":0,"parent":3645,"menu_order":0,"comment_status":"closed","ping_status":"closed","template":"full-width.php","meta":{"footnotes":""},"class_list":["post-30696","page","type-page","status-publish","hentry"],"_links":{"self":[{"href":"https:\/\/juniorfritzjacquet.com\/jfj\/wp-json\/wp\/v2\/pages\/30696"}],"collection":[{"href":"https:\/\/juniorfritzjacquet.com\/jfj\/wp-json\/wp\/v2\/pages"}],"about":[{"href":"https:\/\/juniorfritzjacquet.com\/jfj\/wp-json\/wp\/v2\/types\/page"}],"author":[{"embeddable":true,"href":"https:\/\/juniorfritzjacquet.com\/jfj\/wp-json\/wp\/v2\/users\/1"}],"replies":[{"embeddable":true,"href":"https:\/\/juniorfritzjacquet.com\/jfj\/wp-json\/wp\/v2\/comments?post=30696"}],"version-history":[{"count":54,"href":"https:\/\/juniorfritzjacquet.com\/jfj\/wp-json\/wp\/v2\/pages\/30696\/revisions"}],"predecessor-version":[{"id":31438,"href":"https:\/\/juniorfritzjacquet.com\/jfj\/wp-json\/wp\/v2\/pages\/30696\/revisions\/31438"}],"up":[{"embeddable":true,"href":"https:\/\/juniorfritzjacquet.com\/jfj\/wp-json\/wp\/v2\/pages\/3645"}],"wp:attachment":[{"href":"https:\/\/juniorfritzjacquet.com\/jfj\/wp-json\/wp\/v2\/media?parent=30696"}],"curies":[{"name":"wp","href":"https:\/\/api.w.org\/{rel}","templated":true}]}}