{"id":29210,"date":"2019-12-08T17:51:11","date_gmt":"2019-12-08T16:51:11","guid":{"rendered":"https:\/\/juniorfritzjacquet.com\/jfj\/?page_id=29210"},"modified":"2019-12-08T18:13:28","modified_gmt":"2019-12-08T17:13:28","slug":"design","status":"publish","type":"page","link":"https:\/\/juniorfritzjacquet.com\/jfj\/design\/","title":{"rendered":"Design"},"content":{"rendered":"<div style=\"padding:20px;Width:100%;text-align:center\">\n<h2>Designs<\/h2>\n<p style=\"text-transform : uppercase; font-size:16px; font-weight:bold; padding-top:40px\">L\u00c9G\u00c8RET\u00c9, D\u00c9LICATESSE ET MYST\u00c8RE<\/p>\n<p>Les accessoires et sculptures lumineuses de la gamme Design de Junior Fritz Jacquet sont une invitation au ressourcement. Ils ont \u00e9t\u00e9 cr\u00e9\u00e9s avec le<br \/>\nsouhait de susciter des \u00e9motions qui touchent l\u2019imaginaire po\u00e9tique et inspirent le quotidien.<br \/>\nFait main, g r \u00e2 c e \u00e0 un travail unique de m\u00e9tamorphose rare du papier, chacun de ses mod\u00e8les joue avec les formes, les plis, le froissement de la mati\u00e8re, les ombres et la lumi\u00e8re.<br \/>\nR\u00e9alis\u00e9es \u00e0 partir de papier sulfuris\u00e9 (anti-feu) ou craft, ses cr\u00e9ations sont \u00e9co-design, \u00ab\u00a0Made in Paris\u00a0\u00bb, et elles ont \u00e9t\u00e9 prim\u00e9es par le label FABRIQU\u00c9 \u00c0 PARIS dans la cat\u00e9gorie \u00ab\u00a0Univers de la<br \/>\nmaison\u00a0\u00bb.<\/p>\n<div style=\"padding:0px;\">\n\t<img decoding=\"async\" src=\"https:\/\/juniorfritzjacquet.com\/jfj\/wp-content\/uploads\/2019\/12\/fabrique-a-paris.jpg\">\n<\/div>\n<h3>Sculptures lumineuses<\/h3>\n<p style=\"text-transform : uppercase; font-size:16px; font-weight:bold; padding-top:40px\">\n    LOTUS LAMPE &#038; LUSTRE &#8211; PLIAGE FROISSAGE MODELAGE &#8211; PAPIER SULFURIS\u00c9 LED<\/p>\n<div style=\"padding:0px;\">\n    \t<img decoding=\"async\" src=\"https:\/\/juniorfritzjacquet.com\/jfj\/wp-content\/uploads\/2019\/12\/design-lotus.jpg\" width=\"100%\" height=\"\">\n    <\/div>\n<p style=\"text-transform : uppercase; font-size:16px; font-weight:bold; padding-top:40px\">\n    CORALYS LAMPE &#038; LUSTRE &#8211; PLIAGE FROISSAGE MODELAGE &#8211; PAPIER SULFURIS\u00c9 LED<\/p>\n<div style=\"padding:0px;\">\n    <img decoding=\"async\" src=\"https:\/\/juniorfritzjacquet.com\/jfj\/wp-content\/uploads\/2019\/12\/design-CORALYS.jpg\" width=\"100%\" height=\"\">\n    <\/div>\n<p style=\"text-transform : uppercase; font-size:16px; font-weight:bold; padding-top:40px\">\n    CRYSALIS LAMPE &#038; LUSTRE &#8211; PLIAGE FROISSAGE MODELAGE &#8211; PAPIER SULFURIS\u00c9 LED<\/p>\n<div style=\"padding:0px;\">\n    <img decoding=\"async\" src=\"https:\/\/juniorfritzjacquet.com\/jfj\/wp-content\/uploads\/2019\/12\/design-CRYSALIS.jpg\" width=\"100%\" height=\"\">\n    <\/div>\n<p style=\"text-transform : uppercase; font-size:16px; font-weight:bold; padding-top:40px\">\n    CALDERA TABLEAU LUMINEUX &#8211; PLIAGE FROISSAGE MODELAGE &#8211; PAPIER SULFURIS\u00c9 LED BOIS LAQU\u00c9<\/p>\n<div style=\"padding:0px;\">\n    <img decoding=\"async\" src=\"https:\/\/juniorfritzjacquet.com\/jfj\/wp-content\/uploads\/2019\/12\/design-CALDERA.jpg\" width=\"100%\" height=\"\">\n    <\/div>\n<p style=\"text-transform : uppercase; font-size:16px; font-weight:bold; padding-top:40px\">\n    CIRRUS LUSTRE \/ MOBILE &#8211; PLIAGE FROISSAGE MODELAGE &#8211; PAPIER SULFURIS\u00c9 LED<\/p>\n<div style=\"padding:0px;\">\n    <img decoding=\"async\" src=\"https:\/\/juniorfritzjacquet.com\/jfj\/wp-content\/uploads\/2019\/12\/design-CIRRUS.jpg\" width=\"100%\" height=\"\">\n    <\/div>\n<p style=\"text-transform : uppercase; font-size:16px; font-weight:bold; padding-top:40px\">\n    MUE PLAFONNIER &#8211; PLIAGE FROISSAGE MODELAGE &#8211; PAPIER SULFURIS\u00c9 LED BOIS LAQU\u00c9<\/p>\n<div style=\"padding:0px;\">\n    <img decoding=\"async\" src=\"https:\/\/juniorfritzjacquet.com\/jfj\/wp-content\/uploads\/2019\/12\/design-MUE.jpg\" width=\"100%\" height=\"\">\n    <\/div>\n<h3>Accesoires d\u00e9coratifs<\/h3>\n<p style=\"text-transform : uppercase; font-size:16px; font-weight:bold; padding-top:40px\">\n    FEUILLES D\u2019HIVER \/ FEUILLES D\u2019AUTOMNE D\u00c9CORATION MURALE &#8211; PLIAGE FROISSAGE MODELAGE &#8211; &#8211; PAPIER SULFURIS\u00c9 \/ KRAFT ET AIMANT<\/p>\n<div style=\"padding:0px;\">\n    \t<img decoding=\"async\" src=\"https:\/\/juniorfritzjacquet.com\/jfj\/wp-content\/uploads\/2019\/12\/accessoire-FEUILLES-HIVER-AUTOMNE.jpg\" width=\"100%\" height=\"\">\n    <\/div>\n<p style=\"text-transform : uppercase; font-size:16px; font-weight:bold; padding-top:40px\">\n   PHOTOPHORES D\u00c9CORATION DE TABLE &#8211; PLIAGE FROISSAGE MODELAGE &#8211; PAPIER SULFURIS\u00c9 \/ SOIE<\/p>\n<div style=\"padding:0px;\">\n    \t<img decoding=\"async\" src=\"https:\/\/juniorfritzjacquet.com\/jfj\/wp-content\/uploads\/2019\/12\/accessoire-PHOTOPHORES.jpg\" width=\"100%\" height=\"\">\n    <\/div>\n<p style=\"text-transform : uppercase; font-size:16px; font-weight:bold; padding-top:40px\">\n   MAGIC TREE D\u00c9CORATIONS SUR PIED &#038; \u00c0 SUSPENDRE &#8211; PLIAGE FROISSAGE MODELAGE &#8211; PAPIER SULFURIS\u00c9<\/p>\n<div style=\"padding:0px;\">\n    \t<img decoding=\"async\" src=\"https:\/\/juniorfritzjacquet.com\/jfj\/wp-content\/uploads\/2019\/12\/accessoire-MAGIC-TREE.jpg\" width=\"100%\" height=\"\">\n    <\/div>\n<\/div>\n","protected":false},"excerpt":{"rendered":"<p>Designs L\u00c9G\u00c8RET\u00c9, D\u00c9LICATESSE ET MYST\u00c8RE Les accessoires et sculptures lumineuses de la gamme Design de Junior Fritz Jacquet sont une invitation au ressourcement. Ils ont \u00e9t\u00e9 cr\u00e9\u00e9s avec le souhait de susciter des \u00e9motions qui touchent l\u2019imaginaire po\u00e9tique et inspirent [&hellip;]<\/p>\n","protected":false},"author":1,"featured_media":0,"parent":0,"menu_order":0,"comment_status":"closed","ping_status":"closed","template":"","meta":{"footnotes":""},"class_list":["post-29210","page","type-page","status-publish","hentry"],"_links":{"self":[{"href":"https:\/\/juniorfritzjacquet.com\/jfj\/wp-json\/wp\/v2\/pages\/29210"}],"collection":[{"href":"https:\/\/juniorfritzjacquet.com\/jfj\/wp-json\/wp\/v2\/pages"}],"about":[{"href":"https:\/\/juniorfritzjacquet.com\/jfj\/wp-json\/wp\/v2\/types\/page"}],"author":[{"embeddable":true,"href":"https:\/\/juniorfritzjacquet.com\/jfj\/wp-json\/wp\/v2\/users\/1"}],"replies":[{"embeddable":true,"href":"https:\/\/juniorfritzjacquet.com\/jfj\/wp-json\/wp\/v2\/comments?post=29210"}],"version-history":[{"count":3,"href":"https:\/\/juniorfritzjacquet.com\/jfj\/wp-json\/wp\/v2\/pages\/29210\/revisions"}],"predecessor-version":[{"id":29224,"href":"https:\/\/juniorfritzjacquet.com\/jfj\/wp-json\/wp\/v2\/pages\/29210\/revisions\/29224"}],"wp:attachment":[{"href":"https:\/\/juniorfritzjacquet.com\/jfj\/wp-json\/wp\/v2\/media?parent=29210"}],"curies":[{"name":"wp","href":"https:\/\/api.w.org\/{rel}","templated":true}]}}