{"id":29139,"date":"2019-12-04T23:06:26","date_gmt":"2019-12-04T22:06:26","guid":{"rendered":"https:\/\/juniorfritzjacquet.com\/jfj\/?page_id=29139"},"modified":"2023-04-05T20:12:51","modified_gmt":"2023-04-05T18:12:51","slug":"marques-et-institutions","status":"publish","type":"page","link":"https:\/\/juniorfritzjacquet.com\/jfj\/marques-et-institutions\/","title":{"rendered":"Marques et institutions"},"content":{"rendered":"<div style=\"padding: 20px; width: 100%; text-align: center;\">\n<h2>Marques et institutions<\/h2>\n<h3>Collaborations<\/h3>\n<p style=\"text-transform: uppercase; font-size: 16px; font-weight: bold; padding-top: 40px;\">ENCHANTER &amp; S\u00c9DUIRE<\/p>\n<p>Port\u00e9 par l\u2019intuition et la curiosit\u00e9, Junior Fritz Jacquet apporte sa touche singuli\u00e8re \u00e0 une discipline qui conjugue souvent l\u2019art de l\u2019\u00e9ph\u00e9m\u00e8re,<br \/>\nle savoir-faire, le faire savoir et le divertissement.<br \/>\nLors de chacune de ses collaborations avec des Maisons de Luxe, des Marques ou encore des Institutions, il y inscrit sa propre qu\u00eate, toujours \u00e0<br \/>\nl\u2019\u00e9coute du client et de ses \u00ab\u00a0publics\u00a0\u00bb : mettre l\u2019Enchantement au service de l\u2019Art de S\u00e9duire.<\/p>\n<div style=\"padding: 0px;\"><img decoding=\"async\" src=\"https:\/\/juniorfritzjacquet.com\/jfj\/wp-content\/uploads\/2019\/12\/collaborations-jfj2.jpg\" width=\"100%\" height=\"\" \/><\/div>\n<h3>Projets<\/h3>\n<p style=\"text-transform: uppercase; font-size: 16px; font-weight: bold; padding-top: 40px;\"><a href=\"https:\/\/juniorfritzjacquet.com\/jfj\/lucid-motors\/\">Lucid, Voitures \u00e9lectriques de luxe &#8211; Lucid Motors en collaboration avec jfj sur le th\u00e8me du d\u00e9veloppement durable<\/a><\/p>\n<p><strong>Dans la cadre d\u2019un partenariat entre la galerie <a href=\"https:\/\/frenchartsfactory.paris\" target=\"_blank\" rel=\"noopener\">French Arts Factory<\/a> et <a href=\"https:\/\/www.lucidmotors.com\/\" target=\"_blank\" rel=\"noopener\">Lucid<\/a>, mon installation \u00ab \u00c9closion \u00bb a \u00e9t\u00e9 pr\u00e9sent\u00e9e du 11 au 26 mars 2023 cours de rive 10 \u00e0 Gen\u00e8ve.<\/strong><\/p>\n<p>Cr\u00e9ation d&rsquo;ambiance JFJ sur le th\u00e8me de la durabilit\u00e9 perceptible dans tous les aspects des activit\u00e9s de Lucid en tant que constructeur automobile.<\/p>\n<div style=\"padding: 0px;\"><a href=\"https:\/\/juniorfritzjacquet.com\/jfj\/lucid-motors\/\"><img loading=\"lazy\" decoding=\"async\" class=\"alignnone wp-image-30400 size-full\" src=\"https:\/\/juniorfritzjacquet.com\/jfj\/wp-content\/uploads\/2023\/03\/bandeau-modele-lucid2.jpg\" alt=\"\" width=\"1300\" height=\"608\" srcset=\"https:\/\/juniorfritzjacquet.com\/jfj\/wp-content\/uploads\/2023\/03\/bandeau-modele-lucid2.jpg 1300w, https:\/\/juniorfritzjacquet.com\/jfj\/wp-content\/uploads\/2023\/03\/bandeau-modele-lucid2-300x140.jpg 300w, https:\/\/juniorfritzjacquet.com\/jfj\/wp-content\/uploads\/2023\/03\/bandeau-modele-lucid2-768x359.jpg 768w, https:\/\/juniorfritzjacquet.com\/jfj\/wp-content\/uploads\/2023\/03\/bandeau-modele-lucid2-1024x479.jpg 1024w, https:\/\/juniorfritzjacquet.com\/jfj\/wp-content\/uploads\/2023\/03\/bandeau-modele-lucid2-200x94.jpg 200w, https:\/\/juniorfritzjacquet.com\/jfj\/wp-content\/uploads\/2023\/03\/bandeau-modele-lucid2-600x281.jpg 600w\" sizes=\"(max-width: 1300px) 100vw, 1300px\" \/><\/a><\/div>\n<p style=\"text-transform: uppercase; font-size: 16px; font-weight: bold; padding-top: 40px;\">Sac Phiori | cr\u00e9ation d&rsquo;un sac \u00e0 main luxe pour femme en collaboration avec la marque phi1618<\/p>\n<p>Produit en s\u00e9rie tr\u00e8s limit\u00e9e, ce sac a \u00e9t\u00e9 r\u00e9alis\u00e9 par un artisan maroquinier, un ma\u00eetre origamiste et un ma\u00eetre plisseur<\/p>\n<div style=\"padding: 0px;\"><a href=\"https:\/\/juniorfritzjacquet.com\/eshop\/fr\/accueil\/92-149-sac-phiori.html\"><img decoding=\"async\" class=\"alignnone size-full wp-image-29856\" src=\"https:\/\/juniorfritzjacquet.com\/jfj\/wp-content\/uploads\/2022\/02\/sac-phi1618.jpg\" alt=\"\" width=\"100%\" height=\"\" srcset=\"https:\/\/juniorfritzjacquet.com\/jfj\/wp-content\/uploads\/2022\/02\/sac-phi1618.jpg 1300w, https:\/\/juniorfritzjacquet.com\/jfj\/wp-content\/uploads\/2022\/02\/sac-phi1618-300x140.jpg 300w, https:\/\/juniorfritzjacquet.com\/jfj\/wp-content\/uploads\/2022\/02\/sac-phi1618-768x359.jpg 768w, https:\/\/juniorfritzjacquet.com\/jfj\/wp-content\/uploads\/2022\/02\/sac-phi1618-1024x479.jpg 1024w, https:\/\/juniorfritzjacquet.com\/jfj\/wp-content\/uploads\/2022\/02\/sac-phi1618-200x94.jpg 200w, https:\/\/juniorfritzjacquet.com\/jfj\/wp-content\/uploads\/2022\/02\/sac-phi1618-600x281.jpg 600w\" sizes=\"(max-width: 1300px) 100vw, 1300px\" \/><\/a><\/div>\n<p style=\"text-transform: uppercase; font-size: 16px; font-weight: bold; padding-top: 40px;\">Mobilier National | Manufacture des Gobelins, cr\u00e9ation d&rsquo;une installation dans le cadre de l&rsquo;exposition \u00ab\u00a0No\u00ebl aux Gobelins\u00a0\u00bb<\/p>\n<div style=\"padding: 0px;\"><img decoding=\"async\" src=\"https:\/\/juniorfritzjacquet.com\/jfj\/wp-content\/uploads\/2019\/12\/junior-fritz-jacquet-et-brigitte-macron.jpg\" width=\"100%\" height=\"\" \/><\/div>\n<p style=\"text-transform: uppercase; font-size: 16px; font-weight: bold; padding-top: 40px;\">Journ\u00e9es Europ\u00e9ennes du patrimoine, d\u00e9coration du bureau de la mairie de Paris \u00e0 l&rsquo;h\u00f4tel de ville<\/p>\n<div style=\"padding: 0px;\"><img decoding=\"async\" src=\"https:\/\/juniorfritzjacquet.com\/jfj\/wp-content\/uploads\/2019\/12\/junior-fritz-jacquet-journee-europeennes.jpg\" width=\"100%\" height=\"\" \/><\/div>\n<p style=\"text-transform: uppercase; font-size: 16px; font-weight: bold; padding-top: 40px;\">GUERLAIN cr\u00e9ation d&rsquo;accessoires pour les flacon de parfun \u00ab\u00a0MUGUET\u00a0\u00bb<\/p>\n<div style=\"padding: 0px;\"><img decoding=\"async\" src=\"https:\/\/juniorfritzjacquet.com\/jfj\/wp-content\/uploads\/2019\/12\/junior-fritz-jacquet-et-GUERLAIN.jpg\" width=\"100%\" height=\"\" \/><\/div>\n<p style=\"text-transform: uppercase; font-size: 16px; font-weight: bold; padding-top: 40px;\">REPETTO sc\u00e9nographie de vitrine, cr\u00e9ation et installation itin\u00e9rante \u00ab\u00a0Le lac des cygnes\u00a0\u00bb &#8211; Paris &amp; New York<\/p>\n<div style=\"padding: 0px;\"><img decoding=\"async\" src=\"https:\/\/juniorfritzjacquet.com\/jfj\/wp-content\/uploads\/2019\/12\/junior-fritz-jacquet-et-REPETTO.jpg\" width=\"100%\" height=\"\" \/><\/div>\n<p style=\"text-transform: uppercase; font-size: 16px; font-weight: bold; padding-top: 40px;\">L&rsquo;Or\u00e9al Gala, cr\u00e9ation et installation lumineuse sur pied &#8211; Ch\u00e2teau de Mandelei La Napoule<\/p>\n<div style=\"padding: 0px;\"><img decoding=\"async\" src=\"https:\/\/juniorfritzjacquet.com\/jfj\/wp-content\/uploads\/2019\/12\/junior-fritz-jacquet-L-OREAL-GALA.jpg\" width=\"100%\" height=\"\" \/><\/div>\n<p style=\"text-transform: uppercase; font-size: 16px; font-weight: bold; padding-top: 40px;\">Four Seasons george V Paris, cr\u00e9ation de travaux lumineux surencadrement Folding Miroir<\/p>\n<div style=\"padding: 0px;\"><img decoding=\"async\" src=\"https:\/\/juniorfritzjacquet.com\/jfj\/wp-content\/uploads\/2019\/12\/junior-fritz-jacquet-au-GEORGE-V-PARIS.jpg\" width=\"100%\" height=\"\" \/><\/div>\n<p style=\"text-transform: uppercase; font-size: 16px; font-weight: bold; padding-top: 40px;\">Intercontinental Marseille h\u00f4tel Dieu, cr\u00e9ation de sculptures en chocalat par le Chef P\u00e2tissier Yoan Dessarzin inspir\u00e9 de la s\u00e9rie \u00ab\u00a0MASQUES\u00a0\u00bb<\/p>\n<div style=\"padding: 0px;\"><img decoding=\"async\" src=\"https:\/\/juniorfritzjacquet.com\/jfj\/wp-content\/uploads\/2019\/12\/junior-fritz-jacquet-INTERCONTINENTAL-MARSEILLE.jpg\" width=\"100%\" height=\"\" \/><\/div>\n<p style=\"text-transform: uppercase; font-size: 16px; font-weight: bold; padding-top: 40px;\">Mairie de Paris, cr\u00e9ation de troph\u00e9es de l&rsquo;\u00e9conomie sociale et solidaire &#8211; Mairie de Paris &#8211; Aluminium &amp; Papier d&rsquo;Aluminium<\/p>\n<div style=\"padding: 0px;\"><img decoding=\"async\" src=\"https:\/\/juniorfritzjacquet.com\/jfj\/wp-content\/uploads\/2019\/12\/junior-fritz-jacquet-MAIRIE-DE-PARIS.jpg\" width=\"100%\" height=\"\" \/><\/div>\n<p style=\"text-transform: uppercase; font-size: 16px; font-weight: bold; padding-top: 40px;\">Les canaux &#8211; Maison des \u00e9conomies circulaires &amp; innovantes design d&rsquo;int\u00e9rieur &amp; cr\u00e9ation de sculptures lumineuses<\/p>\n<div style=\"padding: 0px;\"><img decoding=\"async\" src=\"https:\/\/juniorfritzjacquet.com\/jfj\/wp-content\/uploads\/2019\/12\/junior-fritz-jacquet-LES-CANAUX.jpg\" width=\"100%\" height=\"\" \/><\/div>\n<p style=\"text-transform: uppercase; font-size: 16px; font-weight: bold; padding-top: 40px;\">Syndicat National des Fabricants de sucre, design d&rsquo;int\u00e9rieur &amp; cr\u00e9ation de sculptures lumineuses<\/p>\n<div style=\"padding: 0px;\"><img decoding=\"async\" src=\"https:\/\/juniorfritzjacquet.com\/jfj\/wp-content\/uploads\/2019\/12\/junior-fritz-jacquet-et-SYNDICAT-NATIONAL-DES-FABRICANTS-DE-SUCRE.jpg\" width=\"100%\" height=\"\" \/><\/div>\n<p style=\"text-transform: uppercase; font-size: 16px; font-weight: bold; padding-top: 40px;\">Paroisse Saint-Antoine des quinze-vingts Paris sc\u00e9nographie et cr\u00e9ation monumentale d&rsquo;un d\u00e9cor de cr\u00e8che<\/p>\n<div style=\"padding: 0px;\"><img decoding=\"async\" src=\"https:\/\/juniorfritzjacquet.com\/jfj\/wp-content\/uploads\/2019\/12\/junior-fritz-jacquet-et-Paroisse-Saint-Antoine-Paris.jpg\" width=\"100%\" height=\"\" \/><\/div>\n<p style=\"text-transform: uppercase; font-size: 16px; font-weight: bold; padding-top: 40px;\">NISSAN cr\u00e9ation d&rsquo;animaux en Origami<\/p>\n<div style=\"padding: 0px;\"><img decoding=\"async\" src=\"https:\/\/juniorfritzjacquet.com\/jfj\/wp-content\/uploads\/2019\/12\/junior-fritz-jacquet-et-NISSAN.jpg\" width=\"100%\" height=\"\" \/><\/div>\n<p style=\"text-transform: uppercase; font-size: 16px; font-weight: bold; padding-top: 40px;\">Maison de Solenn don d&rsquo;une sculpture lumineuse pour vente aux ench\u00e8res caritative<\/p>\n<div style=\"padding: 0px;\"><img decoding=\"async\" src=\"https:\/\/juniorfritzjacquet.com\/jfj\/wp-content\/uploads\/2019\/12\/junior-fritz-jacquet-et-MAISON-DE-SOLENN.jpg\" width=\"100%\" height=\"\" \/><\/div>\n<\/div>\n","protected":false},"excerpt":{"rendered":"<p>Marques et institutions Collaborations ENCHANTER &amp; S\u00c9DUIRE Port\u00e9 par l\u2019intuition et la curiosit\u00e9, Junior Fritz Jacquet apporte sa touche singuli\u00e8re \u00e0 une discipline qui conjugue souvent l\u2019art de l\u2019\u00e9ph\u00e9m\u00e8re, le savoir-faire, le faire savoir et le divertissement. Lors de chacune [&hellip;]<\/p>\n","protected":false},"author":1,"featured_media":0,"parent":0,"menu_order":0,"comment_status":"closed","ping_status":"closed","template":"","meta":{"footnotes":""},"class_list":["post-29139","page","type-page","status-publish","hentry"],"_links":{"self":[{"href":"https:\/\/juniorfritzjacquet.com\/jfj\/wp-json\/wp\/v2\/pages\/29139"}],"collection":[{"href":"https:\/\/juniorfritzjacquet.com\/jfj\/wp-json\/wp\/v2\/pages"}],"about":[{"href":"https:\/\/juniorfritzjacquet.com\/jfj\/wp-json\/wp\/v2\/types\/page"}],"author":[{"embeddable":true,"href":"https:\/\/juniorfritzjacquet.com\/jfj\/wp-json\/wp\/v2\/users\/1"}],"replies":[{"embeddable":true,"href":"https:\/\/juniorfritzjacquet.com\/jfj\/wp-json\/wp\/v2\/comments?post=29139"}],"version-history":[{"count":46,"href":"https:\/\/juniorfritzjacquet.com\/jfj\/wp-json\/wp\/v2\/pages\/29139\/revisions"}],"predecessor-version":[{"id":30523,"href":"https:\/\/juniorfritzjacquet.com\/jfj\/wp-json\/wp\/v2\/pages\/29139\/revisions\/30523"}],"wp:attachment":[{"href":"https:\/\/juniorfritzjacquet.com\/jfj\/wp-json\/wp\/v2\/media?parent=29139"}],"curies":[{"name":"wp","href":"https:\/\/api.w.org\/{rel}","templated":true}]}}