{"id":1190,"date":"2017-01-04T06:59:13","date_gmt":"2017-01-04T06:59:13","guid":{"rendered":"http:\/\/demo.agnidesigns.com\/fortune\/demo12\/?page_id=88"},"modified":"2020-04-06T23:13:01","modified_gmt":"2020-04-06T21:13:01","slug":"sculptures","status":"publish","type":"page","link":"https:\/\/juniorfritzjacquet.com\/jfj\/sculptures\/","title":{"rendered":"Sculptures"},"content":{"rendered":"<div style=\"padding:20px;Width:100%;text-align:center\">\n<h2>SCULPTURES<\/h2>\n<h3>L&rsquo;humain et la Nature<\/h3>\n<p>L\u2019Humain et la Nature sont au coeur du travail de Junior Fritz Jacquet que l\u2019on retrouve dans ses installations et ses principales s\u00e9ries dont :<br \/>\nLes Masques, Bonhomme Cannelle et Les V\u00e9g\u00e9tales.<\/p>\n<p>En sculptant ces symboles simples, propres \u00e0 l\u2019humain dans sa dimension universelle, il nous donne \u00e0 voir la po\u00e9sie des \u00e9l\u00e9ments et nous dit la vie et les origines.<\/p>\n<p>Les Masques repr\u00e9sentent des visages tous tr\u00e8s expressifs et singuliers. Leur aspect terreux est accentu\u00e9 par quelques touches color\u00e9es de pigments naturels qui<br \/>\nconf\u00e8rent au papier une apparence m\u00e9tallique.<\/p>\n<p>Le Bonhomme Cannelle, oeuvre embl\u00e9matique du Sculpteur, est un \u00eatre myst\u00e9rieux sans visage dont les \u00e9motions sont r\u00e9v\u00e9l\u00e9es par le corps.<br \/>\nLa l\u00e9g\u00e8ret\u00e9 du personnage contraste avec la solidit\u00e9 de sa plastique. Par cette s\u00e9rie, l\u2019artiste rend hommage \u00e0 ses racines. <\/p>\n<p>Les V\u00e9g\u00e9tales, comme une ode \u00e0 la nature, rassemble une collection riche de sculptures complexes qui ram\u00e8nent le papier \u00e0 son origine.<\/p>\n<h3>Les masques<\/h3>\n<p style=\"text-transform : uppercase; font-size:16px; font-weight:bold; padding-top:40px\">\n    Masques \u2013 Pliage Modelage \u2013 Carton pigments naturels<\/p>\n<div style=\"padding:0px;\">\n      <img decoding=\"async\" src=\"https:\/\/juniorfritzjacquet.com\/jfj\/wp-content\/uploads\/2020\/04\/masque1.jpg\" width=\"100%\" height=\"\">\n    <\/div>\n<p style=\"text-transform : uppercase; font-size:16px; font-weight:bold; padding-top:40px\">\n    Masques \u2013 Pliage Modelage \u2013 Carton pigments naturels<\/p>\n<div style=\"padding:0px;\">\n      <img decoding=\"async\" src=\"https:\/\/juniorfritzjacquet.com\/jfj\/wp-content\/uploads\/2020\/04\/masque2.jpg\" width=\"100%\" height=\"\">\n    <\/div>\n<p style=\"text-transform : uppercase; font-size:16px; font-weight:bold; padding-top:40px\">\n    Masques \u2013 Pliage Modelage \u2013 Carton pigments naturels<\/p>\n<div style=\"padding:0px;\">\n      <img decoding=\"async\" src=\"https:\/\/juniorfritzjacquet.com\/jfj\/wp-content\/uploads\/2020\/04\/masque3.jpg\" width=\"100%\" height=\"\">\n    <\/div>\n<p style=\"text-transform : uppercase; font-size:16px; font-weight:bold; padding-top:40px\">\n    Masques \u2013 Pliage Modelage \u2013 Carton pigments naturels<\/p>\n<div style=\"padding:0px;\">\n      <img decoding=\"async\" src=\"https:\/\/juniorfritzjacquet.com\/jfj\/wp-content\/uploads\/2020\/04\/masque4.jpg\" width=\"100%\" height=\"\">\n    <\/div>\n<p style=\"text-transform : uppercase; font-size:16px; font-weight:bold; padding-top:40px\">\n    Masques \u2013 Pliage Modelage \u2013 Carton pigments naturels<\/p>\n<div style=\"padding:0px;\">\n    \t<img decoding=\"async\" src=\"https:\/\/juniorfritzjacquet.com\/jfj\/wp-content\/uploads\/2020\/03\/masques-junior-fritz-jacquet.jpg\" width=\"100%\" height=\"\">\n    <\/div>\n<p style=\"text-transform : uppercase; font-size:16px; font-weight:bold; padding-top:40px\">\n    Le sac ou la vie \u2013 Pliage Modelage \u2013 Craft<\/p>\n<div style=\"padding:0px;\">\n    <img decoding=\"async\" src=\"https:\/\/juniorfritzjacquet.com\/jfj\/wp-content\/uploads\/2020\/03\/masques-sac-junior-fritz-jacquet.jpg\" width=\"100%\" height=\"\">\n    <\/div>\n<h3>Statues<\/h3>\n<p style=\"text-transform : uppercase; font-size:16px; font-weight:bold; padding-top:40px\">\n    Bonhomme Cannelle \u2013 Pliage Modelage \u2013 Carton pigments naturels<\/p>\n<div style=\"padding:0px;\">\n    \t<img decoding=\"async\" src=\"https:\/\/juniorfritzjacquet.com\/jfj\/wp-content\/uploads\/2020\/03\/statut-bonhomme-canelle-junior-fritz-jacquet.jpg\" width=\"100%\" height=\"\">\n    <\/div>\n<p style=\"text-transform : uppercase; font-size:16px; font-weight:bold; padding-top:40px\">\n    Vertiges \u2013 Pliage Modelage \u2013 Craft pigments naturels<\/p>\n<div style=\"padding:0px;\">\n    <img decoding=\"async\" src=\"https:\/\/juniorfritzjacquet.com\/jfj\/wp-content\/uploads\/2020\/03\/statut-Vertiges-junior-fritz-jacquet.jpg\" width=\"100%\" height=\"\">\n    <\/div>\n<\/div>\n","protected":false},"excerpt":{"rendered":"<p>SCULPTURES L&rsquo;humain et la Nature L\u2019Humain et la Nature sont au coeur du travail de Junior Fritz Jacquet que l\u2019on retrouve dans ses installations et ses principales s\u00e9ries dont : Les Masques, Bonhomme Cannelle et Les V\u00e9g\u00e9tales. En sculptant ces [&hellip;]<\/p>\n","protected":false},"author":1,"featured_media":0,"parent":0,"menu_order":0,"comment_status":"closed","ping_status":"closed","template":"","meta":{"footnotes":""},"class_list":["post-1190","page","type-page","status-publish","hentry"],"_links":{"self":[{"href":"https:\/\/juniorfritzjacquet.com\/jfj\/wp-json\/wp\/v2\/pages\/1190"}],"collection":[{"href":"https:\/\/juniorfritzjacquet.com\/jfj\/wp-json\/wp\/v2\/pages"}],"about":[{"href":"https:\/\/juniorfritzjacquet.com\/jfj\/wp-json\/wp\/v2\/types\/page"}],"author":[{"embeddable":true,"href":"https:\/\/juniorfritzjacquet.com\/jfj\/wp-json\/wp\/v2\/users\/1"}],"replies":[{"embeddable":true,"href":"https:\/\/juniorfritzjacquet.com\/jfj\/wp-json\/wp\/v2\/comments?post=1190"}],"version-history":[{"count":3,"href":"https:\/\/juniorfritzjacquet.com\/jfj\/wp-json\/wp\/v2\/pages\/1190\/revisions"}],"predecessor-version":[{"id":29250,"href":"https:\/\/juniorfritzjacquet.com\/jfj\/wp-json\/wp\/v2\/pages\/1190\/revisions\/29250"}],"wp:attachment":[{"href":"https:\/\/juniorfritzjacquet.com\/jfj\/wp-json\/wp\/v2\/media?parent=1190"}],"curies":[{"name":"wp","href":"https:\/\/api.w.org\/{rel}","templated":true}]}}